{"id":57,"date":"2018-12-17T13:54:19","date_gmt":"2018-12-17T11:54:19","guid":{"rendered":"http:\/\/blogs2.abo.fi\/svenskansbeskrivning37\/?page_id=57"},"modified":"2018-12-17T13:55:33","modified_gmt":"2018-12-17T11:55:33","slug":"boende","status":"publish","type":"page","link":"https:\/\/blogs2.abo.fi\/svenskansbeskrivning37\/boende\/","title":{"rendered":"Boende"},"content":{"rendered":"<p>Det finns flera hotell p\u00e5 promenadavst\u00e5nd fr\u00e5n konferensen (Fabriksgatan 2). De hotell som vi kommit \u00f6verens om konferenskvoter med \u00e4r:<\/p>\n<p><strong>Park Hotel Turku<\/strong>, Fredsgatan 1<br \/>\nRum tillg\u00e4ngliga 8-10\/5 till f\u00f6ljande priser: enkelrum 102 \u20ac\/dygn, dubbelrum 136\u00a0\u20ac\/dygn. Boka g\u00e4rna senast 26\/4. Mejl: info@parkhotelturku.fi. Bokningskod: Svenskans beskrivning 37.<\/p>\n<p><strong>Centro Hotel<\/strong>, Universitetsgatan 12a<br \/>\nRum tillg\u00e4ngliga 8-10\/5 till f\u00f6ljande priser: enkelrum 102 \u20ac\/dygn, dubbelrum 119\u00a0\u20ac\/dygn. Boka g\u00e4rna senast 8\/4. Mejl: centro@centrohotel.com. Bokningskod: Svebe37.<\/p>\n<p><strong>Original Sokos Hotel Hamburger B\u00f6rs<\/strong>, K\u00f6pmansgatan 6<br \/>\nRum tillg\u00e4ngliga 7-10\/5 till f\u00f6ljande priser: enkelrum 104 \u20ac\/dygn, dubbelrum 144\u00a0\u20ac\/dygn. Boka senast 16\/4. Mejl: sokos.hotels@sok.fi. Bokningskod: Svebe.<\/p>\n<p><strong>Scandic Julia<\/strong>, Eriksgatan 4<br \/>\nRum tillg\u00e4ngliga 8-10\/5 till f\u00f6ljande priser: enkelrum 112 \u20ac\/dygn, dubbelrum 132\u20ac\/dygn. Mejl: julia@scandichotels.com. Svenskans beskrivning 37.<\/p>\n<p><strong>Scandic Plaza<\/strong>, Universitetsgatan 29<br \/>\nRum tillg\u00e4ngliga 8-10\/5 till f\u00f6ljande priser: enkelrum 112 \u20ac\/dygn, dubbelrum 132\u20ac\/dygn. Mejl: plaza.turku@scandichotels.com. Bokningskod: Svenskans beskrivning 37.<\/p>\n<p>F\u00f6rm\u00e5nligare inkvartering erbjuds bl.a. av:<\/p>\n<ul>\n<li><strong>Birgittasystrarnas g\u00e4sthem<\/strong>, Ursinsgatan 15a. Kolla receptionstider och bokningsvillkor p\u00e5 webbplatsen: http:\/\/www.kolumbus.fi\/birgitta.turku\/index.se.htm<\/li>\n<li><strong>Omena Hotel Turku<\/strong>, Humleg\u00e5rdsgatan 7. Obs! Obemannat hotell, utan personal och frukost.<\/li>\n<\/ul>\n","protected":false},"excerpt":{"rendered":"<p>Det finns flera hotell p\u00e5 promenadavst\u00e5nd fr\u00e5n konferensen (Fabriksgatan 2). De hotell som vi kommit \u00f6verens om konferenskvoter med \u00e4r: Park Hotel Turku, Fredsgatan 1 Rum tillg\u00e4ngliga 8-10\/5 till f\u00f6ljande priser: enkelrum 102 \u20ac\/dygn, dubbelrum 136\u00a0\u20ac\/dygn. Boka g\u00e4rna senast 26\/4. &hellip; <a href=\"https:\/\/blogs2.abo.fi\/svenskansbeskrivning37\/boende\/\">Forts\u00e4tt l\u00e4sa <span class=\"meta-nav\">&rarr;<\/span><\/a><\/p>\n","protected":false},"author":426,"featured_media":0,"parent":0,"menu_order":0,"comment_status":"closed","ping_status":"closed","template":"","meta":{"footnotes":""},"class_list":["post-57","page","type-page","status-publish","hentry"],"_links":{"self":[{"href":"https:\/\/blogs2.abo.fi\/svenskansbeskrivning37\/wp-json\/wp\/v2\/pages\/57","targetHints":{"allow":["GET"]}}],"collection":[{"href":"https:\/\/blogs2.abo.fi\/svenskansbeskrivning37\/wp-json\/wp\/v2\/pages"}],"about":[{"href":"https:\/\/blogs2.abo.fi\/svenskansbeskrivning37\/wp-json\/wp\/v2\/types\/page"}],"author":[{"embeddable":true,"href":"https:\/\/blogs2.abo.fi\/svenskansbeskrivning37\/wp-json\/wp\/v2\/users\/426"}],"replies":[{"embeddable":true,"href":"https:\/\/blogs2.abo.fi\/svenskansbeskrivning37\/wp-json\/wp\/v2\/comments?post=57"}],"version-history":[{"count":2,"href":"https:\/\/blogs2.abo.fi\/svenskansbeskrivning37\/wp-json\/wp\/v2\/pages\/57\/revisions"}],"predecessor-version":[{"id":60,"href":"https:\/\/blogs2.abo.fi\/svenskansbeskrivning37\/wp-json\/wp\/v2\/pages\/57\/revisions\/60"}],"wp:attachment":[{"href":"https:\/\/blogs2.abo.fi\/svenskansbeskrivning37\/wp-json\/wp\/v2\/media?parent=57"}],"curies":[{"name":"wp","href":"https:\/\/api.w.org\/{rel}","templated":true}]}}