{"id":12,"date":"2018-10-02T14:50:02","date_gmt":"2018-10-02T11:50:02","guid":{"rendered":"http:\/\/blogs2.abo.fi\/svenskansbeskrivning37\/?page_id=12"},"modified":"2018-12-17T14:19:59","modified_gmt":"2018-12-17T12:19:59","slug":"praktiskt","status":"publish","type":"page","link":"https:\/\/blogs2.abo.fi\/svenskansbeskrivning37\/praktiskt\/","title":{"rendered":"Praktiskt"},"content":{"rendered":"<p>Under menyn \u201dPraktiskt\u201d samlar vi information om hur du hittar till konferensen, var du kan bo i \u00c5bo (f\u00f6rbokade hotell), vilka anvisningar som g\u00e4ller f\u00f6r f\u00f6redragsh\u00e5llare m.m.<\/p>\n","protected":false},"excerpt":{"rendered":"<p>Under menyn \u201dPraktiskt\u201d samlar vi information om hur du hittar till konferensen, var du kan bo i \u00c5bo (f\u00f6rbokade hotell), vilka anvisningar som g\u00e4ller f\u00f6r f\u00f6redragsh\u00e5llare m.m.<\/p>\n","protected":false},"author":426,"featured_media":0,"parent":0,"menu_order":0,"comment_status":"closed","ping_status":"closed","template":"","meta":{"footnotes":""},"class_list":["post-12","page","type-page","status-publish","hentry"],"_links":{"self":[{"href":"https:\/\/blogs2.abo.fi\/svenskansbeskrivning37\/wp-json\/wp\/v2\/pages\/12","targetHints":{"allow":["GET"]}}],"collection":[{"href":"https:\/\/blogs2.abo.fi\/svenskansbeskrivning37\/wp-json\/wp\/v2\/pages"}],"about":[{"href":"https:\/\/blogs2.abo.fi\/svenskansbeskrivning37\/wp-json\/wp\/v2\/types\/page"}],"author":[{"embeddable":true,"href":"https:\/\/blogs2.abo.fi\/svenskansbeskrivning37\/wp-json\/wp\/v2\/users\/426"}],"replies":[{"embeddable":true,"href":"https:\/\/blogs2.abo.fi\/svenskansbeskrivning37\/wp-json\/wp\/v2\/comments?post=12"}],"version-history":[{"count":3,"href":"https:\/\/blogs2.abo.fi\/svenskansbeskrivning37\/wp-json\/wp\/v2\/pages\/12\/revisions"}],"predecessor-version":[{"id":64,"href":"https:\/\/blogs2.abo.fi\/svenskansbeskrivning37\/wp-json\/wp\/v2\/pages\/12\/revisions\/64"}],"wp:attachment":[{"href":"https:\/\/blogs2.abo.fi\/svenskansbeskrivning37\/wp-json\/wp\/v2\/media?parent=12"}],"curies":[{"name":"wp","href":"https:\/\/api.w.org\/{rel}","templated":true}]}}