{"id":10,"date":"2018-10-02T14:47:35","date_gmt":"2018-10-02T11:47:35","guid":{"rendered":"http:\/\/blogs2.abo.fi\/svenskansbeskrivning37\/?page_id=10"},"modified":"2019-05-06T17:06:30","modified_gmt":"2019-05-06T14:06:30","slug":"abstrakt","status":"publish","type":"page","link":"https:\/\/blogs2.abo.fi\/svenskansbeskrivning37\/abstrakt\/","title":{"rendered":"Abstrakt"},"content":{"rendered":"<p>Abstrakt till plenarf\u00f6redrag, sektionsf\u00f6redrag och posterpresentationer finns samlade i ett pdf-dokument h\u00e4r: <a href=\"http:\/\/blogs2.abo.fi\/svenskansbeskrivning37\/wp-content\/uploads\/sites\/106\/2019\/05\/Abstrakt_Svebe37_slutlig2_med-headers.pdf\">Abstrakt_Svebe37<\/a><\/p>\n<p>Observera att inget abstrakth\u00e4fte i pappersform delas ut till deltagarna.<\/p>\n","protected":false},"excerpt":{"rendered":"<p>Abstrakt till plenarf\u00f6redrag, sektionsf\u00f6redrag och posterpresentationer finns samlade i ett pdf-dokument h\u00e4r: Abstrakt_Svebe37 Observera att inget abstrakth\u00e4fte i pappersform delas ut till deltagarna.<\/p>\n","protected":false},"author":426,"featured_media":0,"parent":0,"menu_order":0,"comment_status":"closed","ping_status":"closed","template":"","meta":{"footnotes":""},"class_list":["post-10","page","type-page","status-publish","hentry"],"_links":{"self":[{"href":"https:\/\/blogs2.abo.fi\/svenskansbeskrivning37\/wp-json\/wp\/v2\/pages\/10","targetHints":{"allow":["GET"]}}],"collection":[{"href":"https:\/\/blogs2.abo.fi\/svenskansbeskrivning37\/wp-json\/wp\/v2\/pages"}],"about":[{"href":"https:\/\/blogs2.abo.fi\/svenskansbeskrivning37\/wp-json\/wp\/v2\/types\/page"}],"author":[{"embeddable":true,"href":"https:\/\/blogs2.abo.fi\/svenskansbeskrivning37\/wp-json\/wp\/v2\/users\/426"}],"replies":[{"embeddable":true,"href":"https:\/\/blogs2.abo.fi\/svenskansbeskrivning37\/wp-json\/wp\/v2\/comments?post=10"}],"version-history":[{"count":9,"href":"https:\/\/blogs2.abo.fi\/svenskansbeskrivning37\/wp-json\/wp\/v2\/pages\/10\/revisions"}],"predecessor-version":[{"id":130,"href":"https:\/\/blogs2.abo.fi\/svenskansbeskrivning37\/wp-json\/wp\/v2\/pages\/10\/revisions\/130"}],"wp:attachment":[{"href":"https:\/\/blogs2.abo.fi\/svenskansbeskrivning37\/wp-json\/wp\/v2\/media?parent=10"}],"curies":[{"name":"wp","href":"https:\/\/api.w.org\/{rel}","templated":true}]}}