{"id":97,"date":"2021-08-16T09:17:13","date_gmt":"2021-08-16T09:17:13","guid":{"rendered":"https:\/\/blogs2.abo.fi\/studieorientering-fhpt\/?page_id=97"},"modified":"2025-08-12T08:41:30","modified_gmt":"2025-08-12T08:41:30","slug":"tirsdagsprak","status":"publish","type":"page","link":"https:\/\/blogs2.abo.fi\/studieorientering-fhpt\/tirsdagsprak\/","title":{"rendered":"Tisdag"},"content":{"rendered":"<p>&nbsp;<\/p>\n<table style=\"font-size: 15px\">\n<tbody>\n<tr>\n<td width=\"104\">8.15-10<\/td>\n<td width=\"378\"><strong><span class=\"TextRun SCXW127100204 BCX9\" lang=\"SV-FI\" xml:lang=\"SV-FI\" data-contrast=\"auto\"><span class=\"NormalTextRun SCXW127100204 BCX9\" data-ccp-charstyle=\"normaltextrun\" data-ccp-charstyle-defn=\"{&quot;ObjectId&quot;:&quot;e169c71a-15e8-44f1-9aef-8e4a51087d4b|140&quot;,&quot;ClassId&quot;:1073872969,&quot;Properties&quot;:[469775450,&quot;normaltextrun&quot;,201340122,&quot;1&quot;,134233614,&quot;true&quot;,469778129,&quot;normaltextrun&quot;,335572020,&quot;1&quot;,469778324,&quot;Default Paragraph Font&quot;]}\">Niv\u00e5test f\u00f6r \u00e4mnena franska, ryska och tyska f\u00f6r huvud- och bi\u00e4mnesstuderande<br \/>\n<\/span><\/span><\/strong><strong><strong><span class=\"TextRun SCXW127100204 BCX9\" lang=\"SV-FI\" xml:lang=\"SV-FI\" data-contrast=\"auto\"><span class=\"NormalTextRun SCXW127100204 BCX9\" data-ccp-charstyle=\"normaltextrun\" data-ccp-charstyle-defn=\"{&quot;ObjectId&quot;:&quot;e169c71a-15e8-44f1-9aef-8e4a51087d4b|140&quot;,&quot;ClassId&quot;:1073872969,&quot;Properties&quot;:[469775450,&quot;normaltextrun&quot;,201340122,&quot;1&quot;,134233614,&quot;true&quot;,469778129,&quot;normaltextrun&quot;,335572020,&quot;1&quot;,469778324,&quot;Default Paragraph Font&quot;]}\"><br \/>\n<\/span><\/span><\/strong><\/strong><span class=\"TextRun SCXW127100204 BCX9\" lang=\"SV-FI\" xml:lang=\"SV-FI\" data-contrast=\"auto\"><span class=\"NormalTextRun SCXW127100204 BCX9\" data-ccp-charstyle=\"normaltextrun\" data-ccp-charstyle-defn=\"{&quot;ObjectId&quot;:&quot;e169c71a-15e8-44f1-9aef-8e4a51087d4b|140&quot;,&quot;ClassId&quot;:1073872969,&quot;Properties&quot;:[469775450,&quot;normaltextrun&quot;,201340122,&quot;1&quot;,134233614,&quot;true&quot;,469778129,&quot;normaltextrun&quot;,335572020,&quot;1&quot;,469778324,&quot;Default Paragraph Font&quot;]}\">Tyska: ASA B123 Galvani PC-klass<br \/>\nRyska och franska: Arken M128 Saussure<br \/>\n<\/span><\/span><\/td>\n<td width=\"119\"><\/td>\n<\/tr>\n<tr>\n<td width=\"104\">11:00-11.30<\/td>\n<td width=\"378\"><strong>Information om olika inriktningar: allm\u00e4n inriktning, spr\u00e5k och ekonomi samt l\u00e4rarinriktning<br \/>\n<\/strong>Studiev\u00e4gledare Dennis Enberg<strong><br \/>\n<\/strong><\/td>\n<td width=\"119\">Aud. A202 Helikon, Arken<\/td>\n<\/tr>\n<tr>\n<td width=\"104\">11:30<\/td>\n<td style=\"text-align: center\" width=\"378\"><strong>Lunch<\/strong><\/td>\n<td width=\"119\"><\/td>\n<\/tr>\n<tr>\n<td width=\"104\">13:00<\/td>\n<td width=\"378\"><strong>F\u00f6rel\u00e4sning f\u00f6r alla gulisar: &#8221;Inkluderande arbetss\u00e4tt. Studieliv och arbetsliv&#8221;<br \/>\n<\/strong><span class=\"ui-provider a b c d e f g h i j k l m n o p q r s t u v w x y z ab ac ae af ag ah ai aj ak\" dir=\"ltr\">J\u00fcrgen Ross<\/span>, projektledare, Ekvalita<\/td>\n<td width=\"119\">Aud. A102 Armfelt, Arken<\/td>\n<\/tr>\n<tr>\n<td width=\"104\">14:30-15:00<\/td>\n<td width=\"378\"><strong><span class=\"TextRun SCXW54493562 BCX9\" lang=\"SV-FI\" xml:lang=\"SV-FI\" data-contrast=\"auto\"><span class=\"NormalTextRun SCXW54493562 BCX9\" data-ccp-parastyle=\"No Spacing\">Institutionens st\u00f6rsta studentf\u00f6reningar presenterar sig <\/span><\/span><\/strong><span class=\"EOP SCXW54493562 BCX9\" data-ccp-props=\"{&quot;201341983&quot;:0,&quot;335559739&quot;:0,&quot;335559740&quot;:240}\"><br \/>\n<span class=\"TextRun SCXW180975876 BCX9\" lang=\"SV-FI\" xml:lang=\"SV-FI\" data-contrast=\"auto\"><span class=\"NormalTextRun SCXW180975876 BCX9\" data-ccp-parastyle=\"No Spacing\"><span class=\"EOP SCXW210226316 BCX9\" data-ccp-props=\"{&quot;201341983&quot;:0,&quot;335559739&quot;:0,&quot;335559740&quot;:240}\">Humanistiska F\u00f6reningen, Teologiska studentf\u00f6reningen, Impuls, Vocalis, Lingua Franca<br \/>\n<\/span><\/span><\/span><\/span><\/td>\n<td width=\"119\">Aud. A102 Armfelt, Arken<\/td>\n<\/tr>\n<tr>\n<td width=\"104\">15:00-<\/td>\n<td width=\"378\"><strong>Institutionens specialf\u00f6reningar presenterar sig i aulan utanf\u00f6r Armfelt<\/strong><\/td>\n<td width=\"119\">\u00a0Arkens aula<\/td>\n<\/tr>\n<\/tbody>\n<\/table>\n","protected":false},"excerpt":{"rendered":"<p>&nbsp; 8.15-10 Niv\u00e5test f\u00f6r \u00e4mnena franska, ryska och tyska f\u00f6r huvud- och bi\u00e4mnesstuderande Tyska: ASA B123 Galvani PC-klass Ryska och franska: Arken M128 Saussure 11:00-11.30 Information om olika inriktningar: allm\u00e4n inriktning, spr\u00e5k och ekonomi samt l\u00e4rarinriktning Studiev\u00e4gledare Dennis Enberg Aud. &hellip; <a href=\"https:\/\/blogs2.abo.fi\/studieorientering-fhpt\/tirsdagsprak\/\">Forts\u00e4tt l\u00e4sa <span class=\"meta-nav\">&rarr;<\/span><\/a><\/p>\n","protected":false},"author":482,"featured_media":0,"parent":0,"menu_order":0,"comment_status":"closed","ping_status":"closed","template":"","meta":{"footnotes":""},"class_list":["post-97","page","type-page","status-publish","hentry"],"_links":{"self":[{"href":"https:\/\/blogs2.abo.fi\/studieorientering-fhpt\/wp-json\/wp\/v2\/pages\/97","targetHints":{"allow":["GET"]}}],"collection":[{"href":"https:\/\/blogs2.abo.fi\/studieorientering-fhpt\/wp-json\/wp\/v2\/pages"}],"about":[{"href":"https:\/\/blogs2.abo.fi\/studieorientering-fhpt\/wp-json\/wp\/v2\/types\/page"}],"author":[{"embeddable":true,"href":"https:\/\/blogs2.abo.fi\/studieorientering-fhpt\/wp-json\/wp\/v2\/users\/482"}],"replies":[{"embeddable":true,"href":"https:\/\/blogs2.abo.fi\/studieorientering-fhpt\/wp-json\/wp\/v2\/comments?post=97"}],"version-history":[{"count":36,"href":"https:\/\/blogs2.abo.fi\/studieorientering-fhpt\/wp-json\/wp\/v2\/pages\/97\/revisions"}],"predecessor-version":[{"id":1754,"href":"https:\/\/blogs2.abo.fi\/studieorientering-fhpt\/wp-json\/wp\/v2\/pages\/97\/revisions\/1754"}],"wp:attachment":[{"href":"https:\/\/blogs2.abo.fi\/studieorientering-fhpt\/wp-json\/wp\/v2\/media?parent=97"}],"curies":[{"name":"wp","href":"https:\/\/api.w.org\/{rel}","templated":true}]}}