{"id":87,"date":"2021-08-16T09:14:52","date_gmt":"2021-08-16T09:14:52","guid":{"rendered":"https:\/\/blogs2.abo.fi\/studieorientering-fhpt\/?page_id=87"},"modified":"2025-08-08T07:51:24","modified_gmt":"2025-08-08T07:51:24","slug":"viktiginfopsykologi","status":"publish","type":"page","link":"https:\/\/blogs2.abo.fi\/studieorientering-fhpt\/viktiginfopsykologi\/","title":{"rendered":"Viktig info"},"content":{"rendered":"<table>\n<tbody>\n<tr>\n<td>4.9.2025<\/td>\n<td><strong><a href=\"https:\/\/www.abo.fi\/evenemang\/inskription-abo-2024-2025\/\">Inskription<\/a><\/strong><\/td>\n<td>\u00c5bo domkyrka och Solennitetssalen<\/td>\n<\/tr>\n<\/tbody>\n<\/table>\n<h1>\u00c4mnesl\u00e4rare<\/h1>\n<table>\n<tbody>\n<tr>\n<td width=\"104\">4-5.9.2025<\/td>\n<td width=\"378\"><strong>Urvalet f\u00f6r l\u00e4rarutbildningslinjen<br \/>\nf\u00f6r blivande \u00e4mnesl\u00e4rare<\/strong><\/td>\n<td width=\"119\">\u00c5bo<\/td>\n<\/tr>\n<\/tbody>\n<\/table>\n<p>&nbsp;<\/p>\n","protected":false},"excerpt":{"rendered":"<p>4.9.2025 Inskription \u00c5bo domkyrka och Solennitetssalen \u00c4mnesl\u00e4rare 4-5.9.2025 Urvalet f\u00f6r l\u00e4rarutbildningslinjen f\u00f6r blivande \u00e4mnesl\u00e4rare \u00c5bo &nbsp;<\/p>\n","protected":false},"author":482,"featured_media":0,"parent":0,"menu_order":0,"comment_status":"closed","ping_status":"closed","template":"","meta":{"footnotes":""},"class_list":["post-87","page","type-page","status-publish","hentry"],"_links":{"self":[{"href":"https:\/\/blogs2.abo.fi\/studieorientering-fhpt\/wp-json\/wp\/v2\/pages\/87","targetHints":{"allow":["GET"]}}],"collection":[{"href":"https:\/\/blogs2.abo.fi\/studieorientering-fhpt\/wp-json\/wp\/v2\/pages"}],"about":[{"href":"https:\/\/blogs2.abo.fi\/studieorientering-fhpt\/wp-json\/wp\/v2\/types\/page"}],"author":[{"embeddable":true,"href":"https:\/\/blogs2.abo.fi\/studieorientering-fhpt\/wp-json\/wp\/v2\/users\/482"}],"replies":[{"embeddable":true,"href":"https:\/\/blogs2.abo.fi\/studieorientering-fhpt\/wp-json\/wp\/v2\/comments?post=87"}],"version-history":[{"count":33,"href":"https:\/\/blogs2.abo.fi\/studieorientering-fhpt\/wp-json\/wp\/v2\/pages\/87\/revisions"}],"predecessor-version":[{"id":1734,"href":"https:\/\/blogs2.abo.fi\/studieorientering-fhpt\/wp-json\/wp\/v2\/pages\/87\/revisions\/1734"}],"wp:attachment":[{"href":"https:\/\/blogs2.abo.fi\/studieorientering-fhpt\/wp-json\/wp\/v2\/media?parent=87"}],"curies":[{"name":"wp","href":"https:\/\/api.w.org\/{rel}","templated":true}]}}