{"id":81,"date":"2021-08-16T09:14:15","date_gmt":"2021-08-16T09:14:15","guid":{"rendered":"https:\/\/blogs2.abo.fi\/studieorientering-fhpt\/?page_id=81"},"modified":"2025-06-26T08:57:46","modified_gmt":"2025-06-26T08:57:46","slug":"onsdagpsykologi","status":"publish","type":"page","link":"https:\/\/blogs2.abo.fi\/studieorientering-fhpt\/onsdagpsykologi\/","title":{"rendered":"Onsdag"},"content":{"rendered":"<p>&nbsp;<\/p>\n<p>&nbsp;<\/p>\n<table>\n<tbody>\n<tr>\n<td>13:00-14:30<\/td>\n<td><strong><span class=\"TextRun SCXW171310152 BCX9\" lang=\"SV-FI\" xml:lang=\"SV-FI\" data-contrast=\"auto\"><span class=\"NormalTextRun SCXW171310152 BCX9\">Genomg\u00e5ng av studieplaneringsverktyget <\/span><span class=\"NormalTextRun SpellingErrorV2Themed SCXW171310152 BCX9\">Peppi<\/span><span class=\"NormalTextRun SCXW171310152 BCX9\">, anm\u00e4lan till kurser<\/span><span class=\"NormalTextRun SCXW171310152 BCX9\"> \u2013 ta med egen dator!<br \/>\n<\/span><\/span><\/strong><span class=\"NormalTextRun SCXW120213064 BCX9\">Studiev\u00e4gledare <\/span><span class=\"NormalTextRun SCXW120213064 BCX9\">Yasmin Nyqvist och egenl\u00e4rare Petra Gr\u00f6nholm-Nyman<\/span><span class=\"NormalTextRun SCXW120213064 BCX9\"><br \/>\n<\/span><\/td>\n<td>Aud. C201 K\u00e4llan, Arken<\/td>\n<\/tr>\n<\/tbody>\n<\/table>\n<p style=\"text-align: center\"><strong><strong>Titta p\u00e5 Peppi-videorna nedan innan studieplaneringstillf\u00e4llet<span style=\"color: revert;font-family: inherit\">:<\/span><\/strong><\/strong><\/p>\n<figure class=\"wp-block-table\"><span style=\"font-size: 15px\">\n<!-- iframe plugin v.6.0 wordpress.org\/plugins\/iframe\/ -->\n<iframe loading=\"lazy\" src=\"https:\/\/panopto.abo.fi\/Panopto\/Pages\/Embed.aspx?id=910c04d1-f8ff-4780-b230-ad5700912292&#038;autoplay=false&#038;offerviewer=false&#038;showtitle=true&#038;showbrand=false&#038;start=0&#038;interactivity=none\" height=\"405\" width=\"720\" style=\"border: 1px solid #464646;\" 0=\"allowfullscreen\" allow=\"autoplay\" scrolling=\"yes\" class=\"iframe-class\" frameborder=\"0\"><\/iframe>\n <\/span><span style=\"font-size: 15px\">\n<!-- iframe plugin v.6.0 wordpress.org\/plugins\/iframe\/ -->\n<iframe loading=\"lazy\" src=\"https:\/\/panopto.abo.fi\/Panopto\/Pages\/Embed.aspx?id=abe25e06-9bf1-465b-b028-ad57009126ee&#038;autoplay=false&#038;offerviewer=false&#038;showtitle=true&#038;showbrand=false&#038;start=0&#038;interactivity=all\" height=\"405\" width=\"720\" style=\"border: 1px solid #464646;\" 0=\"allowfullscreen\" 1=\"allow=&quot;autoplay&quot;&gt;&lt;\/iframe\" scrolling=\"yes\" class=\"iframe-class\" frameborder=\"0\"><\/iframe>\n <\/span>\n<!-- iframe plugin v.6.0 wordpress.org\/plugins\/iframe\/ -->\n<iframe loading=\"lazy\" src=\"https:\/\/panopto.abo.fi\/Panopto\/Pages\/Embed.aspx?id=4b70779a-33d5-460a-a07b-ad5700a1238c&#038;autoplay=false&#038;offerviewer=false&#038;showtitle=true&#038;showbrand=false&#038;start=0&#038;interactivity=all\" height=\"405\" width=\"720\" style=\"border: 1px solid #464646;\" 0=\"allowfullscreen\" allow=\"autoplay\" scrolling=\"yes\" class=\"iframe-class\" frameborder=\"0\"><\/iframe>\n \n<!-- iframe plugin v.6.0 wordpress.org\/plugins\/iframe\/ -->\n<iframe loading=\"lazy\" src=\"https:\/\/panopto.abo.fi\/Panopto\/Pages\/Embed.aspx?id=10e21b23-e16e-401a-9ecb-ad57009129ea&#038;autoplay=false&#038;offerviewer=false&#038;showtitle=true&#038;showbrand=false&#038;start=0&#038;interactivity=all\" height=\"405\" width=\"720\" style=\"border: 1px solid #464646;\" 0=\"allowfullscreen\" allow=\"autoplay\" scrolling=\"yes\" class=\"iframe-class\" frameborder=\"0\"><\/iframe>\n<\/figure>\n","protected":false},"excerpt":{"rendered":"<p>&nbsp; &nbsp; 13:00-14:30 Genomg\u00e5ng av studieplaneringsverktyget Peppi, anm\u00e4lan till kurser \u2013 ta med egen dator! Studiev\u00e4gledare Yasmin Nyqvist och egenl\u00e4rare Petra Gr\u00f6nholm-Nyman Aud. C201 K\u00e4llan, Arken Titta p\u00e5 Peppi-videorna nedan innan studieplaneringstillf\u00e4llet:<\/p>\n","protected":false},"author":482,"featured_media":0,"parent":0,"menu_order":0,"comment_status":"closed","ping_status":"closed","template":"","meta":{"footnotes":""},"class_list":["post-81","page","type-page","status-publish","hentry"],"_links":{"self":[{"href":"https:\/\/blogs2.abo.fi\/studieorientering-fhpt\/wp-json\/wp\/v2\/pages\/81","targetHints":{"allow":["GET"]}}],"collection":[{"href":"https:\/\/blogs2.abo.fi\/studieorientering-fhpt\/wp-json\/wp\/v2\/pages"}],"about":[{"href":"https:\/\/blogs2.abo.fi\/studieorientering-fhpt\/wp-json\/wp\/v2\/types\/page"}],"author":[{"embeddable":true,"href":"https:\/\/blogs2.abo.fi\/studieorientering-fhpt\/wp-json\/wp\/v2\/users\/482"}],"replies":[{"embeddable":true,"href":"https:\/\/blogs2.abo.fi\/studieorientering-fhpt\/wp-json\/wp\/v2\/comments?post=81"}],"version-history":[{"count":49,"href":"https:\/\/blogs2.abo.fi\/studieorientering-fhpt\/wp-json\/wp\/v2\/pages\/81\/revisions"}],"predecessor-version":[{"id":1699,"href":"https:\/\/blogs2.abo.fi\/studieorientering-fhpt\/wp-json\/wp\/v2\/pages\/81\/revisions\/1699"}],"wp:attachment":[{"href":"https:\/\/blogs2.abo.fi\/studieorientering-fhpt\/wp-json\/wp\/v2\/media?parent=81"}],"curies":[{"name":"wp","href":"https:\/\/api.w.org\/{rel}","templated":true}]}}