{"id":79,"date":"2021-08-16T09:14:00","date_gmt":"2021-08-16T09:14:00","guid":{"rendered":"https:\/\/blogs2.abo.fi\/studieorientering-fhpt\/?page_id=79"},"modified":"2025-08-18T06:54:48","modified_gmt":"2025-08-18T06:54:48","slug":"tirsdagpsykologi","status":"publish","type":"page","link":"https:\/\/blogs2.abo.fi\/studieorientering-fhpt\/tirsdagpsykologi\/","title":{"rendered":"Tisdag"},"content":{"rendered":"<table style=\"font-size: 15px\">\n<tbody>\n<tr>\n<td width=\"104\">10:00-11:30<\/td>\n<td width=\"378\"><strong>Tr\u00e4ff med programmets personal<br \/><\/strong><\/td>\n<td width=\"119\">Aud. C201 K\u00e4llan, Arken<\/td>\n<\/tr>\n<tr>\n<td width=\"104\">12:00<\/td>\n<td style=\"text-align: center\" width=\"378\"><strong>Lunch<\/strong><\/td>\n<td width=\"119\">\u00a0<\/td>\n<\/tr>\n<tr>\n<td width=\"104\">13:00<\/td>\n<td width=\"378\"><strong>F\u00f6rel\u00e4sning f\u00f6r alla gulisar: &#8221;Inkluderande arbetss\u00e4tt. Studieliv och arbetsliv&#8221;<br \/><\/strong><span class=\"ui-provider a b c d e f g h i j k l m n o p q r s t u v w x y z ab ac ae af ag ah ai aj ak\" dir=\"ltr\">J\u00fcrgen Ross<\/span>, projektledare, Ekvalita<\/td>\n<td width=\"119\">Aud. A102 Armfelt, Arken<\/td>\n<\/tr>\n<tr>\n<td width=\"104\">14:30-15:00<\/td>\n<td width=\"378\"><strong><span class=\"TextRun SCXW54493562 BCX9\" lang=\"SV-FI\" xml:lang=\"SV-FI\" data-contrast=\"auto\"><span class=\"NormalTextRun SCXW54493562 BCX9\" data-ccp-parastyle=\"No Spacing\">Institutionens st\u00f6rsta studentf\u00f6reningar presenterar sig <\/span><\/span><\/strong><span class=\"EOP SCXW54493562 BCX9\" data-ccp-props=\"{&quot;201341983&quot;:0,&quot;335559739&quot;:0,&quot;335559740&quot;:240}\">\u00a0<br \/><span class=\"TextRun SCXW180975876 BCX9\" lang=\"SV-FI\" xml:lang=\"SV-FI\" data-contrast=\"auto\"><span class=\"NormalTextRun SCXW180975876 BCX9\" data-ccp-parastyle=\"No Spacing\"><span class=\"EOP SCXW210226316 BCX9\" data-ccp-props=\"{&quot;201341983&quot;:0,&quot;335559739&quot;:0,&quot;335559740&quot;:240}\">Humanistiska F\u00f6reningen, Teologiska studentf\u00f6reningen, Impuls, Vocalis, Lingua Franca<br \/><\/span><\/span><\/span><\/span><\/td>\n<td width=\"119\">Aud. A102 Armfelt, Arken<\/td>\n<\/tr>\n<tr>\n<td width=\"104\">15:00-<\/td>\n<td width=\"378\"><strong>Institutionens specialf\u00f6reningar presenterar sig i aulan utanf\u00f6r Armfelt<\/strong><\/td>\n<td width=\"119\">\u00a0Arkens aula<\/td>\n<\/tr>\n<\/tbody>\n<\/table>\n\n\n<p>&nbsp;<\/p>\n","protected":false},"excerpt":{"rendered":"<p>10:00-11:30 Tr\u00e4ff med programmets personal Aud. C201 K\u00e4llan, Arken 12:00 Lunch \u00a0 13:00 F\u00f6rel\u00e4sning f\u00f6r alla gulisar: &#8221;Inkluderande arbetss\u00e4tt. Studieliv och arbetsliv&#8221;J\u00fcrgen Ross, projektledare, Ekvalita Aud. A102 Armfelt, Arken 14:30-15:00 Institutionens st\u00f6rsta studentf\u00f6reningar presenterar sig \u00a0Humanistiska F\u00f6reningen, Teologiska studentf\u00f6reningen, Impuls, &hellip; <a href=\"https:\/\/blogs2.abo.fi\/studieorientering-fhpt\/tirsdagpsykologi\/\">Forts\u00e4tt l\u00e4sa <span class=\"meta-nav\">&rarr;<\/span><\/a><\/p>\n","protected":false},"author":482,"featured_media":0,"parent":0,"menu_order":0,"comment_status":"closed","ping_status":"closed","template":"","meta":{"footnotes":""},"class_list":["post-79","page","type-page","status-publish","hentry"],"_links":{"self":[{"href":"https:\/\/blogs2.abo.fi\/studieorientering-fhpt\/wp-json\/wp\/v2\/pages\/79","targetHints":{"allow":["GET"]}}],"collection":[{"href":"https:\/\/blogs2.abo.fi\/studieorientering-fhpt\/wp-json\/wp\/v2\/pages"}],"about":[{"href":"https:\/\/blogs2.abo.fi\/studieorientering-fhpt\/wp-json\/wp\/v2\/types\/page"}],"author":[{"embeddable":true,"href":"https:\/\/blogs2.abo.fi\/studieorientering-fhpt\/wp-json\/wp\/v2\/users\/482"}],"replies":[{"embeddable":true,"href":"https:\/\/blogs2.abo.fi\/studieorientering-fhpt\/wp-json\/wp\/v2\/comments?post=79"}],"version-history":[{"count":28,"href":"https:\/\/blogs2.abo.fi\/studieorientering-fhpt\/wp-json\/wp\/v2\/pages\/79\/revisions"}],"predecessor-version":[{"id":1774,"href":"https:\/\/blogs2.abo.fi\/studieorientering-fhpt\/wp-json\/wp\/v2\/pages\/79\/revisions\/1774"}],"wp:attachment":[{"href":"https:\/\/blogs2.abo.fi\/studieorientering-fhpt\/wp-json\/wp\/v2\/media?parent=79"}],"curies":[{"name":"wp","href":"https:\/\/api.w.org\/{rel}","templated":true}]}}