{"id":70,"date":"2021-08-16T09:11:40","date_gmt":"2021-08-16T09:11:40","guid":{"rendered":"https:\/\/blogs2.abo.fi\/studieorientering-fhpt\/?page_id=70"},"modified":"2025-09-01T10:40:19","modified_gmt":"2025-09-01T10:40:19","slug":"viktiginfokhf","status":"publish","type":"page","link":"https:\/\/blogs2.abo.fi\/studieorientering-fhpt\/viktiginfokhf\/","title":{"rendered":"Viktig info"},"content":{"rendered":"\n<figure class=\"wp-block-table\"><table><tbody><tr><td>4.9.2025<\/td><td><a href=\"https:\/\/www.abo.fi\/evenemang\/inskription-abo-2024-2025\/\"><strong>Inskription<\/strong><\/a><\/td><td>\u00c5bo domkyrka och Solennitetssalen<\/td><\/tr><\/tbody><\/table><\/figure>\n\n\n\n<h1 class=\"wp-block-heading\">\u00c4mnesl\u00e4rare<\/h1>\n\n\n\n<figure class=\"wp-block-table\"><table><tbody><tr><td>4-5.9.2025<\/td><td><strong>Urvalet f\u00f6r l\u00e4rarutbildningslinjen<br>f\u00f6r blivande \u00e4mnesl\u00e4rare<\/strong><\/td><td>\u00c5bo<\/td><\/tr><\/tbody><\/table><\/figure>\n\n\n\n<h1 class=\"wp-block-heading\">Studieplanering i Peppi<\/h1>\n\n\n\n<h3 class=\"wp-block-heading\">Studiev\u00e4gledare Pia-Maria Gardberg och Yasmin Nyqvist<\/h3>\n\n\n\n<figure class=\"wp-block-table\"><table><tbody><tr><td>M\u00e5 22.9.2025 12.30-13:30<\/td><td><strong>Musikvetenskap och Konstvetenskap<\/strong><br>(Pia-Maria Gardberg)<\/td><td>B123 Galvani PC-klass,<br>ASA-huset<\/td><\/tr><tr><td>M\u00e5 29.9 2025 12.30-13:30<\/td><td><strong>Kulturanalys och Genusvetenskap<\/strong><br>(Pia-Maria Gardberg)<\/td><td>B123 Galvani PC-klass,<br>ASA-huset<\/td><\/tr><tr><td>M\u00e5 29.9.2025 13.30-14:30<\/td><td><strong>Historia, \u00e4mnesl\u00e4rarlinjen &#8211; ta med egen dator! <\/strong><br>(Yasmin Nyqvist)<\/td><td>B301 Panorama, Arken (B-husets trejde v\u00e5ning)<\/td><\/tr><tr><td>M\u00e5 29.9.2025 14.30-15:30<\/td><td><strong>Historia, allm\u00e4nna linjen<\/strong> <strong>&#8211; ta med egen dator! <\/strong><br>(Yasmin Nyqvist)<\/td><td>B301 Panorama, Arken (B-husets trejde v\u00e5ning)<\/td><\/tr><tr><td>Ti 30.9.2025 12.30-13:30<\/td><td><strong>Litteraturvetenskap &#8211; ta med egen dator!<\/strong><br>(Yasmin Nyqvist)<\/td><td>D206 Valhall, Arken<\/td><\/tr><tr><td>Ti 30.9.2025 13.30-14:30<\/td><td><strong>Religionsvetenskap &#8211; ta med egen dator!<\/strong><br>(Yasmin Nyqvist)<\/td><td>D206 Valhall, Arken<\/td><\/tr><tr><td>Ti 30.9.2025 14.30-15:30<\/td><td><strong>Filosofi &#8211; ta med egen dator!<\/strong><br>(Yasmin Nyqvist)<\/td><td>D206 Valhall, Arken<\/td><\/tr><\/tbody><\/table><\/figure>\n\n\n\n<h1 class=\"wp-block-heading\">L\u00e4s\u00e5rsinfo f\u00f6r nya och \u00e4ldre studerande<\/h1>\n\n\n\n<figure class=\"wp-block-table\"><table><tbody><tr><td>M\u00e5 1.9.2025<br>11:00-12:00<\/td><td><strong>Musikvetenskap<br><\/strong>Information f\u00f6r alla studerande i musikvetenskap<\/td><td>Aud. D110 Nikander. Arken<\/td><\/tr><tr><td><strong>(Prel)<\/strong> Ti 16.9.2025 15:00-<\/td><td><strong>Konstvetenskap<br><\/strong>Kick-off f\u00f6r alla studerande i konstvetenskap<\/td><td>Aud. D208 Pantheon, Arken<\/td><\/tr><tr><td>Ti 2.9 10:00-11:30<br><br>Ti 2.9 14:30-<\/td><td><strong>Litteraturvetenskap<br><\/strong>Information f\u00f6r nya huvud- och bi\u00e4mnesstuderande i litteraturvetenskap<br>Information f\u00f6r \u00f6vriga studerande i litteraturvetenskap<\/td><td>Aud. C101 Westermarck, Arken<\/td><\/tr><tr><td>Ti 3.9 10:30-11:00<\/td><td><strong>Filosofi<br><\/strong>Information f\u00f6r alla studerande i filosofi<\/td><td>Aud. M127 Voltaire, Arken<\/td><\/tr><tr><td>To 4.9.2025<br>8:15-9:45<\/td><td><strong>Religionsvetenskap<br><\/strong>Information f\u00f6r nya huvud- och bi\u00e4mnesstuderande i religionsvetenskap<\/td><td>Aud. D206 Valhall, Arken<\/td><\/tr><tr><td>M\u00e5 8.9.2024<br>11:30-12:30<\/td><td><strong>Genusvetenskap<br><\/strong>Information f\u00f6r samtliga studerande i genusvetenskap<\/td><td>C101\u00a0Westermarck, Arken<\/td><\/tr><\/tbody><\/table><\/figure>\n\n\n\n<h1 class=\"wp-block-heading\"><strong>\u00c4mnenas \u00f6ppna introduktionsf\u00f6rel\u00e4sningar<\/strong><\/h1>\n\n\n\n<h3 class=\"wp-block-heading\">OBS! Nya studerande kan fritt anm\u00e4la sig till \u00e4mnenas grundkurser!<\/h3>\n\n\n\n<figure class=\"wp-block-table\"><table><tbody><tr><td>M\u00e5 1.9.2025<br>10.00-11:30<\/td><td><strong>Historia<br><\/strong><a href=\"https:\/\/studiehandboken.abo.fi\/sv\/kurs\/110007.0\/285?period=2024-2027283?period=2022-2024\">110007.0 Grunderna i historisk metod<\/a><\/td><td>Aud. C201 K\u00e4llan, Arken<\/td><\/tr><tr><td>To 4.9.2025<br>9:00-11:30<\/td><td><strong>Musikvetenskap<br><\/strong><a href=\"https:\/\/studiehandboken.abo.fi\/sv\/kurs\/MV00CM42\/25260?period=2022-2024\">MV00CM42-3001 Att t\u00e4nka om musik: grundkurs i musikvetenskap<\/a><\/td><td>Aud. D110 Nikander, Arken<\/td><\/tr><tr><td>Ti 2.9.2025 10:00-11:30<\/td><td><strong>Konstvetenskap<br><\/strong><a href=\"https:\/\/studiehandboken.abo.fi\/sv\/kurs\/KO00CQ61\/30239?period=2024-2027\">KO00CQ61 Introduktion till konstvetenskapen<\/a><\/td><td>Aud. E201 Camera Obscura, Arken<\/td><\/tr><tr><td>Ti 2.9.2025<br>10:00-11:30<\/td><td><strong>Litteraturvetenskap<br><\/strong><a href=\"https:\/\/studiehandboken.abo.fi\/sv\/kurs\/103000.0\/71?period=2022-2024\">103000.0-3006 Introduktion i litteraturvetenskap<\/a><\/td><td>Aud. C101 Westermarck, Arken<\/td><\/tr><tr><td>Ti 2.9.2025<br>9:15-11:30<\/td><td><strong>Filosofi<br><\/strong><a href=\"https:\/\/studiehandboken.abo.fi\/sv\/kurs\/112000.0\/342?period=2022-2024\">112000.0-3007 Introduktion till filosofin<\/a><\/td><td>Aud. M128 Saussure, Arken<\/td><\/tr><tr><td>To 4.9.2025<br>8:15-9:45<\/td><td><strong>Religionsvetenskap<br><\/strong><a href=\"https:\/\/studiehandboken.abo.fi\/sv\/kurs\/117010.0\/527?period=2022-2024\">117010.0-3018 Introduktion till religionsvetenskapen<\/a><\/td><td>Aud. D206 Valhall, Arken<\/td><\/tr><tr><td>Fre 5.9.2025<br>10:00-11:30<\/td><td><strong>Genusvetenskap<br><\/strong><a href=\"https:\/\/studiehandboken.abo.fi\/sv\/kurs\/GV00CH67\/21342?period=2022-2024\">GV00CH67-3003 Genus, kultur och samh\u00e4lle \u2013 en introduktionskurs<\/a><\/td><td>Aud. C101&nbsp;Westermarck, Arken<\/td><\/tr><tr><td>M\u00e5 1.9.2025 10:00-11:30<\/td><td><strong>Kulturanalys<br><\/strong><a href=\"https:\/\/studiehandboken.abo.fi\/sv\/kurs\/121000.0\/2506?period=2024-2027\">121000.0 Kulturanalys i teori och praktik<\/a><\/td><td>Aud. L104 Goethe, Arken<\/td><\/tr><\/tbody><\/table><\/figure>\n","protected":false},"excerpt":{"rendered":"<p>4.9.2025 Inskription \u00c5bo domkyrka och Solennitetssalen \u00c4mnesl\u00e4rare 4-5.9.2025 Urvalet f\u00f6r l\u00e4rarutbildningslinjenf\u00f6r blivande \u00e4mnesl\u00e4rare \u00c5bo Studieplanering i Peppi Studiev\u00e4gledare Pia-Maria Gardberg och Yasmin Nyqvist M\u00e5 22.9.2025 12.30-13:30 Musikvetenskap och Konstvetenskap(Pia-Maria Gardberg) B123 Galvani PC-klass,ASA-huset M\u00e5 29.9 2025 12.30-13:30 Kulturanalys och Genusvetenskap(Pia-Maria &hellip; <a href=\"https:\/\/blogs2.abo.fi\/studieorientering-fhpt\/viktiginfokhf\/\">Forts\u00e4tt l\u00e4sa <span class=\"meta-nav\">&rarr;<\/span><\/a><\/p>\n","protected":false},"author":482,"featured_media":0,"parent":0,"menu_order":0,"comment_status":"closed","ping_status":"closed","template":"","meta":{"footnotes":""},"class_list":["post-70","page","type-page","status-publish","hentry"],"_links":{"self":[{"href":"https:\/\/blogs2.abo.fi\/studieorientering-fhpt\/wp-json\/wp\/v2\/pages\/70","targetHints":{"allow":["GET"]}}],"collection":[{"href":"https:\/\/blogs2.abo.fi\/studieorientering-fhpt\/wp-json\/wp\/v2\/pages"}],"about":[{"href":"https:\/\/blogs2.abo.fi\/studieorientering-fhpt\/wp-json\/wp\/v2\/types\/page"}],"author":[{"embeddable":true,"href":"https:\/\/blogs2.abo.fi\/studieorientering-fhpt\/wp-json\/wp\/v2\/users\/482"}],"replies":[{"embeddable":true,"href":"https:\/\/blogs2.abo.fi\/studieorientering-fhpt\/wp-json\/wp\/v2\/comments?post=70"}],"version-history":[{"count":83,"href":"https:\/\/blogs2.abo.fi\/studieorientering-fhpt\/wp-json\/wp\/v2\/pages\/70\/revisions"}],"predecessor-version":[{"id":1798,"href":"https:\/\/blogs2.abo.fi\/studieorientering-fhpt\/wp-json\/wp\/v2\/pages\/70\/revisions\/1798"}],"wp:attachment":[{"href":"https:\/\/blogs2.abo.fi\/studieorientering-fhpt\/wp-json\/wp\/v2\/media?parent=70"}],"curies":[{"name":"wp","href":"https:\/\/api.w.org\/{rel}","templated":true}]}}