{"id":55,"date":"2021-08-16T09:03:42","date_gmt":"2021-08-16T09:03:42","guid":{"rendered":"https:\/\/blogs2.abo.fi\/studieorientering-fhpt\/?page_id=55"},"modified":"2025-08-18T06:54:25","modified_gmt":"2025-08-18T06:54:25","slug":"tirsdaglogopedi","status":"publish","type":"page","link":"https:\/\/blogs2.abo.fi\/studieorientering-fhpt\/tirsdaglogopedi\/","title":{"rendered":"Tisdag"},"content":{"rendered":"<table style=\"font-size: 15px\">\n<tbody>\n<tr>\n<td width=\"104\">10:30-11:30<\/td>\n<td width=\"378\"><strong>U<span class=\"TextRun SCXW54493562 BCX9\" lang=\"SV-FI\" xml:lang=\"SV-FI\" data-contrast=\"auto\"><span class=\"NormalTextRun SCXW54493562 BCX9\" data-ccp-parastyle=\"No Spacing\"><span class=\"TextRun SCXW210226316 BCX9\" lang=\"SV-FI\" xml:lang=\"SV-FI\" data-contrast=\"auto\"><span class=\"NormalTextRun SCXW210226316 BCX9\" data-ccp-parastyle=\"No Spacing\">tbildningsprogrammet i logopedi: presentation och genomg\u00e5ng av studiernas uppbyggnad<\/span><\/span><span class=\"EOP SCXW210226316 BCX9\" data-ccp-props=\"{&quot;201341983&quot;:0,&quot;335559739&quot;:0,&quot;335559740&quot;:240}\"><br \/><\/span><\/span><\/span><\/strong><span class=\"TextRun SCXW54493562 BCX9\" lang=\"SV-FI\" xml:lang=\"SV-FI\" data-contrast=\"auto\"><span class=\"NormalTextRun SCXW54493562 BCX9\" data-ccp-parastyle=\"No Spacing\"><span class=\"EOP SCXW210226316 BCX9\" data-ccp-props=\"{&quot;201341983&quot;:0,&quot;335559739&quot;:0,&quot;335559740&quot;:240}\">Studiev\u00e4gledare Yasmin Nyqvist<\/span><\/span><\/span><span class=\"TextRun SCXW54493562 BCX9\" lang=\"SV-FI\" xml:lang=\"SV-FI\" data-contrast=\"auto\"><span class=\"NormalTextRun SCXW54493562 BCX9\" data-ccp-parastyle=\"No Spacing\"><span class=\"EOP SCXW210226316 BCX9\" data-ccp-props=\"{&quot;201341983&quot;:0,&quot;335559739&quot;:0,&quot;335559740&quot;:240}\"><br \/><\/span><\/span><\/span><\/td>\n<td width=\"119\">Aud. M127, Voltaire, Arken<\/td>\n<\/tr>\n<tr>\n<td width=\"104\">12:00<\/td>\n<td style=\"text-align: center\" width=\"378\"><strong>Lunch<\/strong><\/td>\n<td width=\"119\">\u00a0<\/td>\n<\/tr>\n<tr>\n<td width=\"104\">13:00<\/td>\n<td width=\"378\"><strong>F\u00f6rel\u00e4sning f\u00f6r alla gulisar: &#8221;Inkluderande arbetss\u00e4tt. Studieliv och arbetsliv&#8221;<br \/><\/strong><span class=\"ui-provider a b c d e f g h i j k l m n o p q r s t u v w x y z ab ac ae af ag ah ai aj ak\" dir=\"ltr\">J\u00fcrgen Ross<\/span>, projektledare, Ekvalita<\/td>\n<td width=\"119\">Aud. A102 Armfelt, Arken<\/td>\n<\/tr>\n<tr>\n<td width=\"104\">14:30-15:00<\/td>\n<td width=\"378\"><strong><span class=\"TextRun SCXW54493562 BCX9\" lang=\"SV-FI\" xml:lang=\"SV-FI\" data-contrast=\"auto\"><span class=\"NormalTextRun SCXW54493562 BCX9\" data-ccp-parastyle=\"No Spacing\">Institutionens st\u00f6rsta studentf\u00f6reningar presenterar sig <\/span><\/span><\/strong><span class=\"EOP SCXW54493562 BCX9\" data-ccp-props=\"{&quot;201341983&quot;:0,&quot;335559739&quot;:0,&quot;335559740&quot;:240}\">\u00a0<br \/><span class=\"TextRun SCXW180975876 BCX9\" lang=\"SV-FI\" xml:lang=\"SV-FI\" data-contrast=\"auto\"><span class=\"NormalTextRun SCXW180975876 BCX9\" data-ccp-parastyle=\"No Spacing\"><span class=\"EOP SCXW210226316 BCX9\" data-ccp-props=\"{&quot;201341983&quot;:0,&quot;335559739&quot;:0,&quot;335559740&quot;:240}\">Humanistiska F\u00f6reningen, Teologiska studentf\u00f6reningen, Impuls, Vocalis, Lingua Franca<br \/><\/span><\/span><\/span><\/span><\/td>\n<td width=\"119\">Aud. A102 Armfelt, Arken<\/td>\n<\/tr>\n<tr>\n<td width=\"104\">15:00-<\/td>\n<td width=\"378\"><strong><span class=\"TextRun SCXW54493562 BCX9\" lang=\"SV-FI\" xml:lang=\"SV-FI\" data-contrast=\"auto\"><span class=\"NormalTextRun SCXW54493562 BCX9\" data-ccp-parastyle=\"No Spacing\">Institutionens<\/span><\/span>\u00a0specialf\u00f6reningar presenterar sig i aulan utanf\u00f6r Armfelt<\/strong><\/td>\n<td width=\"119\">\u00a0Arkens aula<\/td>\n<\/tr>\n<\/tbody>\n<\/table>\n\n\n<figure class=\"wp-block-table alignleft\"><\/figure>\n","protected":false},"excerpt":{"rendered":"<p>10:30-11:30 Utbildningsprogrammet i logopedi: presentation och genomg\u00e5ng av studiernas uppbyggnadStudiev\u00e4gledare Yasmin Nyqvist Aud. M127, Voltaire, Arken 12:00 Lunch \u00a0 13:00 F\u00f6rel\u00e4sning f\u00f6r alla gulisar: &#8221;Inkluderande arbetss\u00e4tt. Studieliv och arbetsliv&#8221;J\u00fcrgen Ross, projektledare, Ekvalita Aud. A102 Armfelt, Arken 14:30-15:00 Institutionens st\u00f6rsta studentf\u00f6reningar &hellip; <a href=\"https:\/\/blogs2.abo.fi\/studieorientering-fhpt\/tirsdaglogopedi\/\">Forts\u00e4tt l\u00e4sa <span class=\"meta-nav\">&rarr;<\/span><\/a><\/p>\n","protected":false},"author":482,"featured_media":0,"parent":0,"menu_order":0,"comment_status":"closed","ping_status":"closed","template":"","meta":{"footnotes":""},"class_list":["post-55","page","type-page","status-publish","hentry"],"_links":{"self":[{"href":"https:\/\/blogs2.abo.fi\/studieorientering-fhpt\/wp-json\/wp\/v2\/pages\/55","targetHints":{"allow":["GET"]}}],"collection":[{"href":"https:\/\/blogs2.abo.fi\/studieorientering-fhpt\/wp-json\/wp\/v2\/pages"}],"about":[{"href":"https:\/\/blogs2.abo.fi\/studieorientering-fhpt\/wp-json\/wp\/v2\/types\/page"}],"author":[{"embeddable":true,"href":"https:\/\/blogs2.abo.fi\/studieorientering-fhpt\/wp-json\/wp\/v2\/users\/482"}],"replies":[{"embeddable":true,"href":"https:\/\/blogs2.abo.fi\/studieorientering-fhpt\/wp-json\/wp\/v2\/comments?post=55"}],"version-history":[{"count":41,"href":"https:\/\/blogs2.abo.fi\/studieorientering-fhpt\/wp-json\/wp\/v2\/pages\/55\/revisions"}],"predecessor-version":[{"id":1773,"href":"https:\/\/blogs2.abo.fi\/studieorientering-fhpt\/wp-json\/wp\/v2\/pages\/55\/revisions\/1773"}],"wp:attachment":[{"href":"https:\/\/blogs2.abo.fi\/studieorientering-fhpt\/wp-json\/wp\/v2\/media?parent=55"}],"curies":[{"name":"wp","href":"https:\/\/api.w.org\/{rel}","templated":true}]}}