{"id":53,"date":"2021-08-16T09:03:08","date_gmt":"2021-08-16T09:03:08","guid":{"rendered":"https:\/\/blogs2.abo.fi\/studieorientering-fhpt\/?page_id=53"},"modified":"2025-08-12T08:29:58","modified_gmt":"2025-08-12T08:29:58","slug":"mandaglogopedi","status":"publish","type":"page","link":"https:\/\/blogs2.abo.fi\/studieorientering-fhpt\/mandaglogopedi\/","title":{"rendered":"M\u00e5ndag"},"content":{"rendered":"<table style=\"height: 522px\" width=\"610\">\n<tbody>\n<tr>\n<td width=\"84\">10:00<\/td>\n<td width=\"418\"><strong><strong><strong>Institutionens prefekt Jan Antfolks v\u00e4lkomsth\u00e4lsning<\/strong><\/strong><\/strong><\/p>\n<p><strong><strong>Tf rektor Gunilla Wid\u00e9ns v\u00e4lkomsth\u00e4lsning<\/strong><\/strong><\/p>\n<p><strong>Allm\u00e4nt om studier och presentation av institutionens studiev\u00e4gledare<\/strong><\/p>\n<p><strong>Information f\u00f6r studerande med specialbehov<\/strong><\/p>\n<p><strong>Indelning i tutorgrupper<\/strong><\/td>\n<td width=\"151\">Aud. A102 Armfelt, Arken<\/td>\n<\/tr>\n<tr>\n<td width=\"84\">12:00<\/td>\n<td style=\"text-align: center\" width=\"418\"><strong>Lunch med tutorerna<\/strong><\/td>\n<td width=\"151\"><\/td>\n<\/tr>\n<tr>\n<td width=\"84\">13:00-14:15<\/td>\n<td width=\"418\"><strong><span class=\"TextRun SCXW54493562 BCX9\" lang=\"SV-FI\" xml:lang=\"SV-FI\" data-contrast=\"auto\"><span class=\"NormalTextRun SCXW54493562 BCX9\" data-ccp-parastyle=\"No Spacing\"><span class=\"TextRun SCXW210226316 BCX9\" lang=\"SV-FI\" xml:lang=\"SV-FI\" data-contrast=\"auto\"><span class=\"NormalTextRun SCXW210226316 BCX9\" data-ccp-parastyle=\"No Spacing\">Tr\u00e4ff med logopedins personal<\/span><\/span><\/span><\/span><\/strong><\/td>\n<td width=\"151\">Aud. M127, Voltaire, Arken<\/td>\n<\/tr>\n<\/tbody>\n<\/table>\n","protected":false},"excerpt":{"rendered":"<p>10:00 Institutionens prefekt Jan Antfolks v\u00e4lkomsth\u00e4lsning Tf rektor Gunilla Wid\u00e9ns v\u00e4lkomsth\u00e4lsning Allm\u00e4nt om studier och presentation av institutionens studiev\u00e4gledare Information f\u00f6r studerande med specialbehov Indelning i tutorgrupper Aud. A102 Armfelt, Arken 12:00 Lunch med tutorerna 13:00-14:15 Tr\u00e4ff med logopedins personal &hellip; <a href=\"https:\/\/blogs2.abo.fi\/studieorientering-fhpt\/mandaglogopedi\/\">Forts\u00e4tt l\u00e4sa <span class=\"meta-nav\">&rarr;<\/span><\/a><\/p>\n","protected":false},"author":482,"featured_media":0,"parent":0,"menu_order":0,"comment_status":"closed","ping_status":"closed","template":"","meta":{"footnotes":""},"class_list":["post-53","page","type-page","status-publish","hentry"],"_links":{"self":[{"href":"https:\/\/blogs2.abo.fi\/studieorientering-fhpt\/wp-json\/wp\/v2\/pages\/53","targetHints":{"allow":["GET"]}}],"collection":[{"href":"https:\/\/blogs2.abo.fi\/studieorientering-fhpt\/wp-json\/wp\/v2\/pages"}],"about":[{"href":"https:\/\/blogs2.abo.fi\/studieorientering-fhpt\/wp-json\/wp\/v2\/types\/page"}],"author":[{"embeddable":true,"href":"https:\/\/blogs2.abo.fi\/studieorientering-fhpt\/wp-json\/wp\/v2\/users\/482"}],"replies":[{"embeddable":true,"href":"https:\/\/blogs2.abo.fi\/studieorientering-fhpt\/wp-json\/wp\/v2\/comments?post=53"}],"version-history":[{"count":44,"href":"https:\/\/blogs2.abo.fi\/studieorientering-fhpt\/wp-json\/wp\/v2\/pages\/53\/revisions"}],"predecessor-version":[{"id":1747,"href":"https:\/\/blogs2.abo.fi\/studieorientering-fhpt\/wp-json\/wp\/v2\/pages\/53\/revisions\/1747"}],"wp:attachment":[{"href":"https:\/\/blogs2.abo.fi\/studieorientering-fhpt\/wp-json\/wp\/v2\/media?parent=53"}],"curies":[{"name":"wp","href":"https:\/\/api.w.org\/{rel}","templated":true}]}}