{"id":5,"date":"2021-08-16T08:33:07","date_gmt":"2021-08-16T08:33:07","guid":{"rendered":"https:\/\/blogs2.abo.fi\/studieorientering-fhpt\/?page_id=5"},"modified":"2023-08-24T08:36:17","modified_gmt":"2023-08-24T08:36:17","slug":"kultur-historia-och-filosofi","status":"publish","type":"page","link":"https:\/\/blogs2.abo.fi\/studieorientering-fhpt\/kultur-historia-och-filosofi\/","title":{"rendered":"Kultur, historia och filosofi"},"content":{"rendered":"<p style=\"text-align: justify\">V\u00e4lkommen till utbildningsprogrammet i kultur, historia och filosofi. Du hittar veckans schema i roll-down menyn och l\u00e4ngst ner i menyn hittar du viktiga datum f\u00f6r resten av h\u00f6sten.<\/p>\n","protected":false},"excerpt":{"rendered":"<p>V\u00e4lkommen till utbildningsprogrammet i kultur, historia och filosofi. Du hittar veckans schema i roll-down menyn och l\u00e4ngst ner i menyn hittar du viktiga datum f\u00f6r resten av h\u00f6sten.<\/p>\n","protected":false},"author":482,"featured_media":0,"parent":0,"menu_order":0,"comment_status":"closed","ping_status":"closed","template":"","meta":{"footnotes":""},"class_list":["post-5","page","type-page","status-publish","hentry"],"_links":{"self":[{"href":"https:\/\/blogs2.abo.fi\/studieorientering-fhpt\/wp-json\/wp\/v2\/pages\/5","targetHints":{"allow":["GET"]}}],"collection":[{"href":"https:\/\/blogs2.abo.fi\/studieorientering-fhpt\/wp-json\/wp\/v2\/pages"}],"about":[{"href":"https:\/\/blogs2.abo.fi\/studieorientering-fhpt\/wp-json\/wp\/v2\/types\/page"}],"author":[{"embeddable":true,"href":"https:\/\/blogs2.abo.fi\/studieorientering-fhpt\/wp-json\/wp\/v2\/users\/482"}],"replies":[{"embeddable":true,"href":"https:\/\/blogs2.abo.fi\/studieorientering-fhpt\/wp-json\/wp\/v2\/comments?post=5"}],"version-history":[{"count":6,"href":"https:\/\/blogs2.abo.fi\/studieorientering-fhpt\/wp-json\/wp\/v2\/pages\/5\/revisions"}],"predecessor-version":[{"id":1413,"href":"https:\/\/blogs2.abo.fi\/studieorientering-fhpt\/wp-json\/wp\/v2\/pages\/5\/revisions\/1413"}],"wp:attachment":[{"href":"https:\/\/blogs2.abo.fi\/studieorientering-fhpt\/wp-json\/wp\/v2\/media?parent=5"}],"curies":[{"name":"wp","href":"https:\/\/api.w.org\/{rel}","templated":true}]}}