{"id":44,"date":"2021-08-16T08:58:38","date_gmt":"2021-08-16T08:58:38","guid":{"rendered":"https:\/\/blogs2.abo.fi\/studieorientering-fhpt\/?page_id=44"},"modified":"2025-08-25T09:55:22","modified_gmt":"2025-08-25T09:55:22","slug":"torsdagkhf","status":"publish","type":"page","link":"https:\/\/blogs2.abo.fi\/studieorientering-fhpt\/torsdagkhf\/","title":{"rendered":"Torsdag"},"content":{"rendered":"<p><strong>PLATS: Auditorium Armfelt A102, Arken, Fabriksgatan 4<\/strong><\/p>\n<p><strong>Tillg\u00e4nglighet:<\/strong> huvuding\u00e5ngen har automatiserad d\u00f6rr men inte auditoriet, till\u00e4ggsramper beh\u00f6vs f\u00f6r vissa rullstolar, tillg\u00e4nglig och k\u00f6nsneutral toalett<\/p>\n<p><strong>Kontakt g\u00e4llande tillg\u00e4nglighet:<br \/>\n<\/strong>Koordinator f\u00f6r studiesociala \u00e4renden: <a href=\"mailto:petra.lindblad@abo.fi\">petra.lindblad@abo.fi<\/a><br \/>\nFastighetsservice: <a href=\"mailto:faseabo@abo.fi\">faseabo@abo.fi<\/a><\/p>\n<table style=\"font-size: 15px;height: 640px\" width=\"613\">\n<tbody>\n<tr>\n<td width=\"104&quot;\">F\u00f6rmiddag<\/td>\n<td width=\"378\"><strong><a href=\"https:\/\/www.thinglink.com\/scene\/2011792601249743716\">Escape the Library<\/a>: <\/strong>bibliotekets Escape Room med tutorerna<\/p>\n<p><strong>Campusrundvandring <\/strong>med tutorerna<\/td>\n<td width=\"119\"><\/td>\n<\/tr>\n<tr>\n<td width=\"104\"><\/td>\n<td width=\"378\">\n<p style=\"text-align: center\"><strong>Lunch<\/strong><\/p>\n<\/td>\n<\/tr>\n<tr>\n<td width=\"104\">13:00-13:20<\/td>\n<td width=\"378\"><strong>\u00c5bo Akademis Studentk\u00e5r \u00c5AS<\/strong><br \/>\n<em>\u00c5bo Akademis Studentk\u00e5rs styrelse<\/em><\/td>\n<td width=\"119\"><\/td>\n<\/tr>\n<tr>\n<td width=\"104\">13:25-13:45<\/td>\n<td width=\"378\"><strong>Studenternas h\u00e4lsov\u00e5rdsstiftelse SHVS<br \/>\n<\/strong><em>H\u00e4lsov\u00e5rdare Caroline Ljungberg<\/em><\/td>\n<td width=\"119\"><\/td>\n<\/tr>\n<tr>\n<td width=\"104\">13:55-14:55<\/td>\n<td width=\"378\"><strong>St\u00f6d f\u00f6r v\u00e4lm\u00e5ende och studiepsykologernas tj\u00e4nster<br \/>\n<\/strong><em>Koordinator f\u00f6r studiesociala \u00e4renden Petra Lindblad<\/em><\/td>\n<td width=\"119\"><\/td>\n<\/tr>\n<tr>\n<td width=\"104\"><\/td>\n<td style=\"text-align: center\" width=\"378\"><strong>Paus<\/strong><\/td>\n<td width=\"119\"><\/td>\n<\/tr>\n<tr>\n<td width=\"104\">15:10-15:30<\/td>\n<td width=\"378\"><strong>Tryggare studiemilj\u00f6 och st\u00f6d i problemsituationer<\/strong><br \/>\n<em>Studerandes kontaktperson Jan Kraufvelin<\/em><\/td>\n<td width=\"119\"><\/td>\n<\/tr>\n<tr>\n<td width=\"104\">15:35-15:45<\/td>\n<td width=\"378\"><strong><strong>Campussport, \u00c5boh\u00f6gskolornas motionstj\u00e4nster<em><br \/>\n<\/em><\/strong><\/strong><em>Motionsplanerare Kristiina Teppo<\/em><strong>\u00a0<\/strong><\/td>\n<td width=\"119\"><\/td>\n<\/tr>\n<\/tbody>\n<\/table>\n","protected":false},"excerpt":{"rendered":"<p>PLATS: Auditorium Armfelt A102, Arken, Fabriksgatan 4 Tillg\u00e4nglighet: huvuding\u00e5ngen har automatiserad d\u00f6rr men inte auditoriet, till\u00e4ggsramper beh\u00f6vs f\u00f6r vissa rullstolar, tillg\u00e4nglig och k\u00f6nsneutral toalett Kontakt g\u00e4llande tillg\u00e4nglighet: Koordinator f\u00f6r studiesociala \u00e4renden: petra.lindblad@abo.fi Fastighetsservice: faseabo@abo.fi F\u00f6rmiddag Escape the Library: bibliotekets Escape &hellip; <a href=\"https:\/\/blogs2.abo.fi\/studieorientering-fhpt\/torsdagkhf\/\">Forts\u00e4tt l\u00e4sa <span class=\"meta-nav\">&rarr;<\/span><\/a><\/p>\n","protected":false},"author":482,"featured_media":0,"parent":0,"menu_order":0,"comment_status":"closed","ping_status":"closed","template":"","meta":{"footnotes":""},"class_list":["post-44","page","type-page","status-publish","hentry"],"_links":{"self":[{"href":"https:\/\/blogs2.abo.fi\/studieorientering-fhpt\/wp-json\/wp\/v2\/pages\/44","targetHints":{"allow":["GET"]}}],"collection":[{"href":"https:\/\/blogs2.abo.fi\/studieorientering-fhpt\/wp-json\/wp\/v2\/pages"}],"about":[{"href":"https:\/\/blogs2.abo.fi\/studieorientering-fhpt\/wp-json\/wp\/v2\/types\/page"}],"author":[{"embeddable":true,"href":"https:\/\/blogs2.abo.fi\/studieorientering-fhpt\/wp-json\/wp\/v2\/users\/482"}],"replies":[{"embeddable":true,"href":"https:\/\/blogs2.abo.fi\/studieorientering-fhpt\/wp-json\/wp\/v2\/comments?post=44"}],"version-history":[{"count":62,"href":"https:\/\/blogs2.abo.fi\/studieorientering-fhpt\/wp-json\/wp\/v2\/pages\/44\/revisions"}],"predecessor-version":[{"id":1784,"href":"https:\/\/blogs2.abo.fi\/studieorientering-fhpt\/wp-json\/wp\/v2\/pages\/44\/revisions\/1784"}],"wp:attachment":[{"href":"https:\/\/blogs2.abo.fi\/studieorientering-fhpt\/wp-json\/wp\/v2\/media?parent=44"}],"curies":[{"name":"wp","href":"https:\/\/api.w.org\/{rel}","templated":true}]}}