{"id":42,"date":"2021-08-16T08:58:25","date_gmt":"2021-08-16T08:58:25","guid":{"rendered":"https:\/\/blogs2.abo.fi\/studieorientering-fhpt\/?page_id=42"},"modified":"2025-08-15T05:14:31","modified_gmt":"2025-08-15T05:14:31","slug":"onsdagkhf","status":"publish","type":"page","link":"https:\/\/blogs2.abo.fi\/studieorientering-fhpt\/onsdagkhf\/","title":{"rendered":"Onsdag"},"content":{"rendered":"<table>\r\n<tbody>\r\n<tr>\r\n<td width=\"104\">9:00-10:30<\/td>\r\n<td width=\"378\"><strong>Genomg\u00e5ng av studieplaneringsverktyget Peppi, anm\u00e4lan till kurser \u2013 ta med egen dator!<br \/><\/strong>GRUPP 1 alfabetiskt enligt efternamn, <strong>A-KA<\/strong><br \/>Studier\u00e5dgivare Pia-Maria Gardberg<\/td>\r\n<td width=\"119\">Aud. Helikon A202, Arken<\/td>\r\n<\/tr>\r\n<tr>\r\n<td width=\"104\">10:45-12:15<\/td>\r\n<td width=\"378\">\r\n<p><strong>Genomg\u00e5ng av studieplaneringsverktyget Peppi, anm\u00e4lan till kurser \u2013 ta med egen dator!<br \/><\/strong>GRUPP 2 alfabetiskt enligt efternamn, <strong>KRO-\u00d6<\/strong><br \/>Studier\u00e5dgivare Pia-Maria Gardberg<\/p>\r\n<\/td>\r\n<td width=\"119\">Aud. Helikon A202, Arken<\/td>\r\n<\/tr>\r\n<\/tbody>\r\n<\/table>\r\n<h4 style=\"text-align: center\"><span style=\"font-weight: 300;font-size: 15px\"><strong><br \/>Titta p\u00e5 Peppi-videorna nedan innan studieplaneringstillf\u00e4llet<\/strong>.<br \/><br \/><\/span><\/h4>\r\n<figure class=\"wp-block-table\"><span style=\"font-size: 15px\">\n<!-- iframe plugin v.6.0 wordpress.org\/plugins\/iframe\/ -->\n<iframe loading=\"lazy\" src=\"https:\/\/panopto.abo.fi\/Panopto\/Pages\/Embed.aspx?id=910c04d1-f8ff-4780-b230-ad5700912292&#038;autoplay=false&#038;offerviewer=false&#038;showtitle=true&#038;showbrand=false&#038;start=0&#038;interactivity=none\" height=\"405\" width=\"720\" style=\"border: 0px solid #464646;\" 0=\"allowfullscreen\" allow=\"autoplay\" scrolling=\"yes\" class=\"iframe-class\" frameborder=\"0\"><\/iframe>\n<br \/><\/span><span style=\"font-size: 15px\">\n<!-- iframe plugin v.6.0 wordpress.org\/plugins\/iframe\/ -->\n<iframe loading=\"lazy\" src=\"https:\/\/panopto.abo.fi\/Panopto\/Pages\/Embed.aspx?id=abe25e06-9bf1-465b-b028-ad57009126ee&#038;autoplay=false&#038;offerviewer=false&#038;showtitle=true&#038;showbrand=false&#038;start=0&#038;interactivity=all\" height=\"405\" width=\"720\" style=\"border: 0px solid #464646;\" 0=\"allowfullscreen\" 1=\"allow=&quot;autoplay&quot;&gt;&lt;\/iframe\" scrolling=\"yes\" class=\"iframe-class\" frameborder=\"0\"><\/iframe>\n<br \/><\/span>\n<!-- iframe plugin v.6.0 wordpress.org\/plugins\/iframe\/ -->\n<iframe loading=\"lazy\" src=\"https:\/\/panopto.abo.fi\/Panopto\/Pages\/Embed.aspx?id=4b70779a-33d5-460a-a07b-ad5700a1238c&#038;autoplay=false&#038;offerviewer=false&#038;showtitle=true&#038;showbrand=false&#038;start=0&#038;interactivity=all\" height=\"405\" width=\"720\" style=\"border: 0px solid #464646;\" 0=\"allowfullscreen\" allow=\"autoplay\" scrolling=\"yes\" class=\"iframe-class\" frameborder=\"0\"><\/iframe>\n<br \/>\n<!-- iframe plugin v.6.0 wordpress.org\/plugins\/iframe\/ -->\n<iframe loading=\"lazy\" src=\"https:\/\/panopto.abo.fi\/Panopto\/Pages\/Embed.aspx?id=10e21b23-e16e-401a-9ecb-ad57009129ea&#038;autoplay=false&#038;offerviewer=false&#038;showtitle=true&#038;showbrand=false&#038;start=0&#038;interactivity=all\" height=\"405\" width=\"720\" style=\"border: 0px solid #464646;\" 0=\"allowfullscreen\" allow=\"autoplay\" scrolling=\"yes\" class=\"iframe-class\" frameborder=\"0\"><\/iframe>\n<\/figure>\r\n","protected":false},"excerpt":{"rendered":"<p>9:00-10:30 Genomg\u00e5ng av studieplaneringsverktyget Peppi, anm\u00e4lan till kurser \u2013 ta med egen dator!GRUPP 1 alfabetiskt enligt efternamn, A-KAStudier\u00e5dgivare Pia-Maria Gardberg Aud. Helikon A202, Arken 10:45-12:15 Genomg\u00e5ng av studieplaneringsverktyget Peppi, anm\u00e4lan till kurser \u2013 ta med egen dator!GRUPP 2 alfabetiskt enligt &hellip; <a href=\"https:\/\/blogs2.abo.fi\/studieorientering-fhpt\/onsdagkhf\/\">Forts\u00e4tt l\u00e4sa <span class=\"meta-nav\">&rarr;<\/span><\/a><\/p>\n","protected":false},"author":482,"featured_media":0,"parent":0,"menu_order":0,"comment_status":"closed","ping_status":"closed","template":"","meta":{"footnotes":""},"class_list":["post-42","page","type-page","status-publish","hentry"],"_links":{"self":[{"href":"https:\/\/blogs2.abo.fi\/studieorientering-fhpt\/wp-json\/wp\/v2\/pages\/42","targetHints":{"allow":["GET"]}}],"collection":[{"href":"https:\/\/blogs2.abo.fi\/studieorientering-fhpt\/wp-json\/wp\/v2\/pages"}],"about":[{"href":"https:\/\/blogs2.abo.fi\/studieorientering-fhpt\/wp-json\/wp\/v2\/types\/page"}],"author":[{"embeddable":true,"href":"https:\/\/blogs2.abo.fi\/studieorientering-fhpt\/wp-json\/wp\/v2\/users\/482"}],"replies":[{"embeddable":true,"href":"https:\/\/blogs2.abo.fi\/studieorientering-fhpt\/wp-json\/wp\/v2\/comments?post=42"}],"version-history":[{"count":39,"href":"https:\/\/blogs2.abo.fi\/studieorientering-fhpt\/wp-json\/wp\/v2\/pages\/42\/revisions"}],"predecessor-version":[{"id":1757,"href":"https:\/\/blogs2.abo.fi\/studieorientering-fhpt\/wp-json\/wp\/v2\/pages\/42\/revisions\/1757"}],"wp:attachment":[{"href":"https:\/\/blogs2.abo.fi\/studieorientering-fhpt\/wp-json\/wp\/v2\/media?parent=42"}],"curies":[{"name":"wp","href":"https:\/\/api.w.org\/{rel}","templated":true}]}}