{"id":38,"date":"2021-08-16T08:58:00","date_gmt":"2021-08-16T08:58:00","guid":{"rendered":"https:\/\/blogs2.abo.fi\/studieorientering-fhpt\/?page_id=38"},"modified":"2025-08-12T08:28:31","modified_gmt":"2025-08-12T08:28:31","slug":"mandagkhf","status":"publish","type":"page","link":"https:\/\/blogs2.abo.fi\/studieorientering-fhpt\/mandagkhf\/","title":{"rendered":"M\u00e5ndag"},"content":{"rendered":"<table style=\"height: 522px\" width=\"610\">\n<tbody>\n<tr>\n<td width=\"84\">10:00<\/td>\n<td width=\"418\"><strong>Institutionens prefekt Jan Antfolks v\u00e4lkomsth\u00e4lsning <\/strong><\/p>\n<p><strong>Tf rektor Gunilla Wid\u00e9ns v\u00e4lkomsth\u00e4lsning<\/strong><\/p>\n<p><strong>Allm\u00e4nt om studier och presentation av institutionens studiev\u00e4gledare<\/strong><\/p>\n<p><strong>Information f\u00f6r studerande med specialbehov<\/strong><\/p>\n<p><strong>Indelning i tutorgrupper<\/strong><\/td>\n<td width=\"151\">Aud. A102 Armfelt, Arken<\/td>\n<\/tr>\n<tr>\n<td width=\"84\">12:00<\/td>\n<td style=\"text-align: center\" width=\"418\"><strong>Lunch med tutorerna<\/strong><\/td>\n<td width=\"151\"><\/td>\n<\/tr>\n<tr>\n<td width=\"84\">13:00-14:15<\/td>\n<td width=\"418\"><strong>Utbildningsprogrammet i kultur, historia och filosofi<br \/>\n<\/strong>V\u00e4lkomsth\u00e4lsning: kandidatprogramansvarig Blanka Henriksson<br \/>\nPresentation av programmet: studier\u00e5dgivare Pia-Maria Gardberg<\/td>\n<td width=\"151\">Aud. A202,<br \/>\nHelikon, Arken<\/td>\n<\/tr>\n<tr>\n<td width=\"84\">14:15-15:45<\/td>\n<td width=\"418\"><strong>Get together f\u00f6r KHF-gulisarna<br \/>\n<\/strong>Egenl\u00e4rare Sofia Wanstr\u00f6m, studier\u00e5dgivare Pia-Maria Gardberg och tutorerna<\/td>\n<td width=\"151\">Aud. A202,<br \/>\nHelikon, Arken<\/td>\n<\/tr>\n<\/tbody>\n<\/table>\n","protected":false},"excerpt":{"rendered":"<p>10:00 Institutionens prefekt Jan Antfolks v\u00e4lkomsth\u00e4lsning Tf rektor Gunilla Wid\u00e9ns v\u00e4lkomsth\u00e4lsning Allm\u00e4nt om studier och presentation av institutionens studiev\u00e4gledare Information f\u00f6r studerande med specialbehov Indelning i tutorgrupper Aud. A102 Armfelt, Arken 12:00 Lunch med tutorerna 13:00-14:15 Utbildningsprogrammet i kultur, historia &hellip; <a href=\"https:\/\/blogs2.abo.fi\/studieorientering-fhpt\/mandagkhf\/\">Forts\u00e4tt l\u00e4sa <span class=\"meta-nav\">&rarr;<\/span><\/a><\/p>\n","protected":false},"author":482,"featured_media":0,"parent":0,"menu_order":0,"comment_status":"closed","ping_status":"closed","template":"","meta":{"footnotes":""},"class_list":["post-38","page","type-page","status-publish","hentry"],"_links":{"self":[{"href":"https:\/\/blogs2.abo.fi\/studieorientering-fhpt\/wp-json\/wp\/v2\/pages\/38","targetHints":{"allow":["GET"]}}],"collection":[{"href":"https:\/\/blogs2.abo.fi\/studieorientering-fhpt\/wp-json\/wp\/v2\/pages"}],"about":[{"href":"https:\/\/blogs2.abo.fi\/studieorientering-fhpt\/wp-json\/wp\/v2\/types\/page"}],"author":[{"embeddable":true,"href":"https:\/\/blogs2.abo.fi\/studieorientering-fhpt\/wp-json\/wp\/v2\/users\/482"}],"replies":[{"embeddable":true,"href":"https:\/\/blogs2.abo.fi\/studieorientering-fhpt\/wp-json\/wp\/v2\/comments?post=38"}],"version-history":[{"count":56,"href":"https:\/\/blogs2.abo.fi\/studieorientering-fhpt\/wp-json\/wp\/v2\/pages\/38\/revisions"}],"predecessor-version":[{"id":1745,"href":"https:\/\/blogs2.abo.fi\/studieorientering-fhpt\/wp-json\/wp\/v2\/pages\/38\/revisions\/1745"}],"wp:attachment":[{"href":"https:\/\/blogs2.abo.fi\/studieorientering-fhpt\/wp-json\/wp\/v2\/media?parent=38"}],"curies":[{"name":"wp","href":"https:\/\/api.w.org\/{rel}","templated":true}]}}