{"id":13,"date":"2021-08-16T08:33:55","date_gmt":"2021-08-16T08:33:55","guid":{"rendered":"https:\/\/blogs2.abo.fi\/studieorientering-fhpt\/?page_id=13"},"modified":"2023-08-24T08:37:25","modified_gmt":"2023-08-24T08:37:25","slug":"teologi","status":"publish","type":"page","link":"https:\/\/blogs2.abo.fi\/studieorientering-fhpt\/teologi\/","title":{"rendered":"Teologi"},"content":{"rendered":"<p style=\"text-align: justify\">V\u00e4lkommen till utbildningsprogrammet i teologi. Du hittar veckans schema i roll-down menyn och l\u00e4ngst ner i menyn hittar du viktiga datum f\u00f6r resten av h\u00f6sten.<\/p>\n","protected":false},"excerpt":{"rendered":"<p>V\u00e4lkommen till utbildningsprogrammet i teologi. Du hittar veckans schema i roll-down menyn och l\u00e4ngst ner i menyn hittar du viktiga datum f\u00f6r resten av h\u00f6sten.<\/p>\n","protected":false},"author":482,"featured_media":0,"parent":0,"menu_order":0,"comment_status":"closed","ping_status":"closed","template":"","meta":{"footnotes":""},"class_list":["post-13","page","type-page","status-publish","hentry"],"_links":{"self":[{"href":"https:\/\/blogs2.abo.fi\/studieorientering-fhpt\/wp-json\/wp\/v2\/pages\/13","targetHints":{"allow":["GET"]}}],"collection":[{"href":"https:\/\/blogs2.abo.fi\/studieorientering-fhpt\/wp-json\/wp\/v2\/pages"}],"about":[{"href":"https:\/\/blogs2.abo.fi\/studieorientering-fhpt\/wp-json\/wp\/v2\/types\/page"}],"author":[{"embeddable":true,"href":"https:\/\/blogs2.abo.fi\/studieorientering-fhpt\/wp-json\/wp\/v2\/users\/482"}],"replies":[{"embeddable":true,"href":"https:\/\/blogs2.abo.fi\/studieorientering-fhpt\/wp-json\/wp\/v2\/comments?post=13"}],"version-history":[{"count":5,"href":"https:\/\/blogs2.abo.fi\/studieorientering-fhpt\/wp-json\/wp\/v2\/pages\/13\/revisions"}],"predecessor-version":[{"id":1417,"href":"https:\/\/blogs2.abo.fi\/studieorientering-fhpt\/wp-json\/wp\/v2\/pages\/13\/revisions\/1417"}],"wp:attachment":[{"href":"https:\/\/blogs2.abo.fi\/studieorientering-fhpt\/wp-json\/wp\/v2\/media?parent=13"}],"curies":[{"name":"wp","href":"https:\/\/api.w.org\/{rel}","templated":true}]}}