{"id":123,"date":"2021-08-16T09:21:15","date_gmt":"2021-08-16T09:21:15","guid":{"rendered":"https:\/\/blogs2.abo.fi\/studieorientering-fhpt\/?page_id=123"},"modified":"2025-09-09T09:34:53","modified_gmt":"2025-09-09T09:34:53","slug":"viktiginfoteologi","status":"publish","type":"page","link":"https:\/\/blogs2.abo.fi\/studieorientering-fhpt\/viktiginfoteologi\/","title":{"rendered":"Viktig info"},"content":{"rendered":"<table>\n<tbody>\n<tr>\n<td>4.9.2025<\/td>\n<td><strong><a href=\"https:\/\/www.abo.fi\/evenemang\/inskription-abo-2024-2025\/\">Inskription<\/a><\/strong><\/td>\n<td>\u00c5bo domkyrka och Solenintetssalen<\/td>\n<\/tr>\n<\/tbody>\n<\/table>\n<h1>\u00c4mnesl\u00e4rare<\/h1>\n<p>&nbsp;<\/p>\n<table>\n<tbody>\n<tr>\n<td width=\"104\">4-5.9.2025<\/td>\n<td width=\"378\"><strong>Urvalet f\u00f6r l\u00e4rarutbildningslinjen<br \/>\nf\u00f6r blivande \u00e4mnesl\u00e4rare<\/strong><\/td>\n<td width=\"119\">\u00c5bo<\/td>\n<\/tr>\n<\/tbody>\n<\/table>\n<h1>Studieplanering i Peppi<\/h1>\n<h3>Studiev\u00e4gledare Yasmin Nyqvist<\/h3>\n<table>\n<tbody>\n<tr>\n<td width=\"95\"><\/td>\n<td width=\"387\"><\/td>\n<td width=\"119\"><\/td>\n<td><\/td>\n<\/tr>\n<\/tbody>\n<\/table>\n<p>F\u00f6r inspiration och mera information om studier i teologi, bekanta dig g\u00e4rna med teologins sidor i <a href=\"https:\/\/blogs2.abo.fi\/studieinformationteologi\/\">Studieinfomationsverktyget SIV<\/a>!<\/p>\n","protected":false},"excerpt":{"rendered":"<p>4.9.2025 Inskription \u00c5bo domkyrka och Solenintetssalen \u00c4mnesl\u00e4rare &nbsp; 4-5.9.2025 Urvalet f\u00f6r l\u00e4rarutbildningslinjen f\u00f6r blivande \u00e4mnesl\u00e4rare \u00c5bo Studieplanering i Peppi Studiev\u00e4gledare Yasmin Nyqvist F\u00f6r inspiration och mera information om studier i teologi, bekanta dig g\u00e4rna med teologins sidor i Studieinfomationsverktyget SIV!<\/p>\n","protected":false},"author":482,"featured_media":0,"parent":0,"menu_order":0,"comment_status":"closed","ping_status":"closed","template":"","meta":{"footnotes":""},"class_list":["post-123","page","type-page","status-publish","hentry"],"_links":{"self":[{"href":"https:\/\/blogs2.abo.fi\/studieorientering-fhpt\/wp-json\/wp\/v2\/pages\/123","targetHints":{"allow":["GET"]}}],"collection":[{"href":"https:\/\/blogs2.abo.fi\/studieorientering-fhpt\/wp-json\/wp\/v2\/pages"}],"about":[{"href":"https:\/\/blogs2.abo.fi\/studieorientering-fhpt\/wp-json\/wp\/v2\/types\/page"}],"author":[{"embeddable":true,"href":"https:\/\/blogs2.abo.fi\/studieorientering-fhpt\/wp-json\/wp\/v2\/users\/482"}],"replies":[{"embeddable":true,"href":"https:\/\/blogs2.abo.fi\/studieorientering-fhpt\/wp-json\/wp\/v2\/comments?post=123"}],"version-history":[{"count":34,"href":"https:\/\/blogs2.abo.fi\/studieorientering-fhpt\/wp-json\/wp\/v2\/pages\/123\/revisions"}],"predecessor-version":[{"id":1800,"href":"https:\/\/blogs2.abo.fi\/studieorientering-fhpt\/wp-json\/wp\/v2\/pages\/123\/revisions\/1800"}],"wp:attachment":[{"href":"https:\/\/blogs2.abo.fi\/studieorientering-fhpt\/wp-json\/wp\/v2\/media?parent=123"}],"curies":[{"name":"wp","href":"https:\/\/api.w.org\/{rel}","templated":true}]}}