{"id":117,"date":"2021-08-16T09:20:39","date_gmt":"2021-08-16T09:20:39","guid":{"rendered":"https:\/\/blogs2.abo.fi\/studieorientering-fhpt\/?page_id=117"},"modified":"2025-08-12T08:50:41","modified_gmt":"2025-08-12T08:50:41","slug":"onsdagteologi","status":"publish","type":"page","link":"https:\/\/blogs2.abo.fi\/studieorientering-fhpt\/onsdagteologi\/","title":{"rendered":"Onsdag"},"content":{"rendered":"<table style=\"font-size: 15px\">\n<tbody>\n<tr>\n<td width=\"104\">10:00-11:00<\/td>\n<td width=\"378\"><strong>Studentpr\u00e4sterna presenterar sig<\/strong><\/td>\n<td width=\"119\">Campuskapellet, Rektors\u00e5kersgatan 4 c, 1. v\u00e5ningen, h\u00f6rnet av husen B och C<\/td>\n<\/tr>\n<tr>\n<td width=\"104\"><\/td>\n<td width=\"378\">\n<p style=\"text-align: center\"><strong>Lunch<\/strong><\/p>\n<\/td>\n<td width=\"119\"><\/td>\n<\/tr>\n<tr>\n<td width=\"104\">13:00<\/td>\n<td width=\"378\">\n<div class=\"page\" title=\"Page 1\">\n<div class=\"section\">\n<div class=\"layoutArea\">\n<div class=\"column\">\n<p><strong>Information om spr\u00e5kkurser f\u00f6r de som \u00e4r intresserade av pr\u00e4stbeh\u00f6righet eller bibeltolkning (exegetik)<\/strong><br \/>\nKandidatprogramansvarig Pekka Lindqvist<\/p>\n<\/div>\n<\/div>\n<\/div>\n<\/div>\n<\/td>\n<td width=\"119\">Aud. Theologicum, Teologiska Annexet<\/td>\n<\/tr>\n<tr>\n<td width=\"104\">14:00<\/td>\n<td width=\"378\">\n<div class=\"page\" title=\"Page 1\">\n<div class=\"section\">\n<div class=\"layoutArea\">\n<div class=\"column\"><strong>Information om magistersstudier, inklusive bryggstudier och pr\u00e4stbeh\u00f6righet samt genomg\u00e5ng av studieplaneringsverktyget Peppi f\u00f6r magisterstuderande, anm\u00e4lan till kurser \u2013 ta med egen dator!<\/strong><br \/>\nMagistersprogramansvarig Bj\u00f6rn Vikstr\u00f6m, studiev\u00e4gledare Pia-Maria Gardberg<\/div>\n<\/div>\n<\/div>\n<\/div>\n<\/td>\n<td width=\"119\">Aud. Theologicum, Teologiska Annexet<\/td>\n<\/tr>\n<\/tbody>\n<\/table>\n<h4><strong>Titta p\u00e5 Peppi-videorna h\u00e4runder innan studieplaneringstillf\u00e4llet<\/strong>.<\/h4>\n<figure class=\"wp-block-table\"><span style=\"font-size: 15px\">\n<!-- iframe plugin v.6.0 wordpress.org\/plugins\/iframe\/ -->\n<iframe loading=\"lazy\" src=\"https:\/\/panopto.abo.fi\/Panopto\/Pages\/Embed.aspx?id=910c04d1-f8ff-4780-b230-ad5700912292&#038;autoplay=false&#038;offerviewer=false&#038;showtitle=true&#038;showbrand=false&#038;start=0&#038;interactivity=none\" height=\"405\" width=\"720\" style=\"border: 1px solid #464646;\" 0=\"allowfullscreen\" allow=\"autoplay\" scrolling=\"yes\" class=\"iframe-class\" frameborder=\"0\"><\/iframe>\n <\/span><span style=\"font-size: 15px\">\n<!-- iframe plugin v.6.0 wordpress.org\/plugins\/iframe\/ -->\n<iframe loading=\"lazy\" src=\"https:\/\/panopto.abo.fi\/Panopto\/Pages\/Embed.aspx?id=abe25e06-9bf1-465b-b028-ad57009126ee&#038;autoplay=false&#038;offerviewer=false&#038;showtitle=true&#038;showbrand=false&#038;start=0&#038;interactivity=all\" height=\"405\" width=\"720\" style=\"border: 1px solid #464646;\" 0=\"allowfullscreen\" 1=\"allow=&quot;autoplay&quot;&gt;&lt;\/iframe\" scrolling=\"yes\" class=\"iframe-class\" frameborder=\"0\"><\/iframe>\n <\/span>\n<!-- iframe plugin v.6.0 wordpress.org\/plugins\/iframe\/ -->\n<iframe loading=\"lazy\" src=\"https:\/\/panopto.abo.fi\/Panopto\/Pages\/Embed.aspx?id=4b70779a-33d5-460a-a07b-ad5700a1238c&#038;autoplay=false&#038;offerviewer=false&#038;showtitle=true&#038;showbrand=false&#038;start=0&#038;interactivity=all\" height=\"405\" width=\"720\" style=\"border: 1px solid #464646;\" 0=\"allowfullscreen\" allow=\"autoplay\" scrolling=\"yes\" class=\"iframe-class\" frameborder=\"0\"><\/iframe>\n \n<!-- iframe plugin v.6.0 wordpress.org\/plugins\/iframe\/ -->\n<iframe loading=\"lazy\" src=\"https:\/\/panopto.abo.fi\/Panopto\/Pages\/Embed.aspx?id=10e21b23-e16e-401a-9ecb-ad57009129ea&#038;autoplay=false&#038;offerviewer=false&#038;showtitle=true&#038;showbrand=false&#038;start=0&#038;interactivity=all\" height=\"405\" width=\"720\" style=\"border: 1px solid #464646;\" 0=\"allowfullscreen\" allow=\"autoplay\" scrolling=\"yes\" class=\"iframe-class\" frameborder=\"0\"><\/iframe>\n<\/figure>\n","protected":false},"excerpt":{"rendered":"<p>10:00-11:00 Studentpr\u00e4sterna presenterar sig Campuskapellet, Rektors\u00e5kersgatan 4 c, 1. v\u00e5ningen, h\u00f6rnet av husen B och C Lunch 13:00 Information om spr\u00e5kkurser f\u00f6r de som \u00e4r intresserade av pr\u00e4stbeh\u00f6righet eller bibeltolkning (exegetik) Kandidatprogramansvarig Pekka Lindqvist Aud. Theologicum, Teologiska Annexet 14:00 Information &hellip; <a href=\"https:\/\/blogs2.abo.fi\/studieorientering-fhpt\/onsdagteologi\/\">Forts\u00e4tt l\u00e4sa <span class=\"meta-nav\">&rarr;<\/span><\/a><\/p>\n","protected":false},"author":482,"featured_media":0,"parent":0,"menu_order":0,"comment_status":"closed","ping_status":"closed","template":"","meta":{"footnotes":""},"class_list":["post-117","page","type-page","status-publish","hentry"],"_links":{"self":[{"href":"https:\/\/blogs2.abo.fi\/studieorientering-fhpt\/wp-json\/wp\/v2\/pages\/117","targetHints":{"allow":["GET"]}}],"collection":[{"href":"https:\/\/blogs2.abo.fi\/studieorientering-fhpt\/wp-json\/wp\/v2\/pages"}],"about":[{"href":"https:\/\/blogs2.abo.fi\/studieorientering-fhpt\/wp-json\/wp\/v2\/types\/page"}],"author":[{"embeddable":true,"href":"https:\/\/blogs2.abo.fi\/studieorientering-fhpt\/wp-json\/wp\/v2\/users\/482"}],"replies":[{"embeddable":true,"href":"https:\/\/blogs2.abo.fi\/studieorientering-fhpt\/wp-json\/wp\/v2\/comments?post=117"}],"version-history":[{"count":40,"href":"https:\/\/blogs2.abo.fi\/studieorientering-fhpt\/wp-json\/wp\/v2\/pages\/117\/revisions"}],"predecessor-version":[{"id":1756,"href":"https:\/\/blogs2.abo.fi\/studieorientering-fhpt\/wp-json\/wp\/v2\/pages\/117\/revisions\/1756"}],"wp:attachment":[{"href":"https:\/\/blogs2.abo.fi\/studieorientering-fhpt\/wp-json\/wp\/v2\/media?parent=117"}],"curies":[{"name":"wp","href":"https:\/\/api.w.org\/{rel}","templated":true}]}}