{"id":115,"date":"2021-08-16T09:20:26","date_gmt":"2021-08-16T09:20:26","guid":{"rendered":"https:\/\/blogs2.abo.fi\/studieorientering-fhpt\/?page_id=115"},"modified":"2025-08-12T08:42:03","modified_gmt":"2025-08-12T08:42:03","slug":"tirsdagteologi","status":"publish","type":"page","link":"https:\/\/blogs2.abo.fi\/studieorientering-fhpt\/tirsdagteologi\/","title":{"rendered":"Tisdag"},"content":{"rendered":"<table style=\"font-size: 15px\">\n<tbody>\n<tr>\n<td width=\"104\">9:00-11:00<\/td>\n<td width=\"378\"><strong>Genomg\u00e5ng av studiernas inneh\u00e5ll (examensstrukturerna)<br \/>\n<\/strong><br \/>\n<strong><span class=\"TextRun SCXW171310152 BCX9\" lang=\"SV-FI\" xml:lang=\"SV-FI\" data-contrast=\"auto\"><span class=\"NormalTextRun SCXW171310152 BCX9\">Genomg\u00e5ng av studieplaneringsverktyget <\/span><span class=\"NormalTextRun SpellingErrorV2Themed SCXW171310152 BCX9\">Peppi<\/span><span class=\"NormalTextRun SCXW171310152 BCX9\">, anm\u00e4lan till kurser<\/span><span class=\"NormalTextRun SCXW171310152 BCX9\"> \u2013 ta med egen dator!<\/span><\/span><\/strong>Studiev\u00e4gledare Pia-Maria Gardberg<\/td>\n<td width=\"119\">Aud. Theologicum, Teologiska Annexet<\/td>\n<\/tr>\n<tr>\n<td width=\"104\">12:00<\/td>\n<td style=\"text-align: center\" width=\"378\"><strong>Lunch<\/strong><\/td>\n<td width=\"119\"><\/td>\n<\/tr>\n<tr>\n<td width=\"104\">13:00<\/td>\n<td width=\"378\"><strong>F\u00f6rel\u00e4sning f\u00f6r alla gulisar: &#8221;Inkluderande arbetss\u00e4tt. Studieliv och arbetsliv&#8221;<br \/>\n<\/strong><span class=\"ui-provider a b c d e f g h i j k l m n o p q r s t u v w x y z ab ac ae af ag ah ai aj ak\" dir=\"ltr\">J\u00fcrgen Ross<\/span>, projektledare, Ekvalita<\/td>\n<td width=\"119\">Aud. A102 Armfelt, Arken<\/td>\n<\/tr>\n<tr>\n<td width=\"104\">14:30-15:00<\/td>\n<td width=\"378\"><strong><span class=\"TextRun SCXW54493562 BCX9\" lang=\"SV-FI\" xml:lang=\"SV-FI\" data-contrast=\"auto\"><span class=\"NormalTextRun SCXW54493562 BCX9\" data-ccp-parastyle=\"No Spacing\">Institutionens st\u00f6rsta studentf\u00f6reningar presenterar sig <\/span><\/span><\/strong><span class=\"EOP SCXW54493562 BCX9\" data-ccp-props=\"{&quot;201341983&quot;:0,&quot;335559739&quot;:0,&quot;335559740&quot;:240}\"><br \/>\n<span class=\"TextRun SCXW180975876 BCX9\" lang=\"SV-FI\" xml:lang=\"SV-FI\" data-contrast=\"auto\"><span class=\"NormalTextRun SCXW180975876 BCX9\" data-ccp-parastyle=\"No Spacing\"><span class=\"EOP SCXW210226316 BCX9\" data-ccp-props=\"{&quot;201341983&quot;:0,&quot;335559739&quot;:0,&quot;335559740&quot;:240}\">Humanistiska F\u00f6reningen, Teologiska studentf\u00f6reningen, Impuls, Vocalis, Lingua Franca<br \/>\n<\/span><\/span><\/span><\/span><\/td>\n<td width=\"119\">Aud. A102 Armfelt, Arken<\/td>\n<\/tr>\n<tr>\n<td width=\"104\">15:00-<\/td>\n<td width=\"378\"><strong>Institutionens specialf\u00f6reningar presenterar sig i aulan utanf\u00f6r Armfelt<\/strong><\/td>\n<td width=\"119\">\u00a0Arkens aula<\/td>\n<\/tr>\n<\/tbody>\n<\/table>\n","protected":false},"excerpt":{"rendered":"<p>9:00-11:00 Genomg\u00e5ng av studiernas inneh\u00e5ll (examensstrukturerna) Genomg\u00e5ng av studieplaneringsverktyget Peppi, anm\u00e4lan till kurser \u2013 ta med egen dator!Studiev\u00e4gledare Pia-Maria Gardberg Aud. Theologicum, Teologiska Annexet 12:00 Lunch 13:00 F\u00f6rel\u00e4sning f\u00f6r alla gulisar: &#8221;Inkluderande arbetss\u00e4tt. Studieliv och arbetsliv&#8221; J\u00fcrgen Ross, projektledare, Ekvalita &hellip; <a href=\"https:\/\/blogs2.abo.fi\/studieorientering-fhpt\/tirsdagteologi\/\">Forts\u00e4tt l\u00e4sa <span class=\"meta-nav\">&rarr;<\/span><\/a><\/p>\n","protected":false},"author":482,"featured_media":0,"parent":0,"menu_order":0,"comment_status":"closed","ping_status":"closed","template":"","meta":{"footnotes":""},"class_list":["post-115","page","type-page","status-publish","hentry"],"_links":{"self":[{"href":"https:\/\/blogs2.abo.fi\/studieorientering-fhpt\/wp-json\/wp\/v2\/pages\/115","targetHints":{"allow":["GET"]}}],"collection":[{"href":"https:\/\/blogs2.abo.fi\/studieorientering-fhpt\/wp-json\/wp\/v2\/pages"}],"about":[{"href":"https:\/\/blogs2.abo.fi\/studieorientering-fhpt\/wp-json\/wp\/v2\/types\/page"}],"author":[{"embeddable":true,"href":"https:\/\/blogs2.abo.fi\/studieorientering-fhpt\/wp-json\/wp\/v2\/users\/482"}],"replies":[{"embeddable":true,"href":"https:\/\/blogs2.abo.fi\/studieorientering-fhpt\/wp-json\/wp\/v2\/comments?post=115"}],"version-history":[{"count":25,"href":"https:\/\/blogs2.abo.fi\/studieorientering-fhpt\/wp-json\/wp\/v2\/pages\/115\/revisions"}],"predecessor-version":[{"id":1755,"href":"https:\/\/blogs2.abo.fi\/studieorientering-fhpt\/wp-json\/wp\/v2\/pages\/115\/revisions\/1755"}],"wp:attachment":[{"href":"https:\/\/blogs2.abo.fi\/studieorientering-fhpt\/wp-json\/wp\/v2\/media?parent=115"}],"curies":[{"name":"wp","href":"https:\/\/api.w.org\/{rel}","templated":true}]}}