{"id":113,"date":"2021-08-16T09:20:11","date_gmt":"2021-08-16T09:20:11","guid":{"rendered":"https:\/\/blogs2.abo.fi\/studieorientering-fhpt\/?page_id=113"},"modified":"2025-08-11T08:40:03","modified_gmt":"2025-08-11T08:40:03","slug":"mandagteologi","status":"publish","type":"page","link":"https:\/\/blogs2.abo.fi\/studieorientering-fhpt\/mandagteologi\/","title":{"rendered":"M\u00e5ndag"},"content":{"rendered":"<table style=\"height: 522px\" width=\"610\">\n<tbody>\n<tr>\n<td width=\"84\">10:00<\/td>\n<td width=\"418\"><strong><strong>Institutionens prefekt Jan Antfolks v\u00e4lkomsth\u00e4lsning<\/strong><\/strong><\/p>\n<p><strong><strong><br \/>\n<\/strong><\/strong><strong>Tf rektor Gunilla Wid\u00e9ns v\u00e4lkomsth\u00e4lsning<\/strong><\/p>\n<p><strong>Allm\u00e4nt om studier och presentation av studier\u00e5dgivarna<\/strong><\/p>\n<p><strong>Information f\u00f6r studerande med specialbehov<\/strong><\/p>\n<p><strong>Indelning i tutorgrupper<\/strong><\/td>\n<td width=\"151\">Aud. A102 Armfelt, Arken<\/td>\n<\/tr>\n<tr>\n<td width=\"84\">12:00<\/td>\n<td style=\"text-align: center\" width=\"418\"><strong>Lunch med tutorerna<\/strong><\/td>\n<td width=\"151\"><\/td>\n<\/tr>\n<tr>\n<td width=\"84\">13:00-13:30<\/td>\n<td width=\"418\"><strong>V\u00e4lkommen till utbildningsprogrammmet i teologi<br \/>\n<\/strong><span class=\"ui-provider en cet cdr ceu cev cew cex cey cez cfa cfb cfc cfd cfe cff cfg cfh cfi cfj cfk cfl cfm cfn cfo cfp cfq cfr cfs cft cfu cfv cfw cfx cfy cfz\" dir=\"ltr\">Kandidatprogramansvarig<\/span> Pekka Lindqvist<\/td>\n<td width=\"151\">Aud. Theologicum, Teologiska Annexet<\/td>\n<\/tr>\n<tr>\n<td width=\"84\">13:30-15:00<\/td>\n<td width=\"418\"><strong>Tr\u00e4ff med programmets personal samt tutor- och egenl\u00e4rartr\u00e4ff<\/strong><\/td>\n<td width=\"151\">Aud. Theologicum, Teologiska Annexet<\/td>\n<\/tr>\n<\/tbody>\n<\/table>\n","protected":false},"excerpt":{"rendered":"<p>10:00 Institutionens prefekt Jan Antfolks v\u00e4lkomsth\u00e4lsning Tf rektor Gunilla Wid\u00e9ns v\u00e4lkomsth\u00e4lsning Allm\u00e4nt om studier och presentation av studier\u00e5dgivarna Information f\u00f6r studerande med specialbehov Indelning i tutorgrupper Aud. A102 Armfelt, Arken 12:00 Lunch med tutorerna 13:00-13:30 V\u00e4lkommen till utbildningsprogrammmet i teologi &hellip; <a href=\"https:\/\/blogs2.abo.fi\/studieorientering-fhpt\/mandagteologi\/\">Forts\u00e4tt l\u00e4sa <span class=\"meta-nav\">&rarr;<\/span><\/a><\/p>\n","protected":false},"author":482,"featured_media":0,"parent":0,"menu_order":0,"comment_status":"closed","ping_status":"closed","template":"","meta":{"footnotes":""},"class_list":["post-113","page","type-page","status-publish","hentry"],"_links":{"self":[{"href":"https:\/\/blogs2.abo.fi\/studieorientering-fhpt\/wp-json\/wp\/v2\/pages\/113","targetHints":{"allow":["GET"]}}],"collection":[{"href":"https:\/\/blogs2.abo.fi\/studieorientering-fhpt\/wp-json\/wp\/v2\/pages"}],"about":[{"href":"https:\/\/blogs2.abo.fi\/studieorientering-fhpt\/wp-json\/wp\/v2\/types\/page"}],"author":[{"embeddable":true,"href":"https:\/\/blogs2.abo.fi\/studieorientering-fhpt\/wp-json\/wp\/v2\/users\/482"}],"replies":[{"embeddable":true,"href":"https:\/\/blogs2.abo.fi\/studieorientering-fhpt\/wp-json\/wp\/v2\/comments?post=113"}],"version-history":[{"count":36,"href":"https:\/\/blogs2.abo.fi\/studieorientering-fhpt\/wp-json\/wp\/v2\/pages\/113\/revisions"}],"predecessor-version":[{"id":1743,"href":"https:\/\/blogs2.abo.fi\/studieorientering-fhpt\/wp-json\/wp\/v2\/pages\/113\/revisions\/1743"}],"wp:attachment":[{"href":"https:\/\/blogs2.abo.fi\/studieorientering-fhpt\/wp-json\/wp\/v2\/media?parent=113"}],"curies":[{"name":"wp","href":"https:\/\/api.w.org\/{rel}","templated":true}]}}