{"id":105,"date":"2021-08-16T09:17:58","date_gmt":"2021-08-16T09:17:58","guid":{"rendered":"https:\/\/blogs2.abo.fi\/studieorientering-fhpt\/?page_id=105"},"modified":"2025-08-25T08:26:39","modified_gmt":"2025-08-25T08:26:39","slug":"viktiginfosprak","status":"publish","type":"page","link":"https:\/\/blogs2.abo.fi\/studieorientering-fhpt\/viktiginfosprak\/","title":{"rendered":"Viktig info"},"content":{"rendered":"<table width=\"585\">\n<tbody>\n<tr>\n<td>4.9.2025<\/td>\n<td><strong><a href=\"https:\/\/www.abo.fi\/evenemang\/inskription-abo-2024-2025\/\">Inskription<\/a><\/strong><\/td>\n<td>\u00c5bo domkyrka och Solennitetssalen<\/td>\n<\/tr>\n<\/tbody>\n<\/table>\n<table width=\"585\">\n<tbody>\n<tr>\n<td width=\"101\">30.9.2025\n<\/td>\n<td width=\"478\"><strong>Deadline, <a href=\"https:\/\/survey.abo.fi\/lomakkeet\/17154\/lomake.html\">anm\u00e4lning till inriktning Spr\u00e5k och ekonomi<\/a><\/strong><\/td>\n<\/tr>\n<\/tbody>\n<\/table>\n<h1>\u00c4mnesl\u00e4rare<\/h1>\n<table>\n<tbody>\n<tr>\n<td width=\"104\">4-5.9.2025<\/td>\n<td width=\"378\"><strong>Urvalet f\u00f6r l\u00e4rarutbildningslinjen<br \/>\nf\u00f6r blivande \u00e4mnesl\u00e4rare<\/strong><\/td>\n<td width=\"119\">\u00c5bo<\/td>\n<\/tr>\n<\/tbody>\n<\/table>\n<h1>Studieplanering i Peppi\u00a0 i auditorium Saussure M128 fredagen den 10.10.2025 &#8211; ta med egen dator!<\/h1>\n<h3>Studiev\u00e4gledare Hanna Engblom<\/h3>\n<table>\n<tbody>\n<tr>\n<td width=\"104\">9-10:00<\/td>\n<td width=\"378\"><strong>Svenska<\/strong><\/td>\n<td width=\"119\"><\/td>\n<\/tr>\n<tr>\n<td width=\"104\">10:15-11:15<\/td>\n<td width=\"378\"><strong>Finska och ryska<\/strong><\/td>\n<td width=\"119\"><\/td>\n<\/tr>\n<tr>\n<td width=\"104\">11:25-12:25<\/td>\n<td width=\"378\"><strong>Franska och tyska<\/strong><\/td>\n<td width=\"119\"><\/td>\n<\/tr>\n<tr>\n<td width=\"104\">13:20-14:20<\/td>\n<td width=\"378\"><strong>Engelska, grupp 1<\/strong><\/td>\n<td width=\"119\"><\/td>\n<\/tr>\n<tr>\n<td width=\"104\">14:30-15:30<\/td>\n<td width=\"378\"><strong>Engelska, grupp 2<\/strong><\/td>\n<td width=\"119\"><\/td>\n<\/tr>\n<\/tbody>\n<\/table>\n<h1>\u00c4mnesinfon<\/h1>\n<table>\n<tbody>\n<tr>\n<td width=\"95\">1.9.2025<br \/>\n9:00-9:45<\/td>\n<td width=\"387\"><strong>Engelska<\/strong>, nya studerande, huvud- och bi\u00e4mne<\/td>\n<td width=\"119\">Panorama (B301), Arken<\/td>\n<\/tr>\n<tr>\n<td width=\"95\">4.9.2025<br \/>\n12:00-13:00<\/td>\n<td width=\"387\"><strong>Finska<\/strong>, info f\u00f6r alla studerande<\/td>\n<td width=\"119\">Aud. Kramer (M220), Arken<\/td>\n<\/tr>\n<tr>\n<td width=\"95\">1.9.2025<br \/>\n9:15-10:00<\/td>\n<td width=\"387\"><strong>Franska<\/strong>, nya studerande, huvud- och bi\u00e4mne<\/td>\n<td width=\"119\">Aud. Saussure (M128), Arken<\/td>\n<\/tr>\n<tr>\n<td width=\"95\">1.9.2025<br \/>\n11:30-12:30<\/td>\n<td width=\"387\"><strong>Ryska<\/strong>, alla studerande<\/td>\n<td width=\"119\">Aud. Simone Weil (M134), Arken<\/td>\n<\/tr>\n<tr>\n<td width=\"95\">4.9.2025<br \/>\n11:30-12:15<\/td>\n<td width=\"387\"><strong>Svenska<\/strong>, nya studerande<\/td>\n<td width=\"119\">Aud. J\u00f6ns Budde (M218), Arken<\/td>\n<\/tr>\n<tr>\n<td width=\"95\">V.36<br \/>\n15:00-16:00<\/td>\n<td width=\"387\"><strong>Tyska<\/strong>, alla studerande<\/td>\n<td width=\"119\">Aud Goethe (L104), Arken<\/td>\n<\/tr>\n<\/tbody>\n<\/table>\n<p>F\u00f6r inspiration och information om m\u00f6jliga bi\u00e4mnen, se<a href=\"https:\/\/abofi.sharepoint.com\/sites\/intra-fhpt\/SitePages\/Bi%C3%A4mnen.aspx?xsdata=MDV8MDJ8fDg2MzU1YmYwMzYwOTQ4NDNjNzFiMDhkY2I4NDQxNTVkfDk1YzYwNjBkYzQ3ZTQ5ZmZiZDcwMjdkZWE0OTNmMjQxfDB8MHw2Mzg1ODc4NDk3MzU1MjIwNzV8VW5rbm93bnxWR1ZoYlhOVFpXTjFjbWwwZVZObGNuWnBZMlY4ZXlKV0lqb2lNQzR3TGpBd01EQWlMQ0pRSWpvaVYybHVNeklpTENKQlRpSTZJazkwYUdWeUlpd2lWMVFpT2pFeGZRPT18MXxMMk5vWVhSekx6RTVPbUV4WXpjMFlUVmtPR1prWVRRM01qQmhOMkV6WVdFM1pqUTFNVFV4WkRneFFIUm9jbVZoWkM1Mk1pOXRaWE56WVdkbGN5OHhOekl6TVRnNE1UY3lOVGM0fGY3M2YxMGJlYjgwOTQ4ODZjNzFiMDhkY2I4NDQxNTVkfGVkYzAwNzA1MTdjYzQzN2ZhZGVlOTEyMTcyZDljNzNi&amp;sdata=VlZEWllGVGRSKzI3MVNnWGliN2RkQXYyMTdkbHNEK1IvMjdTcFZVZVRHUT0%3D&amp;ovuser=95c6060d-c47e-49ff-bd70-27dea493f241%2Cyasmin.nyqvist%40abo.fi&amp;OR=Teams-HL&amp;CT=1723188180573&amp;clickparams=eyJBcHBOYW1lIjoiVGVhbXMtRGVza3RvcCIsIkFwcFZlcnNpb24iOiI0OS8yNDA2MjcyNDgxNyIsIkhhc0ZlZGVyYXRlZFVzZXIiOmZhbHNlfQ%3D%3D\"> fakultetens bi\u00e4mnessida<\/a> p\u00e5 \u00c5bo Akademis intran\u00e4t (kr\u00e4ver inloggning).<\/p>\n","protected":false},"excerpt":{"rendered":"<p>4.9.2025 Inskription \u00c5bo domkyrka och Solennitetssalen 30.9.2025 Deadline, anm\u00e4lning till inriktning Spr\u00e5k och ekonomi \u00c4mnesl\u00e4rare 4-5.9.2025 Urvalet f\u00f6r l\u00e4rarutbildningslinjen f\u00f6r blivande \u00e4mnesl\u00e4rare \u00c5bo Studieplanering i Peppi\u00a0 i auditorium Saussure M128 fredagen den 10.10.2025 &#8211; ta med egen dator! Studiev\u00e4gledare Hanna &hellip; <a href=\"https:\/\/blogs2.abo.fi\/studieorientering-fhpt\/viktiginfosprak\/\">Forts\u00e4tt l\u00e4sa <span class=\"meta-nav\">&rarr;<\/span><\/a><\/p>\n","protected":false},"author":482,"featured_media":0,"parent":0,"menu_order":0,"comment_status":"closed","ping_status":"closed","template":"","meta":{"footnotes":""},"class_list":["post-105","page","type-page","status-publish","hentry"],"_links":{"self":[{"href":"https:\/\/blogs2.abo.fi\/studieorientering-fhpt\/wp-json\/wp\/v2\/pages\/105","targetHints":{"allow":["GET"]}}],"collection":[{"href":"https:\/\/blogs2.abo.fi\/studieorientering-fhpt\/wp-json\/wp\/v2\/pages"}],"about":[{"href":"https:\/\/blogs2.abo.fi\/studieorientering-fhpt\/wp-json\/wp\/v2\/types\/page"}],"author":[{"embeddable":true,"href":"https:\/\/blogs2.abo.fi\/studieorientering-fhpt\/wp-json\/wp\/v2\/users\/482"}],"replies":[{"embeddable":true,"href":"https:\/\/blogs2.abo.fi\/studieorientering-fhpt\/wp-json\/wp\/v2\/comments?post=105"}],"version-history":[{"count":62,"href":"https:\/\/blogs2.abo.fi\/studieorientering-fhpt\/wp-json\/wp\/v2\/pages\/105\/revisions"}],"predecessor-version":[{"id":1782,"href":"https:\/\/blogs2.abo.fi\/studieorientering-fhpt\/wp-json\/wp\/v2\/pages\/105\/revisions\/1782"}],"wp:attachment":[{"href":"https:\/\/blogs2.abo.fi\/studieorientering-fhpt\/wp-json\/wp\/v2\/media?parent=105"}],"curies":[{"name":"wp","href":"https:\/\/api.w.org\/{rel}","templated":true}]}}