{"id":7,"date":"2021-02-08T08:32:08","date_gmt":"2021-02-08T08:32:08","guid":{"rendered":"http:\/\/blogs2.abo.fi\/studieinformationteologi\/?page_id=7"},"modified":"2024-11-27T14:03:15","modified_gmt":"2024-11-27T14:03:15","slug":"hemma-hos-siv","status":"publish","type":"page","link":"https:\/\/blogs2.abo.fi\/studieinformationteologi\/","title":{"rendered":"Hemma hos SIV teologi"},"content":{"rendered":"<p>\u00c4r du inte helt s\u00e4ker p\u00e5 vad du vill studera? Har du funderat p\u00e5 att studera teologi vid \u00c5bo Akademi men \u00e4r inte helt s\u00e4ker \u00e4n? Eller har du redan best\u00e4mt dig f\u00f6r teologi men k\u00e4nner att det finns saker du inte vet? Studieinformationsverktyget SIV kan d\u00e5 st\u00f6da dig vid valet av framtida studier.\u00a0<span lang=\"SV\">Du kan till exempel b\u00f6rja med att titta p\u00e5 vad studiepsykologen har att s\u00e4ga om hur du g\u00f6r ett bra studieval.<\/span><\/p>\n<p style=\"text-align: center\">\n<!-- iframe plugin v.6.0 wordpress.org\/plugins\/iframe\/ -->\n<iframe loading=\"lazy\" src=\"https:\/\/panopto.abo.fi\/Panopto\/Pages\/Embed.aspx?id=78aa6d21-3a0e-4b9e-9534-af0700e8aaf7&#038;autoplay=false&#038;offerviewer=false&#038;showtitle=false&#038;showbrand=false&#038;captions=false&#038;interactivity=none\" height=\"405\" width=\"720\" style=\"border: 0px solid #464646;\" 0=\"allowfullscreen\" 1=\"allow=&quot;autoplay&quot;&gt;\" scrolling=\"yes\" class=\"iframe-class\" frameborder=\"0\"><\/iframe>\n<\/p>\n<div><\/div>\n<p>Innan du k\u00f6r ig\u00e5ng vill vi ge dig tre goda anledningar till att teologistudier \u00e4r ett inspirerande och anv\u00e4ndbart val \u2013 inte bara f\u00f6r dig som ska bli pr\u00e4st eller l\u00e4rare, utan f\u00f6r alla som funderar p\u00e5 de stora fr\u00e5gorna i livet.<\/p>\n<p style=\"text-align: center\">\n<!-- iframe plugin v.6.0 wordpress.org\/plugins\/iframe\/ -->\n<iframe loading=\"lazy\" src=\"https:\/\/panopto.abo.fi\/Panopto\/Pages\/Embed.aspx?id=a81295ad-fd8d-44c2-9df4-af4000a4d692&#038;autoplay=false&#038;offerviewer=false&#038;showtitle=false&#038;showbrand=false&#038;captions=false&#038;interactivity=none\" height=\"405\" width=\"720\" style=\"border: 0px solid #464646;\" 0=\"allowfullscreen\" 1=\"allow=&quot;autoplay&quot;&gt;\" scrolling=\"yes\" class=\"iframe-class\" frameborder=\"0\"><\/iframe>\n<\/p>\n<p style=\"text-align: center\">\n<!-- iframe plugin v.6.0 wordpress.org\/plugins\/iframe\/ -->\n<iframe loading=\"lazy\" src=\"https:\/\/panopto.abo.fi\/Panopto\/Pages\/Embed.aspx?id=393e7288-8b2a-4f0d-9b5b-af40008dac80&#038;autoplay=false&#038;offerviewer=false&#038;showtitle=false&#038;showbrand=false&#038;captions=false&#038;interactivity=none\" height=\"405\" width=\"720\" style=\"border: 0px solid #464646;\" 0=\"allowfullscreen\" 1=\"allow=&quot;autoplay&quot;&gt;\" scrolling=\"yes\" class=\"iframe-class\" frameborder=\"0\"><\/iframe>\n<\/p>\n<p style=\"text-align: center\">\n<!-- iframe plugin v.6.0 wordpress.org\/plugins\/iframe\/ -->\n<iframe loading=\"lazy\" src=\"https:\/\/panopto.abo.fi\/Panopto\/Pages\/Embed.aspx?id=ca234ac5-33ba-40b9-9363-af40008dac56&#038;autoplay=false&#038;offerviewer=false&#038;showtitle=false&#038;showbrand=false&#038;captions=false&#038;interactivity=none\" height=\"405\" width=\"720\" style=\"border: 0px solid #464646;\" 0=\"allowfullscreen\" 1=\"allow=&quot;autoplay&quot;&gt;\" scrolling=\"yes\" class=\"iframe-class\" frameborder=\"0\"><\/iframe>\n<\/p>\n<p style=\"text-align: left\"><span data-teams=\"true\"><em><br \/>\nOletko suomenkielinen ja kiinnostunut teologiasta?<\/em><br \/>\nVoit opiskella teologiaa \u00c5bo Akademissa vaikka \u00e4idinkielesi olisikin suomi. Katsomalla alla olevat videot saat lis\u00e4tietoa siit\u00e4, miksi juuri \u00c5bo Akademi olisi hyv\u00e4 vaihtoehto sinulle.<\/span><\/p>\n<p style=\"text-align: center\">\n<!-- iframe plugin v.6.0 wordpress.org\/plugins\/iframe\/ -->\n<iframe loading=\"lazy\" src=\"https:\/\/panopto.abo.fi\/Panopto\/Pages\/Embed.aspx?id=515900bd-e76e-40ea-b7db-b23500e62c96&#038;autoplay=false&#038;offerviewer=false&#038;showtitle=false&#038;showbrand=false&#038;captions=false&#038;interactivity=none\" height=\"405\" width=\"720\" style=\"border: 1px solid #464646;\" 0=\"allowfullscreen\" 1=\"allow=&quot;autoplay&quot;&gt;\" scrolling=\"yes\" class=\"iframe-class\" frameborder=\"0\"><\/iframe>\n<\/p>\n<p style=\"text-align: center\">\n<!-- iframe plugin v.6.0 wordpress.org\/plugins\/iframe\/ -->\n<iframe loading=\"lazy\" src=\"https:\/\/panopto.abo.fi\/Panopto\/Pages\/Embed.aspx?id=13d3443a-cf71-4654-9610-b21800b52e26&#038;autoplay=false&#038;offerviewer=false&#038;showtitle=false&#038;showbrand=false&#038;captions=false&#038;interactivity=none\" height=\"405\" width=\"720\" style=\"border: 0px solid #464646;\" 0=\"allowfullscreen\" 1=\"allow=&quot;autoplay&quot;&gt;\" scrolling=\"yes\" class=\"iframe-class\" frameborder=\"0\"><\/iframe>\n<\/p>\n<p><span data-teams=\"true\"><a href=\"https:\/\/www.abo.fi\/fi\/opiskelemeilla\/kielitaitovaatimukset\/\" target=\"_blank\" rel=\"noopener\">T\u00e4\u00e4lt\u00e4<\/a> l\u00f6yd\u00e4t lis\u00e4tietoa \u00c5bo Akademin kielitaitovaatimuksista ruotsin kieless\u00e4.<\/span><\/p>\n<div>\n<p><span lang=\"SV\">Ha s\u00e5 kul med SIV, lycka till med ditt studieval och hoppas vi snart f\u00e5r se dig vid \u00c5bo Akademi!<\/span><\/p>\n<\/div>\n<p><a href=\"https:\/\/blogs2.abo.fi\/studieinformationteologi\/studier\/\"><img loading=\"lazy\" decoding=\"async\" class=\"alignright wp-image-265\" src=\"http:\/\/blogs2.abo.fi\/studieinformation\/wp-content\/uploads\/sites\/145\/2020\/01\/aiga_right_arrow-300x251.png\" alt=\"\" width=\"33\" height=\"28\" \/><\/a><\/p>\n","protected":false},"excerpt":{"rendered":"<p>\u00c4r du inte helt s\u00e4ker p\u00e5 vad du vill studera? Har du funderat p\u00e5 att studera teologi vid \u00c5bo Akademi men \u00e4r inte helt s\u00e4ker \u00e4n? Eller har du redan best\u00e4mt dig f\u00f6r teologi men k\u00e4nner att det finns saker du inte vet? Studieinformationsverktyget SIV kan d\u00e5 st\u00f6da dig vid valet av framtida studier.\u00a0Du kan &hellip; <a href=\"https:\/\/blogs2.abo.fi\/studieinformationteologi\/\" class=\"more-link\">Forts\u00e4tt l\u00e4sa<span class=\"screen-reader-text\"> \u201dHemma hos SIV teologi\u201d<\/span><\/a><\/p>\n","protected":false},"author":482,"featured_media":0,"parent":0,"menu_order":0,"comment_status":"closed","ping_status":"closed","template":"","meta":{"footnotes":""},"class_list":["post-7","page","type-page","status-publish","hentry"],"_links":{"self":[{"href":"https:\/\/blogs2.abo.fi\/studieinformationteologi\/wp-json\/wp\/v2\/pages\/7","targetHints":{"allow":["GET"]}}],"collection":[{"href":"https:\/\/blogs2.abo.fi\/studieinformationteologi\/wp-json\/wp\/v2\/pages"}],"about":[{"href":"https:\/\/blogs2.abo.fi\/studieinformationteologi\/wp-json\/wp\/v2\/types\/page"}],"author":[{"embeddable":true,"href":"https:\/\/blogs2.abo.fi\/studieinformationteologi\/wp-json\/wp\/v2\/users\/482"}],"replies":[{"embeddable":true,"href":"https:\/\/blogs2.abo.fi\/studieinformationteologi\/wp-json\/wp\/v2\/comments?post=7"}],"version-history":[{"count":31,"href":"https:\/\/blogs2.abo.fi\/studieinformationteologi\/wp-json\/wp\/v2\/pages\/7\/revisions"}],"predecessor-version":[{"id":214,"href":"https:\/\/blogs2.abo.fi\/studieinformationteologi\/wp-json\/wp\/v2\/pages\/7\/revisions\/214"}],"wp:attachment":[{"href":"https:\/\/blogs2.abo.fi\/studieinformationteologi\/wp-json\/wp\/v2\/media?parent=7"}],"curies":[{"name":"wp","href":"https:\/\/api.w.org\/{rel}","templated":true}]}}