{"id":15,"date":"2021-02-08T08:33:44","date_gmt":"2021-02-08T08:33:44","guid":{"rendered":"http:\/\/blogs2.abo.fi\/studieinformationteologi\/?page_id=15"},"modified":"2022-11-09T10:18:11","modified_gmt":"2022-11-09T10:18:11","slug":"ute-i-arbetslivet","status":"publish","type":"page","link":"https:\/\/blogs2.abo.fi\/studieinformationteologi\/ute-i-arbetslivet\/","title":{"rendered":"Ute i arbetslivet"},"content":{"rendered":"<p>Och vad g\u00f6r jag sedan med mina studier? \u2013 denna fr\u00e5ga har du s\u00e4kert ofta st\u00e4llt dig. D\u00e5 \u00e4r det kanske bra att veta att 75% av v\u00e5ra alumner hittar arbete under \u00e5ret efter examen.<\/p>\n<p>Hos oss kan du f\u00e5 b\u00e5de pr\u00e4st- och l\u00e4rarbeh\u00f6righet. Och det \u00f6verraskar dig kanske inte att de flesta av v\u00e5ra alumner jobbar just inom kyrkliga organisationer eller inom undervisning. Men det som \u00e4r lite \u00f6verraskande \u00e4r att det finns s\u00e5 m\u00e5nga olika uppgifter inom dessa stora omr\u00e5den! Som teolog kan du n\u00e4mligen inte bara bli pr\u00e4st utan ocks\u00e5 jobba med andra saker som har med m\u00e4nniskor och deras tankev\u00e4rld att g\u00f6ra!<\/p>\n<p>Egentligen kan du bli ganska m\u00e5nga olika saker som teolog. \u00c4r du kanske intresserad av media? Det finns teologer som jobbar som journalister. Eller hur l\u00e5ter det att forska inom ett \u00e4mne som du verkligen brinner f\u00f6r? Inga problem: Sj\u00e4lvklart har du som teolog ocks\u00e5 m\u00f6jligheten att skriva en doktorsavhandling.<\/p>\n<p><em>Vad ska jag bli n\u00e4r jag blir stor?<br \/>\n<\/em>Kolla p\u00e5 f\u00f6ljande videor och f\u00e5 reda p\u00e5 hur v\u00e5ra alumners teologistudier har lett dem in i det professionella och hj\u00e4lpt dem att hitta sin egen v\u00e4g i arbetslivet.<\/p>\n<p style=\"text-align: center\">\n<!-- iframe plugin v.6.0 wordpress.org\/plugins\/iframe\/ -->\n<iframe loading=\"lazy\" src=\"https:\/\/panopto.abo.fi\/Panopto\/Pages\/Embed.aspx?id=653f9234-1972-4b62-b4ba-af3f00d11216&#038;autoplay=false&#038;offerviewer=false&#038;showtitle=false&#038;showbrand=false&#038;captions=false&#038;interactivity=none\" height=\"405\" width=\"720\" style=\"border: 0px solid #464646;\" 0=\"allowfullscreen\" 1=\"allow=&quot;autoplay&quot;&gt;\" scrolling=\"yes\" class=\"iframe-class\" frameborder=\"0\"><\/iframe>\n<\/p>\n<p>&nbsp;<\/p>\n<p><a href=\"https:\/\/blogs2.abo.fi\/studieinformationteologi\/ovningsuppgifter\/\"><img loading=\"lazy\" decoding=\"async\" class=\"alignleft wp-image-264\" src=\"http:\/\/blogs2.abo.fi\/studieinformation\/wp-content\/uploads\/sites\/145\/2020\/01\/aiga_left_arrow-300x251.jpg\" alt=\"\" width=\"33\" height=\"28\" \/><\/a><a href=\"https:\/\/blogs2.abo.fi\/studieinformationteologi\/avslutningsvis\/\"><img loading=\"lazy\" decoding=\"async\" class=\"alignright wp-image-265\" src=\"http:\/\/blogs2.abo.fi\/studieinformation\/wp-content\/uploads\/sites\/145\/2020\/01\/aiga_right_arrow-300x251.png\" alt=\"\" width=\"33\" height=\"28\" \/><\/a><\/p>\n","protected":false},"excerpt":{"rendered":"<p>Och vad g\u00f6r jag sedan med mina studier? \u2013 denna fr\u00e5ga har du s\u00e4kert ofta st\u00e4llt dig. D\u00e5 \u00e4r det kanske bra att veta att 75% av v\u00e5ra alumner hittar arbete under \u00e5ret efter examen. Hos oss kan du f\u00e5 b\u00e5de pr\u00e4st- och l\u00e4rarbeh\u00f6righet. Och det \u00f6verraskar dig kanske inte att de flesta av v\u00e5ra &hellip; <a href=\"https:\/\/blogs2.abo.fi\/studieinformationteologi\/ute-i-arbetslivet\/\" class=\"more-link\">Forts\u00e4tt l\u00e4sa<span class=\"screen-reader-text\"> \u201dUte i arbetslivet\u201d<\/span><\/a><\/p>\n","protected":false},"author":482,"featured_media":0,"parent":0,"menu_order":0,"comment_status":"closed","ping_status":"closed","template":"","meta":{"footnotes":""},"class_list":["post-15","page","type-page","status-publish","hentry"],"_links":{"self":[{"href":"https:\/\/blogs2.abo.fi\/studieinformationteologi\/wp-json\/wp\/v2\/pages\/15","targetHints":{"allow":["GET"]}}],"collection":[{"href":"https:\/\/blogs2.abo.fi\/studieinformationteologi\/wp-json\/wp\/v2\/pages"}],"about":[{"href":"https:\/\/blogs2.abo.fi\/studieinformationteologi\/wp-json\/wp\/v2\/types\/page"}],"author":[{"embeddable":true,"href":"https:\/\/blogs2.abo.fi\/studieinformationteologi\/wp-json\/wp\/v2\/users\/482"}],"replies":[{"embeddable":true,"href":"https:\/\/blogs2.abo.fi\/studieinformationteologi\/wp-json\/wp\/v2\/comments?post=15"}],"version-history":[{"count":8,"href":"https:\/\/blogs2.abo.fi\/studieinformationteologi\/wp-json\/wp\/v2\/pages\/15\/revisions"}],"predecessor-version":[{"id":197,"href":"https:\/\/blogs2.abo.fi\/studieinformationteologi\/wp-json\/wp\/v2\/pages\/15\/revisions\/197"}],"wp:attachment":[{"href":"https:\/\/blogs2.abo.fi\/studieinformationteologi\/wp-json\/wp\/v2\/media?parent=15"}],"curies":[{"name":"wp","href":"https:\/\/api.w.org\/{rel}","templated":true}]}}