{"id":11,"date":"2021-02-08T08:32:51","date_gmt":"2021-02-08T08:32:51","guid":{"rendered":"http:\/\/blogs2.abo.fi\/studieinformationteologi\/?page_id=11"},"modified":"2024-08-29T13:00:51","modified_gmt":"2024-08-29T13:00:51","slug":"forsta-aret","status":"publish","type":"page","link":"https:\/\/blogs2.abo.fi\/studieinformationteologi\/forsta-aret\/","title":{"rendered":"F\u00f6rsta \u00e5ret"},"content":{"rendered":"<div><span lang=\"SV\">Det f\u00f6rsta \u00e5ret vid universitetet kan vara f\u00f6rmodligen det mest utmanande och stressande \u2013 men kanske ocks\u00e5 det mest speciella \u2013 under dina studier eftersom allting \u00e4r nytt f\u00f6r dig. Oroa dig inte, h\u00e4r finns det hj\u00e4lp att f\u00e5 n\u00e4r det kommer till planeringen av dina studier!<\/span><\/div>\n<div><span lang=\"SV\"><br \/>\n<\/span><em>Studier\u00e5dgivaren f\u00f6rklarar<\/em><\/div>\n<div>\n<p>En viktig aspekt av studierna, som du kanske funderar p\u00e5 redan nu, \u00e4r vilka kurser du ska l\u00e4sa under ditt f\u00f6rsta \u00e5r vid \u00c5A. I f\u00f6ljande videor ger v\u00e5r studier\u00e5dgivare dig en \u00f6verblick \u00f6ver vad som v\u00e4ntar under de tv\u00e5 f\u00f6rsta terminerna.<\/p>\n<p style=\"text-align: center\">\n<!-- iframe plugin v.6.0 wordpress.org\/plugins\/iframe\/ -->\n<iframe loading=\"lazy\" src=\"https:\/\/panopto.abo.fi\/Panopto\/Pages\/Embed.aspx?id=f4d84c08-16a0-4b19-ac33-af4000788026&#038;autoplay=false&#038;offerviewer=false&#038;showtitle=false&#038;showbrand=false&#038;captions=false&#038;interactivity=none\" height=\"405\" width=\"720\" style=\"border: 0px solid #464646;\" 0=\"allowfullscreen\" 1=\"allow=&quot;autoplay&quot;&gt;\" scrolling=\"yes\" class=\"iframe-class\" frameborder=\"0\"><\/iframe>\n<\/p>\n<p><em><br \/>\nInriktningar och yrkesprofileringar<br \/>\n<\/em><span lang=\"SV\">Det finns m\u00e5nga jobbm\u00f6jligheter f\u00f6r dig som blivande teolog. F\u00f6r att hj\u00e4lpa dig att specialisera dig enligt dina intressen och \u00f6nskem\u00e5l ang\u00e5ende din framtida karri\u00e4r erbjuder \u00c5bo Akademi tre olika inriktningar eller yrkesprofileringar. I videon l\u00e4r du dig mera om vilka de \u00e4r och vad de inneh\u00e5ller.<\/span><\/p>\n<p style=\"text-align: center\">\n<!-- iframe plugin v.6.0 wordpress.org\/plugins\/iframe\/ -->\n<iframe loading=\"lazy\" src=\"https:\/\/panopto.abo.fi\/Panopto\/Pages\/Embed.aspx?id=7cd066d6-2633-4e97-9def-b1da00a40927&#038;autoplay=false&#038;offerviewer=false&#038;showtitle=false&#038;showbrand=false&#038;captions=false&#038;interactivity=none\" height=\"405\" width=\"720\" style=\"border: 0px solid #464646;\" 0=\"allowfullscreen\" 1=\"allow=&quot;autoplay&quot;&gt;\" scrolling=\"yes\" class=\"iframe-class\" frameborder=\"0\"><\/iframe>\n<\/p>\n<\/div>\n<p><a href=\"https:\/\/blogs2.abo.fi\/studieinformationteologi\/studier\/\"><img loading=\"lazy\" decoding=\"async\" class=\"alignleft wp-image-264\" src=\"http:\/\/blogs2.abo.fi\/studieinformation\/wp-content\/uploads\/sites\/145\/2020\/01\/aiga_left_arrow-300x251.jpg\" alt=\"\" width=\"33\" height=\"28\" \/><\/a><a href=\"https:\/\/blogs2.abo.fi\/studieinformationteologi\/ovningsuppgifter\/\"><img loading=\"lazy\" decoding=\"async\" class=\"alignright wp-image-265\" src=\"http:\/\/blogs2.abo.fi\/studieinformation\/wp-content\/uploads\/sites\/145\/2020\/01\/aiga_right_arrow-300x251.png\" alt=\"\" width=\"33\" height=\"28\" \/><\/a><\/p>\n","protected":false},"excerpt":{"rendered":"<p>Det f\u00f6rsta \u00e5ret vid universitetet kan vara f\u00f6rmodligen det mest utmanande och stressande \u2013 men kanske ocks\u00e5 det mest speciella \u2013 under dina studier eftersom allting \u00e4r nytt f\u00f6r dig. Oroa dig inte, h\u00e4r finns det hj\u00e4lp att f\u00e5 n\u00e4r det kommer till planeringen av dina studier! Studier\u00e5dgivaren f\u00f6rklarar En viktig aspekt av studierna, som &hellip; <a href=\"https:\/\/blogs2.abo.fi\/studieinformationteologi\/forsta-aret\/\" class=\"more-link\">Forts\u00e4tt l\u00e4sa<span class=\"screen-reader-text\"> \u201dF\u00f6rsta \u00e5ret\u201d<\/span><\/a><\/p>\n","protected":false},"author":482,"featured_media":0,"parent":0,"menu_order":0,"comment_status":"closed","ping_status":"closed","template":"","meta":{"footnotes":""},"class_list":["post-11","page","type-page","status-publish","hentry"],"_links":{"self":[{"href":"https:\/\/blogs2.abo.fi\/studieinformationteologi\/wp-json\/wp\/v2\/pages\/11","targetHints":{"allow":["GET"]}}],"collection":[{"href":"https:\/\/blogs2.abo.fi\/studieinformationteologi\/wp-json\/wp\/v2\/pages"}],"about":[{"href":"https:\/\/blogs2.abo.fi\/studieinformationteologi\/wp-json\/wp\/v2\/types\/page"}],"author":[{"embeddable":true,"href":"https:\/\/blogs2.abo.fi\/studieinformationteologi\/wp-json\/wp\/v2\/users\/482"}],"replies":[{"embeddable":true,"href":"https:\/\/blogs2.abo.fi\/studieinformationteologi\/wp-json\/wp\/v2\/comments?post=11"}],"version-history":[{"count":19,"href":"https:\/\/blogs2.abo.fi\/studieinformationteologi\/wp-json\/wp\/v2\/pages\/11\/revisions"}],"predecessor-version":[{"id":204,"href":"https:\/\/blogs2.abo.fi\/studieinformationteologi\/wp-json\/wp\/v2\/pages\/11\/revisions\/204"}],"wp:attachment":[{"href":"https:\/\/blogs2.abo.fi\/studieinformationteologi\/wp-json\/wp\/v2\/media?parent=11"}],"curies":[{"name":"wp","href":"https:\/\/api.w.org\/{rel}","templated":true}]}}