{"id":6,"date":"2022-01-14T09:19:25","date_gmt":"2022-01-14T09:19:25","guid":{"rendered":"https:\/\/blogs2.abo.fi\/studieinformationlogopedi\/?page_id=6"},"modified":"2022-11-09T10:12:34","modified_gmt":"2022-11-09T10:12:34","slug":"hemma-hos-siv","status":"publish","type":"page","link":"https:\/\/blogs2.abo.fi\/studieinformationlogopedi\/","title":{"rendered":"Hemma hos SIV logopedi"},"content":{"rendered":"<p>\u00c4r du inte helt s\u00e4ker p\u00e5 vad du vill studera? Har du funderat p\u00e5 att studera logopedi vid \u00c5bo Akademi men \u00e4r inte helt s\u00e4ker \u00e4n? Eller har du redan best\u00e4mt dig f\u00f6r logopedi men k\u00e4nner att det finns saker du inte vet? Studieinformationsverktyget SIV kan d\u00e5 st\u00f6da dig vid valet av framtida studier.<br \/>\n<span lang=\"SV\">Du kan till exempel b\u00f6rja med att titta p\u00e5 vad studiepsykologen har att s\u00e4ga om hur du g\u00f6r ett bra studieval.<\/span><\/p>\n<p style=\"text-align: center\">\n<!-- iframe plugin v.6.0 wordpress.org\/plugins\/iframe\/ -->\n<iframe loading=\"lazy\" src=\"https:\/\/panopto.abo.fi\/Panopto\/Pages\/Embed.aspx?id=78aa6d21-3a0e-4b9e-9534-af0700e8aaf7&#038;autoplay=false&#038;offerviewer=false&#038;showtitle=false&#038;showbrand=false&#038;captions=false&#038;interactivity=none\" height=\"405\" width=\"720\" style=\"border: 0px solid #464646;\" 0=\"allowfullscreen\" 1=\"allow=&quot;autoplay&quot;&gt;\" scrolling=\"yes\" class=\"iframe-class\" frameborder=\"0\"><\/iframe>\n<\/p>\n<p>Innan du k\u00f6r ig\u00e5ng vill vi ge dig tre goda anledningar till att logopedistudier \u00e4r ett inspirerande och anv\u00e4ndbart val.<\/p>\n<p style=\"text-align: center\">\n<!-- iframe plugin v.6.0 wordpress.org\/plugins\/iframe\/ -->\n<iframe loading=\"lazy\" src=\"https:\/\/panopto.abo.fi\/Panopto\/Pages\/Embed.aspx?id=52f8c7e3-fef7-496c-a802-adc000aad89f&#038;autoplay=false&#038;offerviewer=false&#038;showtitle=false&#038;showbrand=false&#038;captions=false&#038;interactivity=all\" height=\"405\" width=\"720\" style=\"border: 0px solid #464646;\" 0=\"allowfullscreen\" 1=\"allow=&quot;autoplay&quot;&gt;\" scrolling=\"yes\" class=\"iframe-class\" frameborder=\"0\"><\/iframe>\n<\/p>\n<p style=\"text-align: center\">\n<!-- iframe plugin v.6.0 wordpress.org\/plugins\/iframe\/ -->\n<iframe loading=\"lazy\" src=\"https:\/\/panopto.abo.fi\/Panopto\/Pages\/Embed.aspx?id=199cf845-b7f5-4da2-8384-ae5400a04dde&#038;autoplay=false&#038;offerviewer=false&#038;showtitle=false&#038;showbrand=false&#038;captions=false&#038;interactivity=none\" height=\"405\" width=\"720\" style=\"border: 0px solid #464646;\" 0=\"allowfullscreen\" 1=\"allow=&quot;autoplay&quot;&gt;\" scrolling=\"yes\" class=\"iframe-class\" frameborder=\"0\"><\/iframe>\n<\/p>\n<p style=\"text-align: center\">\n<!-- iframe plugin v.6.0 wordpress.org\/plugins\/iframe\/ -->\n<iframe loading=\"lazy\" src=\"https:\/\/panopto.abo.fi\/Panopto\/Pages\/Embed.aspx?id=8be91cc3-1c40-43ff-8d73-ae2400a5294f&#038;autoplay=false&#038;offerviewer=false&#038;showtitle=false&#038;showbrand=false&#038;captions=false&#038;interactivity=all\" height=\"405\" width=\"720\" style=\"border: 0px solid #464646;\" 0=\"allowfullscreen\" 1=\"allow=&quot;autoplay&quot;&gt;\" scrolling=\"yes\" class=\"iframe-class\" frameborder=\"0\"><\/iframe>\n<\/p>\n<p><a href=\"https:\/\/blogs2.abo.fi\/studieinformationlogopedi\/studier\/\"><img loading=\"lazy\" decoding=\"async\" class=\"size-full wp-image-33 alignright\" src=\"http:\/\/blogs2.abo.fi\/studieinformationlogopedi\/wp-content\/uploads\/sites\/204\/2022\/01\/aiga_right_arrow.png\" alt=\"\" width=\"46\" height=\"38\" \/><\/a><\/p>\n<p>&nbsp;<\/p>\n","protected":false},"excerpt":{"rendered":"<p>\u00c4r du inte helt s\u00e4ker p\u00e5 vad du vill studera? Har du funderat p\u00e5 att studera logopedi vid \u00c5bo Akademi men \u00e4r inte helt s\u00e4ker \u00e4n? Eller har du redan best\u00e4mt dig f\u00f6r logopedi men k\u00e4nner att det finns saker du inte vet? Studieinformationsverktyget SIV kan d\u00e5 st\u00f6da dig vid valet av framtida studier. Du &hellip; <a href=\"https:\/\/blogs2.abo.fi\/studieinformationlogopedi\/\" class=\"more-link\">Forts\u00e4tt l\u00e4sa<span class=\"screen-reader-text\"> \u201dHemma hos SIV logopedi\u201d<\/span><\/a><\/p>\n","protected":false},"author":482,"featured_media":0,"parent":0,"menu_order":0,"comment_status":"closed","ping_status":"closed","template":"","meta":{"footnotes":""},"class_list":["post-6","page","type-page","status-publish","hentry"],"_links":{"self":[{"href":"https:\/\/blogs2.abo.fi\/studieinformationlogopedi\/wp-json\/wp\/v2\/pages\/6","targetHints":{"allow":["GET"]}}],"collection":[{"href":"https:\/\/blogs2.abo.fi\/studieinformationlogopedi\/wp-json\/wp\/v2\/pages"}],"about":[{"href":"https:\/\/blogs2.abo.fi\/studieinformationlogopedi\/wp-json\/wp\/v2\/types\/page"}],"author":[{"embeddable":true,"href":"https:\/\/blogs2.abo.fi\/studieinformationlogopedi\/wp-json\/wp\/v2\/users\/482"}],"replies":[{"embeddable":true,"href":"https:\/\/blogs2.abo.fi\/studieinformationlogopedi\/wp-json\/wp\/v2\/comments?post=6"}],"version-history":[{"count":16,"href":"https:\/\/blogs2.abo.fi\/studieinformationlogopedi\/wp-json\/wp\/v2\/pages\/6\/revisions"}],"predecessor-version":[{"id":122,"href":"https:\/\/blogs2.abo.fi\/studieinformationlogopedi\/wp-json\/wp\/v2\/pages\/6\/revisions\/122"}],"wp:attachment":[{"href":"https:\/\/blogs2.abo.fi\/studieinformationlogopedi\/wp-json\/wp\/v2\/media?parent=6"}],"curies":[{"name":"wp","href":"https:\/\/api.w.org\/{rel}","templated":true}]}}