{"id":18,"date":"2022-01-14T09:30:31","date_gmt":"2022-01-14T09:30:31","guid":{"rendered":"https:\/\/blogs2.abo.fi\/studieinformationlogopedi\/?page_id=18"},"modified":"2022-11-09T10:14:37","modified_gmt":"2022-11-09T10:14:37","slug":"ute-i-arbetslivet","status":"publish","type":"page","link":"https:\/\/blogs2.abo.fi\/studieinformationlogopedi\/ute-i-arbetslivet\/","title":{"rendered":"Ute i arbetslivet"},"content":{"rendered":"<p>N\u00e4r du avslutar dina studier i logopedi blir du beh\u00f6rig talterapeut och arbetssituationen f\u00f6r talterapeuter \u00e4r mycket god. N\u00e4stan 90% av v\u00e5ra studerande hittar anst\u00e4llning under det f\u00f6rsta \u00e5ret efter examen. Arbetet som talterapeut \u00e4r m\u00e5ngsidigt, utmanande och givande. Du f\u00e5r jobba med olika sorters m\u00e4nniskor i livets alla skeden och har goda m\u00f6jligheter att s\u00f6ka dig till de omr\u00e5den som intresserar just dig mest.<\/p>\n<p><em>Vad ska jag bli n\u00e4r jag blir stor?<br \/>\n<\/em>Kolla p\u00e5 f\u00f6ljande videor och f\u00e5 reda p\u00e5 hur v\u00e5ra alumners logopedistudier har lett dem in i det professionella och hj\u00e4lpt dem att hitta sin egen v\u00e4g i arbetslivet.<\/p>\n<p style=\"text-align: center\">\n<!-- iframe plugin v.6.0 wordpress.org\/plugins\/iframe\/ -->\n<iframe loading=\"lazy\" src=\"https:\/\/panopto.abo.fi\/Panopto\/Pages\/Embed.aspx?id=940ff655-b79e-4304-aed5-ae5400a04dde&#038;autoplay=false&#038;offerviewer=false&#038;showtitle=false&#038;showbrand=false&#038;captions=false&#038;interactivity=none\" height=\"405\" width=\"720\" style=\"border: 0px solid #464646;\" 0=\"allowfullscreen\" 1=\"allow=&quot;autoplay&quot;&gt;\" scrolling=\"yes\" class=\"iframe-class\" frameborder=\"0\"><\/iframe>\n<\/p>\n<p style=\"text-align: center\">\n<!-- iframe plugin v.6.0 wordpress.org\/plugins\/iframe\/ -->\n<iframe loading=\"lazy\" src=\"https:\/\/panopto.abo.fi\/Panopto\/Pages\/Embed.aspx?id=4b7d362e-4bdb-4c11-b32a-ae21007cd617&#038;autoplay=false&#038;offerviewer=false&#038;showtitle=false&#038;showbrand=false&#038;captions=false&#038;interactivity=all\" height=\"405\" width=\"720\" style=\"border: 0px solid #464646;\" 0=\"allowfullscreen\" 1=\"allow=&quot;autoplay&quot;&gt;\" scrolling=\"yes\" class=\"iframe-class\" frameborder=\"0\"><\/iframe>\n<\/p>\n<p><a href=\"https:\/\/blogs2.abo.fi\/studieinformationlogopedi\/ovningsuppgifter\/\"><img loading=\"lazy\" decoding=\"async\" class=\"alignleft wp-image-264\" src=\"http:\/\/blogs2.abo.fi\/studieinformation\/wp-content\/uploads\/sites\/145\/2020\/01\/aiga_left_arrow-300x251.jpg\" alt=\"\" width=\"33\" height=\"28\" \/><\/a><a href=\"https:\/\/blogs2.abo.fi\/studieinformationlogopedi\/avslutningsvis\/\"><img loading=\"lazy\" decoding=\"async\" class=\"alignright wp-image-265\" src=\"http:\/\/blogs2.abo.fi\/studieinformation\/wp-content\/uploads\/sites\/145\/2020\/01\/aiga_right_arrow-300x251.png\" alt=\"\" width=\"33\" height=\"28\" \/><\/a><\/p>\n","protected":false},"excerpt":{"rendered":"<p>N\u00e4r du avslutar dina studier i logopedi blir du beh\u00f6rig talterapeut och arbetssituationen f\u00f6r talterapeuter \u00e4r mycket god. N\u00e4stan 90% av v\u00e5ra studerande hittar anst\u00e4llning under det f\u00f6rsta \u00e5ret efter examen. Arbetet som talterapeut \u00e4r m\u00e5ngsidigt, utmanande och givande. Du f\u00e5r jobba med olika sorters m\u00e4nniskor i livets alla skeden och har goda m\u00f6jligheter att &hellip; <a href=\"https:\/\/blogs2.abo.fi\/studieinformationlogopedi\/ute-i-arbetslivet\/\" class=\"more-link\">Forts\u00e4tt l\u00e4sa<span class=\"screen-reader-text\"> \u201dUte i arbetslivet\u201d<\/span><\/a><\/p>\n","protected":false},"author":482,"featured_media":0,"parent":0,"menu_order":0,"comment_status":"closed","ping_status":"closed","template":"","meta":{"footnotes":""},"class_list":["post-18","page","type-page","status-publish","hentry"],"_links":{"self":[{"href":"https:\/\/blogs2.abo.fi\/studieinformationlogopedi\/wp-json\/wp\/v2\/pages\/18","targetHints":{"allow":["GET"]}}],"collection":[{"href":"https:\/\/blogs2.abo.fi\/studieinformationlogopedi\/wp-json\/wp\/v2\/pages"}],"about":[{"href":"https:\/\/blogs2.abo.fi\/studieinformationlogopedi\/wp-json\/wp\/v2\/types\/page"}],"author":[{"embeddable":true,"href":"https:\/\/blogs2.abo.fi\/studieinformationlogopedi\/wp-json\/wp\/v2\/users\/482"}],"replies":[{"embeddable":true,"href":"https:\/\/blogs2.abo.fi\/studieinformationlogopedi\/wp-json\/wp\/v2\/comments?post=18"}],"version-history":[{"count":10,"href":"https:\/\/blogs2.abo.fi\/studieinformationlogopedi\/wp-json\/wp\/v2\/pages\/18\/revisions"}],"predecessor-version":[{"id":126,"href":"https:\/\/blogs2.abo.fi\/studieinformationlogopedi\/wp-json\/wp\/v2\/pages\/18\/revisions\/126"}],"wp:attachment":[{"href":"https:\/\/blogs2.abo.fi\/studieinformationlogopedi\/wp-json\/wp\/v2\/media?parent=18"}],"curies":[{"name":"wp","href":"https:\/\/api.w.org\/{rel}","templated":true}]}}