{"id":14,"date":"2022-01-14T09:29:44","date_gmt":"2022-01-14T09:29:44","guid":{"rendered":"https:\/\/blogs2.abo.fi\/studieinformationlogopedi\/?page_id=14"},"modified":"2022-11-09T10:13:31","modified_gmt":"2022-11-09T10:13:31","slug":"forsta-aret","status":"publish","type":"page","link":"https:\/\/blogs2.abo.fi\/studieinformationlogopedi\/forsta-aret\/","title":{"rendered":"F\u00f6rsta \u00e5ret"},"content":{"rendered":"<div><span lang=\"SV\">Det f\u00f6rsta \u00e5ret vid universitetet kan vara f\u00f6rmodligen det mest utmanande och stressande \u2013 men kanske ocks\u00e5 det mest speciella \u2013 under dina studier eftersom allting \u00e4r nytt f\u00f6r dig. Oroa dig inte, h\u00e4r finns det hj\u00e4lp att f\u00e5 n\u00e4r det kommer till planeringen av dina studier!<\/span><\/div>\n<div><span lang=\"SV\"><br \/>\n<\/span><em>Studier\u00e5dgivaren f\u00f6rklarar<br \/>\n<\/em>En viktig aspekt av studierna, som du kanske funderar p\u00e5 redan nu, \u00e4r hur studierna \u00e4r uppbyggda. I f\u00f6ljande videor ger v\u00e5r studier\u00e5dgivare dig en \u00f6verblick \u00f6ver vad som v\u00e4ntar under kandidatstudierna.<br \/>\n<em><br \/>\n<\/em><\/div>\n<div><\/div>\n<div><\/div>\n<div style=\"text-align: center\">\n<!-- iframe plugin v.6.0 wordpress.org\/plugins\/iframe\/ -->\n<iframe loading=\"lazy\" src=\"https:\/\/panopto.abo.fi\/Panopto\/Pages\/Embed.aspx?id=9ea4f404-2656-46c6-bb07-ae510098761e&#038;autoplay=false&#038;offerviewer=false&#038;showtitle=false&#038;showbrand=false&#038;captions=false&#038;interactivity=none\" height=\"405\" width=\"720\" style=\"border: 0px solid #464646;\" 0=\"allowfullscreen\" 1=\"allow=&quot;autoplay&quot;&gt;\" scrolling=\"yes\" class=\"iframe-class\" frameborder=\"0\"><\/iframe>\n<\/div>\n<div><\/div>\n<div><\/div>\n<div><\/div>\n<p><a href=\"https:\/\/blogs2.abo.fi\/studieinformationlogopedi\/studier\/\"><img loading=\"lazy\" decoding=\"async\" class=\"alignleft wp-image-264\" src=\"http:\/\/blogs2.abo.fi\/studieinformation\/wp-content\/uploads\/sites\/145\/2020\/01\/aiga_left_arrow-300x251.jpg\" alt=\"\" width=\"33\" height=\"28\" \/><\/a><a href=\"https:\/\/blogs2.abo.fi\/studieinformationlogopedi\/ovningsuppgifter\/\"><img loading=\"lazy\" decoding=\"async\" class=\"alignright wp-image-265\" src=\"http:\/\/blogs2.abo.fi\/studieinformation\/wp-content\/uploads\/sites\/145\/2020\/01\/aiga_right_arrow-300x251.png\" alt=\"\" width=\"33\" height=\"28\" \/><\/a><\/p>\n","protected":false},"excerpt":{"rendered":"<p>Det f\u00f6rsta \u00e5ret vid universitetet kan vara f\u00f6rmodligen det mest utmanande och stressande \u2013 men kanske ocks\u00e5 det mest speciella \u2013 under dina studier eftersom allting \u00e4r nytt f\u00f6r dig. Oroa dig inte, h\u00e4r finns det hj\u00e4lp att f\u00e5 n\u00e4r det kommer till planeringen av dina studier! Studier\u00e5dgivaren f\u00f6rklarar En viktig aspekt av studierna, som &hellip; <a href=\"https:\/\/blogs2.abo.fi\/studieinformationlogopedi\/forsta-aret\/\" class=\"more-link\">Forts\u00e4tt l\u00e4sa<span class=\"screen-reader-text\"> \u201dF\u00f6rsta \u00e5ret\u201d<\/span><\/a><\/p>\n","protected":false},"author":482,"featured_media":0,"parent":0,"menu_order":0,"comment_status":"closed","ping_status":"closed","template":"","meta":{"footnotes":""},"class_list":["post-14","page","type-page","status-publish","hentry"],"_links":{"self":[{"href":"https:\/\/blogs2.abo.fi\/studieinformationlogopedi\/wp-json\/wp\/v2\/pages\/14","targetHints":{"allow":["GET"]}}],"collection":[{"href":"https:\/\/blogs2.abo.fi\/studieinformationlogopedi\/wp-json\/wp\/v2\/pages"}],"about":[{"href":"https:\/\/blogs2.abo.fi\/studieinformationlogopedi\/wp-json\/wp\/v2\/types\/page"}],"author":[{"embeddable":true,"href":"https:\/\/blogs2.abo.fi\/studieinformationlogopedi\/wp-json\/wp\/v2\/users\/482"}],"replies":[{"embeddable":true,"href":"https:\/\/blogs2.abo.fi\/studieinformationlogopedi\/wp-json\/wp\/v2\/comments?post=14"}],"version-history":[{"count":10,"href":"https:\/\/blogs2.abo.fi\/studieinformationlogopedi\/wp-json\/wp\/v2\/pages\/14\/revisions"}],"predecessor-version":[{"id":124,"href":"https:\/\/blogs2.abo.fi\/studieinformationlogopedi\/wp-json\/wp\/v2\/pages\/14\/revisions\/124"}],"wp:attachment":[{"href":"https:\/\/blogs2.abo.fi\/studieinformationlogopedi\/wp-json\/wp\/v2\/media?parent=14"}],"curies":[{"name":"wp","href":"https:\/\/api.w.org\/{rel}","templated":true}]}}