{"id":96,"date":"2022-01-27T08:04:00","date_gmt":"2022-01-27T08:04:00","guid":{"rendered":"https:\/\/blogs2.abo.fi\/studieinformationkhf\/?page_id=96"},"modified":"2022-11-09T13:44:34","modified_gmt":"2022-11-09T13:44:34","slug":"studier-kulturanalys","status":"publish","type":"page","link":"https:\/\/blogs2.abo.fi\/studieinformationkhf\/studier-kulturanalys\/","title":{"rendered":"Studier"},"content":{"rendered":"<p>I Kulturanalys med inriktning etnologi och folkloristik fokuseras m\u00e4nniskan som kulturvarelse. Du l\u00e4r dig unders\u00f6ka, f\u00f6rst\u00e5 och analysera m\u00e4nniskors vardagsliv, och d\u00e4rigenom hur m\u00e4nniskor skapar mening i sina liv genom vanor, traditioner, ritualer och ber\u00e4ttande.<br \/>\nM\u00e4nniskan som kulturvarelse p\u00e5verkas bland annat av klass, genus, etnicitet samt funktionsf\u00f6rm\u00e5ga och d\u00e4rf\u00f6r inkluderas dessa aspekter i studierna. En typisk kurs bygger p\u00e5 ett aktivt, gemensamt utforskande av fr\u00e5gor som \u00e4r relevanta i samtiden och som g\u00f6r sig p\u00e5minda i vardagen. Detta utforskande sker bland annat genom f\u00e4ltarbeten och exkursioner.<\/p>\n<p><em>\u00a0<\/em><em>Studerandes vardag<br \/>\n<\/em>Om du vill veta hur vardagen som studerande ser ut och vad studierna i kulturanalys inneh\u00e5ller rent konkret \u00e4r det en bra id\u00e9 att fr\u00e5ga n\u00e5gon som verkligen vet.\u00a0I f\u00f6ljande intervjuer ber\u00e4ttar studerande till exempel om det b\u00e4sta med att studera kulturanalys, vilka deras favoritkurser \u00e4r och hur en typisk dag ser ut.<\/p>\n<p style=\"text-align: center\">\n<!-- iframe plugin v.6.0 wordpress.org\/plugins\/iframe\/ -->\n<iframe loading=\"lazy\" src=\"https:\/\/panopto.abo.fi\/Panopto\/Pages\/Embed.aspx?id=2082c4ea-3225-4520-9a2c-add500ab8a4c&#038;autoplay=false&#038;offerviewer=false&#038;showtitle=false&#038;showbrand=false&#038;captions=false&#038;interactivity=none\" height=\"405\" width=\"720\" style=\"border: 0px solid #464646;\" 0=\"allowfullscreen\" 1=\"allow=&quot;autoplay&quot;&gt;\" scrolling=\"yes\" class=\"iframe-class\" frameborder=\"0\"><\/iframe>\n<\/p>\n<p style=\"text-align: center\">\n<!-- iframe plugin v.6.0 wordpress.org\/plugins\/iframe\/ -->\n<iframe loading=\"lazy\" src=\"https:\/\/panopto.abo.fi\/Panopto\/Pages\/Embed.aspx?id=02408f62-f848-4408-b736-ad55009a2427&#038;autoplay=false&#038;offerviewer=false&#038;showtitle=false&#038;showbrand=false&#038;captions=false&#038;interactivity=none\" height=\"405\" width=\"720\" style=\"border: 0px solid #464646;\" 0=\"allowfullscreen\" 1=\"allow=&quot;autoplay&quot;&gt;\" scrolling=\"yes\" class=\"iframe-class\" frameborder=\"0\"><\/iframe>\n<\/p>\n<p><em>L\u00e4raren ber\u00e4ttar<br \/>\n<\/em>Naturligtvis \u00e4r det inte bara studerande som \u00e4r experter p\u00e5 studierna, utan ocks\u00e5 de som sitter mitt emot dig i seminarierummet \u2013 n\u00e4mligen l\u00e4rarna. Titta p\u00e5 videorna f\u00f6r att se deras perspektiv p\u00e5 studierna.<\/p>\n<p style=\"text-align: center\">\n<!-- iframe plugin v.6.0 wordpress.org\/plugins\/iframe\/ -->\n<iframe loading=\"lazy\" src=\"https:\/\/panopto.abo.fi\/Panopto\/Pages\/Embed.aspx?id=17f7d755-6049-4c4d-974f-adc20089fa76&#038;autoplay=false&#038;offerviewer=false&#038;showtitle=false&#038;showbrand=false&#038;captions=false&#038;interactivity=none\" height=\"405\" width=\"720\" style=\"border: 0px solid #464646;\" 0=\"allowfullscreen\" 1=\"allow=&quot;autoplay&quot;&gt;\" scrolling=\"yes\" class=\"iframe-class\" frameborder=\"0\"><\/iframe>\n<\/p>\n<p style=\"text-align: center\">\n<!-- iframe plugin v.6.0 wordpress.org\/plugins\/iframe\/ -->\n<iframe loading=\"lazy\" src=\"https:\/\/panopto.abo.fi\/Panopto\/Pages\/Embed.aspx?id=7d878d1f-10a8-4ae8-90e6-ad9700fe2273&#038;autoplay=false&#038;offerviewer=false&#038;showtitle=false&#038;showbrand=false&#038;captions=false&#038;interactivity=none\" height=\"405\" width=\"720\" style=\"border: 0px solid #464646;\" 0=\"allowfullscreen\" 1=\"allow=&quot;autoplay&quot;&gt;\" scrolling=\"yes\" class=\"iframe-class\" frameborder=\"0\"><\/iframe>\n<\/p>\n<p><a href=\"https:\/\/blogs2.abo.fi\/studieinformationkhf\/forstaaret-kulturanalys\/\"><img loading=\"lazy\" decoding=\"async\" class=\"alignright wp-image-265\" src=\"http:\/\/blogs2.abo.fi\/studieinformation\/wp-content\/uploads\/sites\/145\/2020\/01\/aiga_right_arrow-300x251.png\" alt=\"\" width=\"33\" height=\"28\" \/><\/a><\/p>\n","protected":false},"excerpt":{"rendered":"<p>I Kulturanalys med inriktning etnologi och folkloristik fokuseras m\u00e4nniskan som kulturvarelse. Du l\u00e4r dig unders\u00f6ka, f\u00f6rst\u00e5 och analysera m\u00e4nniskors vardagsliv, och d\u00e4rigenom hur m\u00e4nniskor skapar mening i sina liv genom vanor, traditioner, ritualer och ber\u00e4ttande. M\u00e4nniskan som kulturvarelse p\u00e5verkas bland annat av klass, genus, etnicitet samt funktionsf\u00f6rm\u00e5ga och d\u00e4rf\u00f6r inkluderas dessa aspekter i studierna. En &hellip; <a href=\"https:\/\/blogs2.abo.fi\/studieinformationkhf\/studier-kulturanalys\/\" class=\"more-link\">Forts\u00e4tt l\u00e4sa<span class=\"screen-reader-text\"> \u201dStudier\u201d<\/span><\/a><\/p>\n","protected":false},"author":482,"featured_media":0,"parent":0,"menu_order":0,"comment_status":"closed","ping_status":"closed","template":"","meta":{"footnotes":""},"class_list":["post-96","page","type-page","status-publish","hentry"],"_links":{"self":[{"href":"https:\/\/blogs2.abo.fi\/studieinformationkhf\/wp-json\/wp\/v2\/pages\/96","targetHints":{"allow":["GET"]}}],"collection":[{"href":"https:\/\/blogs2.abo.fi\/studieinformationkhf\/wp-json\/wp\/v2\/pages"}],"about":[{"href":"https:\/\/blogs2.abo.fi\/studieinformationkhf\/wp-json\/wp\/v2\/types\/page"}],"author":[{"embeddable":true,"href":"https:\/\/blogs2.abo.fi\/studieinformationkhf\/wp-json\/wp\/v2\/users\/482"}],"replies":[{"embeddable":true,"href":"https:\/\/blogs2.abo.fi\/studieinformationkhf\/wp-json\/wp\/v2\/comments?post=96"}],"version-history":[{"count":15,"href":"https:\/\/blogs2.abo.fi\/studieinformationkhf\/wp-json\/wp\/v2\/pages\/96\/revisions"}],"predecessor-version":[{"id":685,"href":"https:\/\/blogs2.abo.fi\/studieinformationkhf\/wp-json\/wp\/v2\/pages\/96\/revisions\/685"}],"wp:attachment":[{"href":"https:\/\/blogs2.abo.fi\/studieinformationkhf\/wp-json\/wp\/v2\/media?parent=96"}],"curies":[{"name":"wp","href":"https:\/\/api.w.org\/{rel}","templated":true}]}}