{"id":81,"date":"2022-01-27T08:02:35","date_gmt":"2022-01-27T08:02:35","guid":{"rendered":"https:\/\/blogs2.abo.fi\/studieinformationkhf\/?page_id=81"},"modified":"2023-08-28T09:46:52","modified_gmt":"2023-08-28T09:46:52","slug":"studier-konstvetenskap","status":"publish","type":"page","link":"https:\/\/blogs2.abo.fi\/studieinformationkhf\/studier-konstvetenskap\/","title":{"rendered":"Studier"},"content":{"rendered":"<p>Konstvetenskapen bygger p\u00e5 f\u00f6rst\u00e5else av konst sett ur ett historiskt perspektiv och hur olika historiska samband har p\u00e5verkat konsten. Detta inneb\u00e4r kritisk granskning av konsten genom tiderna och det visuella uttrycket idag. Genom studierna l\u00e4r du dig om konstens historia och i b\u00f6rjan sysslar vi med bildbeskrivning, konstens kanon och grundl\u00e4ggande metodologi. Studierna inneh\u00e5ller en blandning av olika studieformer, b\u00e5de f\u00f6rel\u00e4sningar, ledda grupp\u00f6vningar, sj\u00e4lvst\u00e4ndigt arbete och egna forskningsprojekt.<br \/>\nF\u00f6rutom konstvetenskap kan du ocks\u00e5 l\u00e4sa Visuella studier som bi\u00e4mne. Visuella studier \u00e4r ett omr\u00e5de som v\u00e4xt fram n\u00e4r konstvetare samarbetat med psykologer, sociologer, spr\u00e5kvetare och andra forskare f\u00f6r att b\u00e4ttre f\u00f6rst\u00e5 hur vi tolkar och anv\u00e4nder bilder. \u00c4mnet handlar om all visuell kommunikation, alltifr\u00e5n grottm\u00e5lningar till nutida teknik f\u00f6r visualisering av data. Idag \u00e4r kritisk granskning av hur AI och maskininl\u00e4rning anv\u00e4nds i samh\u00e4llet en viktig uppgift f\u00f6r Visuella studier.<\/p>\n<p><em>\u00a0<\/em><em>Studerandes vardag<br \/>\n<\/em>Om du vill veta hur vardagen som studerande ser ut och vad studierna i konstvetenskap inneh\u00e5ller rent konkret \u00e4r det en bra id\u00e9 att fr\u00e5ga n\u00e5gon som verkligen vet. I f\u00f6ljande intervjuer ber\u00e4ttar studerande till exempel om balansen mellan studier och fritid, hur det \u00e4r att flytta till en ny stad och vilken sorts person man ska vara d\u00e5 man studerar konstvetenskap.<\/p>\n<p style=\"text-align: center\">\n<!-- iframe plugin v.6.0 wordpress.org\/plugins\/iframe\/ -->\n<iframe loading=\"lazy\" src=\"https:\/\/panopto.abo.fi\/Panopto\/Pages\/Embed.aspx?id=08544008-0000-4f6d-afbf-ae4000fd0a1f&#038;autoplay=false&#038;offerviewer=false&#038;showtitle=false&#038;showbrand=false&#038;captions=false&#038;interactivity=none\" height=\"405\" width=\"720\" style=\"border: 0px solid #464646;\" 0=\"allowfullscreen\" 1=\"allow=&quot;autoplay&quot;&gt;\" scrolling=\"yes\" class=\"iframe-class\" frameborder=\"0\"><\/iframe>\n<\/p>\n<p style=\"text-align: center\">\n<!-- iframe plugin v.6.0 wordpress.org\/plugins\/iframe\/ -->\n<iframe loading=\"lazy\" src=\"https:\/\/panopto.abo.fi\/Panopto\/Pages\/Embed.aspx?id=fcf43584-ba36-43bf-9af4-ae52008c1e0b&#038;autoplay=false&#038;offerviewer=false&#038;showtitle=false&#038;showbrand=false&#038;captions=false&#038;interactivity=none\" height=\"405\" width=\"720\" style=\"border: 0px solid #464646;\" 0=\"allowfullscreen\" 1=\"allow=&quot;autoplay&quot;&gt;\" scrolling=\"yes\" class=\"iframe-class\" frameborder=\"0\"><\/iframe>\n<\/p>\n<p><em>L\u00e4raren ber\u00e4ttar<br \/>\n<\/em>Naturligtvis \u00e4r det inte bara studerande som \u00e4r experter p\u00e5 studierna, utan ocks\u00e5 de som sitter mitt emot dig i seminarierummet \u2013 n\u00e4mligen l\u00e4rarna. Titta p\u00e5 videorna f\u00f6r att se deras perspektiv p\u00e5 studierna.<\/p>\n<p style=\"text-align: center\">\n<!-- iframe plugin v.6.0 wordpress.org\/plugins\/iframe\/ -->\n<iframe loading=\"lazy\" src=\"https:\/\/panopto.abo.fi\/Panopto\/Pages\/Embed.aspx?id=44cfbab0-975f-49f3-a0a0-ae38010df4dc&#038;autoplay=false&#038;offerviewer=false&#038;showtitle=false&#038;showbrand=false&#038;captions=false&#038;interactivity=none\" height=\"405\" width=\"720\" style=\"border: 0px solid #464646;\" 0=\"allowfullscreen\" 1=\"allow=&quot;autoplay&quot;&gt;&lt;\/iframe\" scrolling=\"yes\" class=\"iframe-class\" frameborder=\"0\"><\/iframe>\n<\/p>\n<p style=\"text-align: center\">\n<!-- iframe plugin v.6.0 wordpress.org\/plugins\/iframe\/ -->\n<iframe loading=\"lazy\" src=\"https:\/\/panopto.abo.fi\/Panopto\/Pages\/Embed.aspx?id=f61d1341-0e2b-4bd5-876c-ae19008a9e5a&#038;autoplay=false&#038;offerviewer=false&#038;showtitle=false&#038;showbrand=false&#038;captions=false&#038;interactivity=none\" height=\"405\" width=\"720\" style=\"border: 0px solid #464646;\" 0=\"allowfullscreen\" 1=\"allow=&quot;autoplay&quot;&gt;\" scrolling=\"yes\" class=\"iframe-class\" frameborder=\"0\"><\/iframe>\n<\/p>\n<p style=\"text-align: center\">\n<!-- iframe plugin v.6.0 wordpress.org\/plugins\/iframe\/ -->\n<iframe loading=\"lazy\" src=\"https:\/\/panopto.abo.fi\/Panopto\/Pages\/Embed.aspx?id=1bd871d2-8c2f-48fd-956f-ad9c00d4964c&#038;autoplay=false&#038;offerviewer=false&#038;showtitle=false&#038;showbrand=false&#038;captions=false&#038;interactivity=none\" height=\"405\" width=\"720\" style=\"border: 0px solid #464646;\" 0=\"allowfullscreen\" 1=\"allow=&quot;autoplay&quot;&gt;\" scrolling=\"yes\" class=\"iframe-class\" frameborder=\"0\"><\/iframe>\n<\/p>\n<p><a href=\"https:\/\/blogs2.abo.fi\/studieinformationkhf\/forstaaret-konstvetenskap\/\"><img loading=\"lazy\" decoding=\"async\" class=\"alignright wp-image-265\" src=\"http:\/\/blogs2.abo.fi\/studieinformation\/wp-content\/uploads\/sites\/145\/2020\/01\/aiga_right_arrow-300x251.png\" alt=\"\" width=\"33\" height=\"28\" \/><\/a><\/p>\n","protected":false},"excerpt":{"rendered":"<p>Konstvetenskapen bygger p\u00e5 f\u00f6rst\u00e5else av konst sett ur ett historiskt perspektiv och hur olika historiska samband har p\u00e5verkat konsten. Detta inneb\u00e4r kritisk granskning av konsten genom tiderna och det visuella uttrycket idag. Genom studierna l\u00e4r du dig om konstens historia och i b\u00f6rjan sysslar vi med bildbeskrivning, konstens kanon och grundl\u00e4ggande metodologi. Studierna inneh\u00e5ller en &hellip; <a href=\"https:\/\/blogs2.abo.fi\/studieinformationkhf\/studier-konstvetenskap\/\" class=\"more-link\">Forts\u00e4tt l\u00e4sa<span class=\"screen-reader-text\"> \u201dStudier\u201d<\/span><\/a><\/p>\n","protected":false},"author":482,"featured_media":0,"parent":0,"menu_order":0,"comment_status":"closed","ping_status":"closed","template":"","meta":{"footnotes":""},"class_list":["post-81","page","type-page","status-publish","hentry"],"_links":{"self":[{"href":"https:\/\/blogs2.abo.fi\/studieinformationkhf\/wp-json\/wp\/v2\/pages\/81","targetHints":{"allow":["GET"]}}],"collection":[{"href":"https:\/\/blogs2.abo.fi\/studieinformationkhf\/wp-json\/wp\/v2\/pages"}],"about":[{"href":"https:\/\/blogs2.abo.fi\/studieinformationkhf\/wp-json\/wp\/v2\/types\/page"}],"author":[{"embeddable":true,"href":"https:\/\/blogs2.abo.fi\/studieinformationkhf\/wp-json\/wp\/v2\/users\/482"}],"replies":[{"embeddable":true,"href":"https:\/\/blogs2.abo.fi\/studieinformationkhf\/wp-json\/wp\/v2\/comments?post=81"}],"version-history":[{"count":24,"href":"https:\/\/blogs2.abo.fi\/studieinformationkhf\/wp-json\/wp\/v2\/pages\/81\/revisions"}],"predecessor-version":[{"id":723,"href":"https:\/\/blogs2.abo.fi\/studieinformationkhf\/wp-json\/wp\/v2\/pages\/81\/revisions\/723"}],"wp:attachment":[{"href":"https:\/\/blogs2.abo.fi\/studieinformationkhf\/wp-json\/wp\/v2\/media?parent=81"}],"curies":[{"name":"wp","href":"https:\/\/api.w.org\/{rel}","templated":true}]}}