{"id":7,"date":"2022-01-27T07:35:46","date_gmt":"2022-01-27T07:35:46","guid":{"rendered":"https:\/\/blogs2.abo.fi\/studieinformationkhf\/?page_id=7"},"modified":"2023-12-08T13:44:43","modified_gmt":"2023-12-08T13:44:43","slug":"hemma-hos-siv","status":"publish","type":"page","link":"https:\/\/blogs2.abo.fi\/studieinformationkhf\/","title":{"rendered":"Hemma hos SIV kultur, historia och filosofi"},"content":{"rendered":"<p>\u00c4r du inte helt s\u00e4ker p\u00e5 vad du vill studera? Vet du att du vill studera ett humanistiskt \u00e4mne vid \u00c5A men inte vilket? Eller har du redan best\u00e4mt dig f\u00f6r ett \u00e4mne men k\u00e4nner att det finns saker du inte vet? \u00a0Studieinformationsverktyget SIV kan d\u00e5 st\u00f6da dig vid valet av framtida studier.\u00a0H\u00e4r kan du bekanta dig med \u00e4mnena och dessutom l\u00e4sa mer om programmets arbetslivsinriktningar och de gemensamma humaniorastudierna som ing\u00e5r i utbildningen.<\/p>\n<p><span lang=\"SV\">Du kan till exempel b\u00f6rja med att titta p\u00e5 vad studiepsykologen har att s\u00e4ga om hur du g\u00f6r ett bra studieval.<\/span><\/p>\n<p style=\"text-align: center\">\n<!-- iframe plugin v.6.0 wordpress.org\/plugins\/iframe\/ -->\n<iframe loading=\"lazy\" src=\"https:\/\/panopto.abo.fi\/Panopto\/Pages\/Embed.aspx?id=78aa6d21-3a0e-4b9e-9534-af0700e8aaf7&#038;autoplay=false&#038;offerviewer=false&#038;showtitle=false&#038;showbrand=false&#038;captions=false&#038;interactivity=none\" height=\"405\" width=\"720\" style=\"border: 0px solid #464646;\" 0=\"allowfullscreen\" 1=\"allow=&quot;autoplay&quot;&gt;\" scrolling=\"yes\" class=\"iframe-class\" frameborder=\"0\"><\/iframe>\n<\/p>\n<p>Vill du ha en sammanfattning av vad utbildningsprogrammet i kultur, historia och filosofi g\u00e5r ut p\u00e5? Titta p\u00e5 videon:<\/p>\n<p style=\"text-align: center\">\n<!-- iframe plugin v.6.0 wordpress.org\/plugins\/iframe\/ -->\n<iframe loading=\"lazy\" src=\"https:\/\/panopto.abo.fi\/Panopto\/Pages\/Embed.aspx?id=c69c64c5-49f4-4a71-80bf-b08a00a0e664&#038;autoplay=false&#038;offerviewer=false&#038;showtitle=false&#038;showbrand=false&#038;captions=false&#038;interactivity=none\" height=\"405\" width=\"720\" style=\"border: 0px solid #464646;\" 0=\"allowfullscreen\" 1=\"allow=&quot;autoplay&quot;&gt;\" scrolling=\"yes\" class=\"iframe-class\" frameborder=\"0\"><\/iframe>\n<\/p>\n","protected":false},"excerpt":{"rendered":"<p>\u00c4r du inte helt s\u00e4ker p\u00e5 vad du vill studera? Vet du att du vill studera ett humanistiskt \u00e4mne vid \u00c5A men inte vilket? Eller har du redan best\u00e4mt dig f\u00f6r ett \u00e4mne men k\u00e4nner att det finns saker du inte vet? \u00a0Studieinformationsverktyget SIV kan d\u00e5 st\u00f6da dig vid valet av framtida studier.\u00a0H\u00e4r kan du &hellip; <a href=\"https:\/\/blogs2.abo.fi\/studieinformationkhf\/\" class=\"more-link\">Forts\u00e4tt l\u00e4sa<span class=\"screen-reader-text\"> \u201dHemma hos SIV kultur, historia och filosofi\u201d<\/span><\/a><\/p>\n","protected":false},"author":482,"featured_media":0,"parent":0,"menu_order":0,"comment_status":"closed","ping_status":"closed","template":"","meta":{"footnotes":""},"class_list":["post-7","page","type-page","status-publish","hentry"],"_links":{"self":[{"href":"https:\/\/blogs2.abo.fi\/studieinformationkhf\/wp-json\/wp\/v2\/pages\/7","targetHints":{"allow":["GET"]}}],"collection":[{"href":"https:\/\/blogs2.abo.fi\/studieinformationkhf\/wp-json\/wp\/v2\/pages"}],"about":[{"href":"https:\/\/blogs2.abo.fi\/studieinformationkhf\/wp-json\/wp\/v2\/types\/page"}],"author":[{"embeddable":true,"href":"https:\/\/blogs2.abo.fi\/studieinformationkhf\/wp-json\/wp\/v2\/users\/482"}],"replies":[{"embeddable":true,"href":"https:\/\/blogs2.abo.fi\/studieinformationkhf\/wp-json\/wp\/v2\/comments?post=7"}],"version-history":[{"count":16,"href":"https:\/\/blogs2.abo.fi\/studieinformationkhf\/wp-json\/wp\/v2\/pages\/7\/revisions"}],"predecessor-version":[{"id":735,"href":"https:\/\/blogs2.abo.fi\/studieinformationkhf\/wp-json\/wp\/v2\/pages\/7\/revisions\/735"}],"wp:attachment":[{"href":"https:\/\/blogs2.abo.fi\/studieinformationkhf\/wp-json\/wp\/v2\/media?parent=7"}],"curies":[{"name":"wp","href":"https:\/\/api.w.org\/{rel}","templated":true}]}}