{"id":69,"date":"2022-01-27T08:01:46","date_gmt":"2022-01-27T08:01:46","guid":{"rendered":"https:\/\/blogs2.abo.fi\/studieinformationkhf\/?page_id=69"},"modified":"2022-11-09T13:33:30","modified_gmt":"2022-11-09T13:33:30","slug":"forstaaret-historia","status":"publish","type":"page","link":"https:\/\/blogs2.abo.fi\/studieinformationkhf\/forstaaret-historia\/","title":{"rendered":"F\u00f6rsta \u00e5ret"},"content":{"rendered":"<p>Det f\u00f6rsta \u00e5ret vid universitetet kan vara det mest utmanande och stressande \u2013 men kanske ocks\u00e5 det mest speciella \u2013 under dina studier eftersom allting \u00e4r nytt f\u00f6r dig. Du funderar s\u00e4kert p\u00e5 hur dina studier ska se ut i praktiken. H\u00e4r finns en video som f\u00f6rklarar strukturen vid utbildningslinjen f\u00f6r kultur, historia och filosofi. Du f\u00e5r ocks\u00e5 reda p\u00e5 vilka olika inriktningar du kan v\u00e4lja mellan.<\/p>\n<p style=\"text-align: center\">\n<!-- iframe plugin v.6.0 wordpress.org\/plugins\/iframe\/ -->\n<iframe loading=\"lazy\" src=\"https:\/\/panopto.abo.fi\/Panopto\/Pages\/Embed.aspx?id=7d310d39-6963-4198-8d4b-ae4600a5e7b0&#038;autoplay=false&#038;offerviewer=false&#038;showtitle=false&#038;showbrand=false&#038;captions=false&#038;interactivity=none\" height=\"405\" width=\"720\" style=\"border: 0px solid #464646;\" 0=\"allowfullscreen\" 1=\"allow=&quot;autoplay&quot;&gt;\" scrolling=\"yes\" class=\"iframe-class\" frameborder=\"0\"><\/iframe>\n<\/p>\n<p>&nbsp;<\/p>\n<p><a href=\"https:\/\/blogs2.abo.fi\/studieinformationkhf\/studier-historia\/\"><img loading=\"lazy\" decoding=\"async\" class=\"alignleft wp-image-264\" src=\"http:\/\/blogs2.abo.fi\/studieinformation\/wp-content\/uploads\/sites\/145\/2020\/01\/aiga_left_arrow-300x251.jpg\" alt=\"\" width=\"33\" height=\"28\" \/><\/a><a href=\"https:\/\/blogs2.abo.fi\/studieinformationkhf\/avslutningsvis-historia\/\"><img loading=\"lazy\" decoding=\"async\" class=\"alignright wp-image-265\" src=\"http:\/\/blogs2.abo.fi\/studieinformation\/wp-content\/uploads\/sites\/145\/2020\/01\/aiga_right_arrow-300x251.png\" alt=\"\" width=\"33\" height=\"28\" \/><\/a><\/p>\n","protected":false},"excerpt":{"rendered":"<p>Det f\u00f6rsta \u00e5ret vid universitetet kan vara det mest utmanande och stressande \u2013 men kanske ocks\u00e5 det mest speciella \u2013 under dina studier eftersom allting \u00e4r nytt f\u00f6r dig. Du funderar s\u00e4kert p\u00e5 hur dina studier ska se ut i praktiken. H\u00e4r finns en video som f\u00f6rklarar strukturen vid utbildningslinjen f\u00f6r kultur, historia och filosofi. &hellip; <a href=\"https:\/\/blogs2.abo.fi\/studieinformationkhf\/forstaaret-historia\/\" class=\"more-link\">Forts\u00e4tt l\u00e4sa<span class=\"screen-reader-text\"> \u201dF\u00f6rsta \u00e5ret\u201d<\/span><\/a><\/p>\n","protected":false},"author":482,"featured_media":0,"parent":0,"menu_order":0,"comment_status":"closed","ping_status":"closed","template":"","meta":{"footnotes":""},"class_list":["post-69","page","type-page","status-publish","hentry"],"_links":{"self":[{"href":"https:\/\/blogs2.abo.fi\/studieinformationkhf\/wp-json\/wp\/v2\/pages\/69","targetHints":{"allow":["GET"]}}],"collection":[{"href":"https:\/\/blogs2.abo.fi\/studieinformationkhf\/wp-json\/wp\/v2\/pages"}],"about":[{"href":"https:\/\/blogs2.abo.fi\/studieinformationkhf\/wp-json\/wp\/v2\/types\/page"}],"author":[{"embeddable":true,"href":"https:\/\/blogs2.abo.fi\/studieinformationkhf\/wp-json\/wp\/v2\/users\/482"}],"replies":[{"embeddable":true,"href":"https:\/\/blogs2.abo.fi\/studieinformationkhf\/wp-json\/wp\/v2\/comments?post=69"}],"version-history":[{"count":9,"href":"https:\/\/blogs2.abo.fi\/studieinformationkhf\/wp-json\/wp\/v2\/pages\/69\/revisions"}],"predecessor-version":[{"id":676,"href":"https:\/\/blogs2.abo.fi\/studieinformationkhf\/wp-json\/wp\/v2\/pages\/69\/revisions\/676"}],"wp:attachment":[{"href":"https:\/\/blogs2.abo.fi\/studieinformationkhf\/wp-json\/wp\/v2\/media?parent=69"}],"curies":[{"name":"wp","href":"https:\/\/api.w.org\/{rel}","templated":true}]}}