{"id":51,"date":"2022-01-27T07:59:39","date_gmt":"2022-01-27T07:59:39","guid":{"rendered":"https:\/\/blogs2.abo.fi\/studieinformationkhf\/?page_id=51"},"modified":"2022-11-09T12:22:46","modified_gmt":"2022-11-09T12:22:46","slug":"studier-genusvetenskap","status":"publish","type":"page","link":"https:\/\/blogs2.abo.fi\/studieinformationkhf\/studier-genusvetenskap\/","title":{"rendered":"Studier"},"content":{"rendered":"<p>I genusvetenskapen analyserar vi olika maktstrukturer i samh\u00e4llet. V\u00e5ra studerande \u00e4r nyfikna och ifr\u00e5gas\u00e4ttande, en del vill f\u00e5 svar p\u00e5 fr\u00e5gor de l\u00e4nge funderat p\u00e5, andra s\u00f6ker gemenskap genom kunskap och m\u00e5nga har ett starkt teoretiskt intresse. En typisk kurs bygger p\u00e5 gemensamma diskussioner, praktiska \u00f6vningar, litteraturstudier och skr\u00e4ddarsydda l\u00f6sningar efter behov och intresse. Vi ing\u00e5r i ett brett genusvetenskapligt n\u00e4tverk, s\u00e5 det finns dessutom m\u00f6jlighet f\u00f6r dig att l\u00e4sa kurser vid andra finl\u00e4ndska universitet.<\/p>\n<p><em>\u00a0<\/em><em>Studerandes vardag<br \/>\n<\/em>Om du vill veta hur vardagen som studerande ser ut och vad studierna i genusvetenskap inneh\u00e5ller rent konkret \u00e4r det en bra id\u00e9 att fr\u00e5ga n\u00e5gon som verkligen vet. I f\u00f6ljande intervjuer ber\u00e4ttar studerande till exempel om skillnaden mellan skola och universitetsstudier, hur man balanserar studier och fritid och vilka favoritkurser de har.<\/p>\n<p style=\"text-align: center\">\n<!-- iframe plugin v.6.0 wordpress.org\/plugins\/iframe\/ -->\n<iframe loading=\"lazy\" src=\"https:\/\/panopto.abo.fi\/Panopto\/Pages\/Embed.aspx?id=ed4d7d40-a169-4e0f-9be6-adcf00b2234c&#038;autoplay=false&#038;offerviewer=false&#038;showtitle=false&#038;showbrand=false&#038;captions=false&#038;interactivity=none\" height=\"405\" width=\"720\" style=\"border: 0px solid #464646;\" 0=\"allowfullscreen\" allow=\"autoplay\" scrolling=\"yes\" class=\"iframe-class\" frameborder=\"0\"><\/iframe>\n<\/p>\n<p style=\"text-align: center\">\n<!-- iframe plugin v.6.0 wordpress.org\/plugins\/iframe\/ -->\n<iframe loading=\"lazy\" src=\"https:\/\/panopto.abo.fi\/Panopto\/Pages\/Embed.aspx?id=d1ac8013-eff1-4087-9202-ae2b00ca9a81&#038;autoplay=false&#038;offerviewer=false&#038;showtitle=false&#038;showbrand=false&#038;captions=false&#038;interactivity=none\" height=\"405\" width=\"720\" style=\"border: 0px solid #464646;\" 0=\"allowfullscreen\" 1=\"allow=&quot;autoplay&quot;&gt;\" scrolling=\"yes\" class=\"iframe-class\" frameborder=\"0\"><\/iframe>\n<\/p>\n<p><em>L\u00e4raren ber\u00e4ttar<br \/>\n<\/em>Naturligtvis \u00e4r det inte bara studerande som \u00e4r experter p\u00e5 studierna, utan ocks\u00e5 de som sitter mitt emot dig i seminarierummet \u2013 n\u00e4mligen l\u00e4rarna. Titta p\u00e5 videorna f\u00f6r att se deras perspektiv p\u00e5 studierna.<\/p>\n<p style=\"text-align: center\">\n<!-- iframe plugin v.6.0 wordpress.org\/plugins\/iframe\/ -->\n<iframe loading=\"lazy\" src=\"https:\/\/panopto.abo.fi\/Panopto\/Pages\/Embed.aspx?id=aa807479-7dcf-4adb-9fe1-ad55009944ad&#038;autoplay=false&#038;offerviewer=false&#038;showtitle=false&#038;showbrand=false&#038;captions=false&#038;interactivity=none\" height=\"405\" width=\"720\" style=\"border: 0px solid #464646;\" 0=\"allowfullscreen\" 1=\"allow=&quot;autoplay&quot;&gt;\" scrolling=\"yes\" class=\"iframe-class\" frameborder=\"0\"><\/iframe>\n<\/p>\n<p><a href=\"https:\/\/blogs2.abo.fi\/studieinformationkhf\/forstaaret-genusvetenskap\/\"><img loading=\"lazy\" decoding=\"async\" class=\"size-full wp-image-252 alignright\" src=\"http:\/\/blogs2.abo.fi\/studieinformationkhf\/wp-content\/uploads\/sites\/205\/2022\/01\/aiga_right_arrow.png\" alt=\"\" width=\"46\" height=\"38\" \/><\/a><\/p>\n","protected":false},"excerpt":{"rendered":"<p>I genusvetenskapen analyserar vi olika maktstrukturer i samh\u00e4llet. V\u00e5ra studerande \u00e4r nyfikna och ifr\u00e5gas\u00e4ttande, en del vill f\u00e5 svar p\u00e5 fr\u00e5gor de l\u00e4nge funderat p\u00e5, andra s\u00f6ker gemenskap genom kunskap och m\u00e5nga har ett starkt teoretiskt intresse. En typisk kurs bygger p\u00e5 gemensamma diskussioner, praktiska \u00f6vningar, litteraturstudier och skr\u00e4ddarsydda l\u00f6sningar efter behov och intresse. Vi &hellip; <a href=\"https:\/\/blogs2.abo.fi\/studieinformationkhf\/studier-genusvetenskap\/\" class=\"more-link\">Forts\u00e4tt l\u00e4sa<span class=\"screen-reader-text\"> \u201dStudier\u201d<\/span><\/a><\/p>\n","protected":false},"author":482,"featured_media":0,"parent":0,"menu_order":0,"comment_status":"closed","ping_status":"closed","template":"","meta":{"footnotes":""},"class_list":["post-51","page","type-page","status-publish","hentry"],"_links":{"self":[{"href":"https:\/\/blogs2.abo.fi\/studieinformationkhf\/wp-json\/wp\/v2\/pages\/51","targetHints":{"allow":["GET"]}}],"collection":[{"href":"https:\/\/blogs2.abo.fi\/studieinformationkhf\/wp-json\/wp\/v2\/pages"}],"about":[{"href":"https:\/\/blogs2.abo.fi\/studieinformationkhf\/wp-json\/wp\/v2\/types\/page"}],"author":[{"embeddable":true,"href":"https:\/\/blogs2.abo.fi\/studieinformationkhf\/wp-json\/wp\/v2\/users\/482"}],"replies":[{"embeddable":true,"href":"https:\/\/blogs2.abo.fi\/studieinformationkhf\/wp-json\/wp\/v2\/comments?post=51"}],"version-history":[{"count":14,"href":"https:\/\/blogs2.abo.fi\/studieinformationkhf\/wp-json\/wp\/v2\/pages\/51\/revisions"}],"predecessor-version":[{"id":671,"href":"https:\/\/blogs2.abo.fi\/studieinformationkhf\/wp-json\/wp\/v2\/pages\/51\/revisions\/671"}],"wp:attachment":[{"href":"https:\/\/blogs2.abo.fi\/studieinformationkhf\/wp-json\/wp\/v2\/media?parent=51"}],"curies":[{"name":"wp","href":"https:\/\/api.w.org\/{rel}","templated":true}]}}