{"id":36,"date":"2022-01-27T07:57:06","date_gmt":"2022-01-27T07:57:06","guid":{"rendered":"https:\/\/blogs2.abo.fi\/studieinformationkhf\/?page_id=36"},"modified":"2022-11-09T12:19:46","modified_gmt":"2022-11-09T12:19:46","slug":"studier-filosofi","status":"publish","type":"page","link":"https:\/\/blogs2.abo.fi\/studieinformationkhf\/studier-filosofi\/","title":{"rendered":"Studier"},"content":{"rendered":"<p>Filosofiundervisningen inneh\u00e5ller en hel del diskussion och mycket skrivande i samr\u00e5d med l\u00e4rarna. Ingen uppdelning g\u00f6rs mellan teoretisk och praktisk filosofi. En stor del av undervisningen behandlar i sj\u00e4lva verket fr\u00e5gor d\u00e4r b\u00e5de teoretiska och v\u00e4rderande element ing\u00e5r. Inom filosofin kan du f\u00f6rdjupa dig i problem som uppst\u00e5r kring specialvetenskaper (t.ex. psykologi, historia, religion, litteratur, antropologi, matematik), men ocks\u00e5 i fr\u00e5gor kring samh\u00e4lle, moral, medvetande, logik, k\u00e4nslor, spr\u00e5k och vetande.<\/p>\n<p><em>\u00a0<\/em><em>Studerandes vardag<br \/>\n<\/em>Om du vill veta hur vardagen som studerande ser ut och vad filosofistudierna inneh\u00e5ller rent konkret \u00e4r det en bra id\u00e9 att fr\u00e5ga n\u00e5gon som verkligen vet. I f\u00f6ljande intervjuer ber\u00e4ttar studerande till exempel om hur de skulle beskriva sin utbildning, hur de balanserar studier och fritid och vad det b\u00e4sta med studierna \u00e4r.<\/p>\n<p style=\"text-align: center\">\n<!-- iframe plugin v.6.0 wordpress.org\/plugins\/iframe\/ -->\n<iframe loading=\"lazy\" src=\"https:\/\/panopto.abo.fi\/Panopto\/Pages\/Embed.aspx?id=136b0ab2-59b5-4be6-bce9-ad5700938159&#038;autoplay=false&#038;offerviewer=false&#038;showtitle=false&#038;showbrand=false&#038;captions=false&#038;interactivity=none\" height=\"405\" width=\"720\" style=\"border: 0px solid #464646;\" 0=\"allowfullscreen\" 1=\"allow=&quot;autoplay&quot;&gt;\" scrolling=\"yes\" class=\"iframe-class\" frameborder=\"0\"><\/iframe>\n<\/p>\n<p><em>L\u00e4raren ber\u00e4ttar<br \/>\n<\/em>Naturligtvis \u00e4r det inte bara studerande som \u00e4r experter p\u00e5 studierna, utan ocks\u00e5 de som sitter mitt emot dig i seminarierummet \u2013 n\u00e4mligen l\u00e4rarna. Titta p\u00e5 videorna f\u00f6r att se deras perspektiv p\u00e5 studierna.<\/p>\n<p style=\"text-align: center\">\n<!-- iframe plugin v.6.0 wordpress.org\/plugins\/iframe\/ -->\n<iframe loading=\"lazy\" src=\"https:\/\/panopto.abo.fi\/Panopto\/Pages\/Embed.aspx?id=0baf13c3-f7ec-432c-ba06-adf30089d00d&#038;autoplay=false&#038;offerviewer=false&#038;showtitle=false&#038;showbrand=false&#038;captions=false&#038;interactivity=none\" height=\"405\" width=\"720\" style=\"border: 0px solid #464646;\" 0=\"allowfullscreen\" 1=\"allow=&quot;autoplay&quot;&gt;\" scrolling=\"yes\" class=\"iframe-class\" frameborder=\"0\"><\/iframe>\n<\/p>\n<p><a href=\"https:\/\/blogs2.abo.fi\/studieinformationkhf\/forsta-aret-filosofi\/\"><img loading=\"lazy\" decoding=\"async\" class=\"size-full wp-image-252 alignright\" src=\"http:\/\/blogs2.abo.fi\/studieinformationkhf\/wp-content\/uploads\/sites\/205\/2022\/01\/aiga_right_arrow.png\" alt=\"\" width=\"46\" height=\"38\" \/><\/a><\/p>\n","protected":false},"excerpt":{"rendered":"<p>Filosofiundervisningen inneh\u00e5ller en hel del diskussion och mycket skrivande i samr\u00e5d med l\u00e4rarna. Ingen uppdelning g\u00f6rs mellan teoretisk och praktisk filosofi. En stor del av undervisningen behandlar i sj\u00e4lva verket fr\u00e5gor d\u00e4r b\u00e5de teoretiska och v\u00e4rderande element ing\u00e5r. Inom filosofin kan du f\u00f6rdjupa dig i problem som uppst\u00e5r kring specialvetenskaper (t.ex. psykologi, historia, religion, litteratur, &hellip; <a href=\"https:\/\/blogs2.abo.fi\/studieinformationkhf\/studier-filosofi\/\" class=\"more-link\">Forts\u00e4tt l\u00e4sa<span class=\"screen-reader-text\"> \u201dStudier\u201d<\/span><\/a><\/p>\n","protected":false},"author":482,"featured_media":0,"parent":0,"menu_order":0,"comment_status":"closed","ping_status":"closed","template":"","meta":{"footnotes":""},"class_list":["post-36","page","type-page","status-publish","hentry"],"_links":{"self":[{"href":"https:\/\/blogs2.abo.fi\/studieinformationkhf\/wp-json\/wp\/v2\/pages\/36","targetHints":{"allow":["GET"]}}],"collection":[{"href":"https:\/\/blogs2.abo.fi\/studieinformationkhf\/wp-json\/wp\/v2\/pages"}],"about":[{"href":"https:\/\/blogs2.abo.fi\/studieinformationkhf\/wp-json\/wp\/v2\/types\/page"}],"author":[{"embeddable":true,"href":"https:\/\/blogs2.abo.fi\/studieinformationkhf\/wp-json\/wp\/v2\/users\/482"}],"replies":[{"embeddable":true,"href":"https:\/\/blogs2.abo.fi\/studieinformationkhf\/wp-json\/wp\/v2\/comments?post=36"}],"version-history":[{"count":13,"href":"https:\/\/blogs2.abo.fi\/studieinformationkhf\/wp-json\/wp\/v2\/pages\/36\/revisions"}],"predecessor-version":[{"id":666,"href":"https:\/\/blogs2.abo.fi\/studieinformationkhf\/wp-json\/wp\/v2\/pages\/36\/revisions\/666"}],"wp:attachment":[{"href":"https:\/\/blogs2.abo.fi\/studieinformationkhf\/wp-json\/wp\/v2\/media?parent=36"}],"curies":[{"name":"wp","href":"https:\/\/api.w.org\/{rel}","templated":true}]}}