{"id":227,"date":"2022-01-27T13:53:18","date_gmt":"2022-01-27T13:53:18","guid":{"rendered":"https:\/\/blogs2.abo.fi\/studieinformationkhf\/?page_id=227"},"modified":"2023-12-08T13:44:03","modified_gmt":"2023-12-08T13:44:03","slug":"introduktion-humaniora","status":"publish","type":"page","link":"https:\/\/blogs2.abo.fi\/studieinformationkhf\/introduktion-humaniora\/","title":{"rendered":"Introduktion humaniora"},"content":{"rendered":"<p>I dina studier vid utbildningslinjen f\u00f6r kultur, historia och filosofi ing\u00e5r ett gemensamt &#8221;humaniorablock&#8221;. Blocket best\u00e5r av 20 studiepo\u00e4ng och ger dig en bredare kontext f\u00f6r dina studier och belyser hur en humaniorautbildning passar in i samh\u00e4llet och i arbetslivet.<\/p>\n<p>H\u00e4r kan du titta p\u00e5 fyra videor d\u00e4r en av v\u00e5re l\u00e4rare ber\u00e4ttar vad blocket g\u00e5r ut p\u00e5 rent konkret, vad som \u00e4r det b\u00e4sta med just de h\u00e4r kurserna och p\u00e5 vilket s\u00e4tt de \u00e4r relevanta f\u00f6r dina studier och din framtid.<\/p>\n<p style=\"text-align: center\">\n<!-- iframe plugin v.6.0 wordpress.org\/plugins\/iframe\/ -->\n<iframe loading=\"lazy\" src=\"https:\/\/panopto.abo.fi\/Panopto\/Pages\/Embed.aspx?id=53093dbd-b9d5-478c-83fc-ae4b00ec4a74&#038;autoplay=false&#038;offerviewer=false&#038;showtitle=false&#038;showbrand=false&#038;captions=false&#038;interactivity=all\" height=\"405\" width=\"720\" style=\"border: 0px solid #464646;\" 0=\"allowfullscreen\" 1=\"allow=&quot;autoplay&quot;&gt;\" scrolling=\"yes\" class=\"iframe-class\" frameborder=\"0\"><\/iframe>\n<\/p>\n<p style=\"text-align: center\">\n<!-- iframe plugin v.6.0 wordpress.org\/plugins\/iframe\/ -->\n<iframe loading=\"lazy\" src=\"https:\/\/panopto.abo.fi\/Panopto\/Pages\/Embed.aspx?id=a13a4331-1bdc-4ba0-9d59-ae4b00ec4a74&#038;autoplay=false&#038;offerviewer=false&#038;showtitle=false&#038;showbrand=false&#038;captions=false&#038;interactivity=all\" height=\"405\" width=\"720\" style=\"border: 0px solid #464646;\" 0=\"allowfullscreen\" 1=\"allow=&quot;autoplay&quot;&gt;\" scrolling=\"yes\" class=\"iframe-class\" frameborder=\"0\"><\/iframe>\n<\/p>\n<p style=\"text-align: center\">\n<!-- iframe plugin v.6.0 wordpress.org\/plugins\/iframe\/ -->\n<iframe loading=\"lazy\" src=\"https:\/\/panopto.abo.fi\/Panopto\/Pages\/Embed.aspx?id=56779f7d-8ded-427f-86e5-ae4b00ec4a74&#038;autoplay=false&#038;offerviewer=false&#038;showtitle=false&#038;showbrand=false&#038;captions=false&#038;interactivity=all\" height=\"405\" width=\"720\" style=\"border: 0px solid #464646;\" 0=\"allowfullscreen\" 1=\"allow=&quot;autoplay&quot;&gt;\" scrolling=\"yes\" class=\"iframe-class\" frameborder=\"0\"><\/iframe>\n<\/p>\n<p style=\"text-align: center\">\n<!-- iframe plugin v.6.0 wordpress.org\/plugins\/iframe\/ -->\n<iframe loading=\"lazy\" src=\"https:\/\/panopto.abo.fi\/Panopto\/Pages\/Embed.aspx?id=971ac900-3208-43f0-ae31-ae4b00ec4a74&#038;autoplay=false&#038;offerviewer=false&#038;showtitle=false&#038;showbrand=false&#038;captions=false&#038;interactivity=all\" height=\"405\" width=\"720\" style=\"border: 0px solid #464646;\" 0=\"allowfullscreen\" 1=\"allow=&quot;autoplay&quot;&gt;\" scrolling=\"yes\" class=\"iframe-class\" frameborder=\"0\"><\/iframe>\n<\/p>\n","protected":false},"excerpt":{"rendered":"<p>I dina studier vid utbildningslinjen f\u00f6r kultur, historia och filosofi ing\u00e5r ett gemensamt &#8221;humaniorablock&#8221;. Blocket best\u00e5r av 20 studiepo\u00e4ng och ger dig en bredare kontext f\u00f6r dina studier och belyser hur en humaniorautbildning passar in i samh\u00e4llet och i arbetslivet. H\u00e4r kan du titta p\u00e5 fyra videor d\u00e4r en av v\u00e5re l\u00e4rare ber\u00e4ttar vad blocket &hellip; <a href=\"https:\/\/blogs2.abo.fi\/studieinformationkhf\/introduktion-humaniora\/\" class=\"more-link\">Forts\u00e4tt l\u00e4sa<span class=\"screen-reader-text\"> \u201dIntroduktion humaniora\u201d<\/span><\/a><\/p>\n","protected":false},"author":482,"featured_media":0,"parent":0,"menu_order":0,"comment_status":"closed","ping_status":"closed","template":"","meta":{"footnotes":""},"class_list":["post-227","page","type-page","status-publish","hentry"],"_links":{"self":[{"href":"https:\/\/blogs2.abo.fi\/studieinformationkhf\/wp-json\/wp\/v2\/pages\/227","targetHints":{"allow":["GET"]}}],"collection":[{"href":"https:\/\/blogs2.abo.fi\/studieinformationkhf\/wp-json\/wp\/v2\/pages"}],"about":[{"href":"https:\/\/blogs2.abo.fi\/studieinformationkhf\/wp-json\/wp\/v2\/types\/page"}],"author":[{"embeddable":true,"href":"https:\/\/blogs2.abo.fi\/studieinformationkhf\/wp-json\/wp\/v2\/users\/482"}],"replies":[{"embeddable":true,"href":"https:\/\/blogs2.abo.fi\/studieinformationkhf\/wp-json\/wp\/v2\/comments?post=227"}],"version-history":[{"count":9,"href":"https:\/\/blogs2.abo.fi\/studieinformationkhf\/wp-json\/wp\/v2\/pages\/227\/revisions"}],"predecessor-version":[{"id":734,"href":"https:\/\/blogs2.abo.fi\/studieinformationkhf\/wp-json\/wp\/v2\/pages\/227\/revisions\/734"}],"wp:attachment":[{"href":"https:\/\/blogs2.abo.fi\/studieinformationkhf\/wp-json\/wp\/v2\/media?parent=227"}],"curies":[{"name":"wp","href":"https:\/\/api.w.org\/{rel}","templated":true}]}}