{"id":224,"date":"2022-01-27T13:43:54","date_gmt":"2022-01-27T13:43:54","guid":{"rendered":"https:\/\/blogs2.abo.fi\/studieinformationkhf\/?page_id=224"},"modified":"2023-12-08T13:39:34","modified_gmt":"2023-12-08T13:39:34","slug":"arbetslivsinriktningar","status":"publish","type":"page","link":"https:\/\/blogs2.abo.fi\/studieinformationkhf\/arbetslivsinriktningar\/","title":{"rendered":"Arbetslivsinriktningar"},"content":{"rendered":"<p>En viktig del av utbildningslinjen f\u00f6r kultur, historia och filosofi \u00e4r arbetslivsorienteringen. M\u00e5let med arbetslivsorienteringen \u00e4r att ge dig en konkret inblick i vad du som kulturvetare kan arbeta med i framtiden och hur arbetslivet kan se ut. Som arbetslivsinriktning kan du v\u00e4lja kulturledning, litter\u00e4r produktion eller, om du g\u00e5r \u00e4mnesl\u00e4rarinriktningen, pedagogik.<br \/>\nKulturledning och litter\u00e4r produktion \u00e4r nya inriktningar som ger viktiga redskap f\u00f6r arbetslivet, speciellt f\u00f6r dem som fram\u00f6ver vill jobba med skrivande i olika former eller inom t.ex. kulturorganisationer. De h\u00e4r inriktningarna kan kombineras med alla utbildningslinjens huvud\u00e4mnen. Du som studerar p\u00e5 \u00e4mnesl\u00e4rarlinjen kan ha filosofi, historia, litteraturvetenskap eller religionsvetenskap.<\/p>\n<p><em>Litter\u00e4r produktion<br \/>\n<\/em><span class=\"normaltextrun\"><span lang=\"SV-FI\">Blocket Litter\u00e4r produktion ger dig\u00a0en arbetslivsorientering inom de\u00a0genrer och medier\u00a0d\u00e4r skrivande med utg\u00e5ngspunkt i humaniora\u00a0st\u00e5r i centrum.\u00a0Blocket inneh\u00e5ller\u00a0b\u00e5de\u00a0teoretiska delar och praktiska skriv\u00f6vningar, men ocks\u00e5 g\u00e4stf\u00f6rel\u00e4sningar och studiebes\u00f6k som f\u00f6rbereder dig f\u00f6r steget fr\u00e5n universitetet till arbetslivet.\u00a0Du f\u00e5r grundl\u00e4ggande\u00a0kunskaper\u00a0om\u00a0kultursektorns\u00a0institutionella, ekonomiska och mediala\u00a0f\u00f6ruts\u00e4ttningar. \u00a0Dessutom till\u00e4gnar du dig kunskaper om och utvecklar f\u00e4rdigheter i\u00a0sk\u00f6nlitter\u00e4rt skrivande\u00a0(inklusive ess\u00e4istisk),\u00a0reportage och recensioner\u00a0samt popularisering av forskning. F\u00f6rutom att utveckla det egna skrivandet inom respektive genre, \u00f6var du upp f\u00f6rm\u00e5gan att reflektera konstruktivt \u00f6ver egna och andras texter.<\/span><\/span><\/p>\n<p><em>Kulturledning<\/em><em><br \/>\n<\/em><span lang=\"SV-FI\">I inriktningen Kulturledning bekantar du dig med varierande processer inom arts management och kulturf\u00f6rvaltning. Inriktningen erbjuder en praktiskt orienterad komplettering till dina humanistiska \u00e4mneskunskaper och synligg\u00f6r s\u00e5dana kunskaper och f\u00e4rdigheter som beh\u00f6vs i arbetslivet inom lednings- och planeringsuppgifter med betoning p\u00e5 f\u00f6ruts\u00e4ttningarna inom ett f\u00f6r\u00e4nderligt kulturf\u00e4lt. Du introduceras till det finl\u00e4ndska kulturf\u00e4ltet och dess verksamhetsformer och du utvecklar dina f\u00e4rdigheter i analytiskt och kritiskt t\u00e4nkande p\u00e5 vetenskaplig bas, f\u00e5r kunskaper om yrken och arbetsmarknader inom kulturbranschen och utvecklar din f\u00f6rm\u00e5ga att planera verksamhet i olika former.<br \/>\nL\u00e5ter detta v\u00e4ldigt abstrakt? Ta en titt och kolla vad v\u00e5r studerande har att ber\u00e4tta om inriktningen.<\/span><\/p>\n<p style=\"text-align: center\">\n<!-- iframe plugin v.6.0 wordpress.org\/plugins\/iframe\/ -->\n<iframe loading=\"lazy\" src=\"https:\/\/panopto.abo.fi\/Panopto\/Pages\/Embed.aspx?id=00bb4c28-a009-447c-9329-b0a500dace1f&#038;autoplay=false&#038;offerviewer=false&#038;showtitle=false&#038;showbrand=false&#038;captions=false&#038;interactivity=none\" height=\"405\" width=\"720\" style=\"border: 0px solid #464646;\" 0=\"allowfullscreen\" 1=\"allow=&quot;autoplay&quot;&gt;\" scrolling=\"yes\" class=\"iframe-class\" frameborder=\"0\"><\/iframe>\n<\/p>\n<p><span class=\"ui-provider ed bve bpb bvf bvg bvh bvi bvj bvk bvl bvm bvn bvo bvp bvq bvr bvs bvt bvu bvv bvw bvx bvy bvz bwa bwb bwc bwd bwe bwf bwg bwh bwi bwj bwk\" dir=\"ltr\">Ifall du vill veta \u00e4nnu mer kan du se p\u00e5 denna video med en av inriktningens l\u00e4rare.<br \/>\n<\/span><\/p>\n<p style=\"text-align: center\">\n<!-- iframe plugin v.6.0 wordpress.org\/plugins\/iframe\/ -->\n<iframe loading=\"lazy\" src=\"https:\/\/panopto.abo.fi\/Panopto\/Pages\/Embed.aspx?id=031d0e64-5102-4224-ad92-b0c100f773ee&#038;autoplay=false&#038;offerviewer=false&#038;showtitle=false&#038;showbrand=false&#038;captions=false&#038;interactivity=none\" height=\"405\" width=\"720\" style=\"border: 0px solid #464646;\" 0=\"allowfullscreen\" 1=\"allow=&quot;autoplay&quot;&gt;\" scrolling=\"yes\" class=\"iframe-class\" frameborder=\"0\"><\/iframe>\n<\/p>\n<div><\/div>\n<div><em><br \/>\nPedagogik<\/em><\/div>\n<div>\n<p>Du som studerar enligt \u00e4mnesl\u00e4rarlinjen f\u00e5r grundl\u00e4ggande kunskaper i pedagogik f\u00f6r \u00e4mnesl\u00e4rare och utvecklar ditt pedagogiska t\u00e4nkande. Studierna behandlar m\u00e4nniskans kognitiva, spr\u00e5kliga, sociala och emotionella utveckling och du f\u00f6rbereds f\u00f6r varierade m\u00e4nniskom\u00f6ten i arbetslivet. I studierna ing\u00e5r ocks\u00e5 en kortare praktikperiod d\u00e4r du f\u00e5r utveckla din l\u00e4rarroll i verkligheten.<\/p>\n<\/div>\n<div>\n<div><em><em><span lang=\"EN-US\"><br \/>\nR\u00f6ster fr\u00e5n arbetslivet<br \/>\n<\/span><\/em><\/em>Funderar du p\u00e5 vad kulturarbetare sysslar med i praktiken? H\u00e4r f\u00e5r du en inblick i vad arbete inom kulturf\u00e4ltet kan inneb\u00e4ra, vilka utmaningar som finns i arbetsbilden och vilken sorts m\u00e4nniska man ska vara f\u00f6r att trivas.<\/div>\n<div><\/div>\n<\/div>\n<div><\/div>\n<div style=\"text-align: center\">\n<!-- iframe plugin v.6.0 wordpress.org\/plugins\/iframe\/ -->\n<iframe loading=\"lazy\" src=\"https:\/\/panopto.abo.fi\/Panopto\/Pages\/Embed.aspx?id=465c8aad-c3a9-4c89-863e-ae05008a9495&#038;autoplay=false&#038;offerviewer=false&#038;showtitle=false&#038;showbrand=false&#038;captions=false&#038;interactivity=all\" height=\"405\" width=\"720\" style=\"border: 0px solid #464646;\" 0=\"allowfullscreen\" 1=\"allow=&quot;autoplay&quot;&gt;\" scrolling=\"yes\" class=\"iframe-class\" frameborder=\"0\"><\/iframe>\n<\/div>\n<p style=\"text-align: center\">\n<!-- iframe plugin v.6.0 wordpress.org\/plugins\/iframe\/ -->\n<iframe loading=\"lazy\" src=\"https:\/\/panopto.abo.fi\/Panopto\/Pages\/Embed.aspx?id=c01b7976-ce23-453f-a5bc-adeb00e53ead&#038;autoplay=false&#038;offerviewer=false&#038;showtitle=false&#038;showbrand=false&#038;captions=false&#038;interactivity=all\" height=\"405\" width=\"720\" style=\"border: 0px solid #464646;\" 0=\"allowfullscreen\" 1=\"allow=&quot;autoplay&quot;&gt;\" scrolling=\"yes\" class=\"iframe-class\" frameborder=\"0\"><\/iframe>\n<\/p>\n","protected":false},"excerpt":{"rendered":"<p>En viktig del av utbildningslinjen f\u00f6r kultur, historia och filosofi \u00e4r arbetslivsorienteringen. M\u00e5let med arbetslivsorienteringen \u00e4r att ge dig en konkret inblick i vad du som kulturvetare kan arbeta med i framtiden och hur arbetslivet kan se ut. Som arbetslivsinriktning kan du v\u00e4lja kulturledning, litter\u00e4r produktion eller, om du g\u00e5r \u00e4mnesl\u00e4rarinriktningen, pedagogik. Kulturledning och litter\u00e4r &hellip; <a href=\"https:\/\/blogs2.abo.fi\/studieinformationkhf\/arbetslivsinriktningar\/\" class=\"more-link\">Forts\u00e4tt l\u00e4sa<span class=\"screen-reader-text\"> \u201dArbetslivsinriktningar\u201d<\/span><\/a><\/p>\n","protected":false},"author":482,"featured_media":0,"parent":0,"menu_order":0,"comment_status":"closed","ping_status":"closed","template":"","meta":{"footnotes":""},"class_list":["post-224","page","type-page","status-publish","hentry"],"_links":{"self":[{"href":"https:\/\/blogs2.abo.fi\/studieinformationkhf\/wp-json\/wp\/v2\/pages\/224","targetHints":{"allow":["GET"]}}],"collection":[{"href":"https:\/\/blogs2.abo.fi\/studieinformationkhf\/wp-json\/wp\/v2\/pages"}],"about":[{"href":"https:\/\/blogs2.abo.fi\/studieinformationkhf\/wp-json\/wp\/v2\/types\/page"}],"author":[{"embeddable":true,"href":"https:\/\/blogs2.abo.fi\/studieinformationkhf\/wp-json\/wp\/v2\/users\/482"}],"replies":[{"embeddable":true,"href":"https:\/\/blogs2.abo.fi\/studieinformationkhf\/wp-json\/wp\/v2\/comments?post=224"}],"version-history":[{"count":19,"href":"https:\/\/blogs2.abo.fi\/studieinformationkhf\/wp-json\/wp\/v2\/pages\/224\/revisions"}],"predecessor-version":[{"id":733,"href":"https:\/\/blogs2.abo.fi\/studieinformationkhf\/wp-json\/wp\/v2\/pages\/224\/revisions\/733"}],"wp:attachment":[{"href":"https:\/\/blogs2.abo.fi\/studieinformationkhf\/wp-json\/wp\/v2\/media?parent=224"}],"curies":[{"name":"wp","href":"https:\/\/api.w.org\/{rel}","templated":true}]}}