{"id":20,"date":"2022-01-27T07:41:24","date_gmt":"2022-01-27T07:41:24","guid":{"rendered":"https:\/\/blogs2.abo.fi\/studieinformationkhf\/?page_id=20"},"modified":"2022-11-09T13:46:11","modified_gmt":"2022-11-09T13:46:11","slug":"litteraturvetenskap","status":"publish","type":"page","link":"https:\/\/blogs2.abo.fi\/studieinformationkhf\/litteraturvetenskap\/","title":{"rendered":"Litteraturvetenskap"},"content":{"rendered":"<div><span lang=\"SV-FI\">I litteraturvetenskap studeras b\u00e5de klassisk och modern litteratur i genrer som lyrik, dramatik, noveller och romaner. Du l\u00e4r dig att analysera litteraturen ur m\u00e5nga olika synvinklar: historiska, estetiska, sociala och existentiella. Efter grundstudierna kan du f\u00f6rdjupa dig inom specialomr\u00e5den som t.ex. barn- och ungdomslitteratur, intermedialitet och ekokritik. Studier av litteraturen i f\u00f6rh\u00e5llande till samh\u00e4llsf\u00f6r\u00e4ndringar och livets stora fr\u00e5gor bidrar till en bildningsprocess d\u00e4r dina insikter om m\u00e4nniskans villkor utvecklas parallellt med din sj\u00e4lvf\u00f6rst\u00e5else.<\/span><\/div>\n<p>&nbsp;<\/p>\n<p><em>\u00a0<\/em><em>Studerandes vardag<br \/>\n<\/em>Om du vill veta hur vardagen som studerande ser ut och vad studierna i litteraturvetenskap inneh\u00e5ller rent konkret \u00e4r det en bra id\u00e9 att fr\u00e5ga n\u00e5gon som verkligen vet. I f\u00f6ljande intervjuer ber\u00e4ttar studerande till exempel om balansen mellan studier och fritid, sina favoritkurser och vad som \u00f6verraskat dem under studierna.<\/p>\n<p style=\"text-align: center\">\n<!-- iframe plugin v.6.0 wordpress.org\/plugins\/iframe\/ -->\n<iframe loading=\"lazy\" src=\"https:\/\/panopto.abo.fi\/Panopto\/Pages\/Embed.aspx?id=227fc1a7-58fb-4d6d-ac74-ad9100e1e84c&#038;autoplay=false&#038;offerviewer=false&#038;showtitle=false&#038;showbrand=false&#038;captions=false&#038;interactivity=none\" height=\"405\" width=\"720\" style=\"border: 0px solid #464646;\" 0=\"allowfullscreen\" 1=\"allow=&quot;autoplay&quot;&gt;\" scrolling=\"yes\" class=\"iframe-class\" frameborder=\"0\"><\/iframe>\n<\/p>\n<p style=\"text-align: center\">\n<!-- iframe plugin v.6.0 wordpress.org\/plugins\/iframe\/ -->\n<iframe loading=\"lazy\" src=\"https:\/\/panopto.abo.fi\/Panopto\/Pages\/Embed.aspx?id=7cad0bec-6279-484e-82b4-ad550099804d&#038;autoplay=false&#038;offerviewer=false&#038;showtitle=false&#038;showbrand=false&#038;captions=false&#038;interactivity=none\" height=\"405\" width=\"720\" style=\"border: 0px solid #464646;\" 0=\"allowfullscreen\" 1=\"allow=&quot;autoplay&quot;&gt;\" scrolling=\"yes\" class=\"iframe-class\" frameborder=\"0\"><\/iframe>\n<\/p>\n<p><em>L\u00e4raren ber\u00e4ttar<br \/>\n<\/em>Naturligtvis \u00e4r det inte bara studerande som \u00e4r experter p\u00e5 studierna, utan ocks\u00e5 de som sitter mitt emot dig i seminarierummet \u2013 n\u00e4mligen l\u00e4rarna. Titta p\u00e5 videorna f\u00f6r att se deras perspektiv p\u00e5 studierna.<\/p>\n<p style=\"text-align: center\">\n<!-- iframe plugin v.6.0 wordpress.org\/plugins\/iframe\/ -->\n<iframe loading=\"lazy\" src=\"https:\/\/panopto.abo.fi\/Panopto\/Pages\/Embed.aspx?id=6322b4b7-97a7-42e3-bda1-ae2f00a1747d&#038;autoplay=false&#038;offerviewer=false&#038;showtitle=false&#038;showbrand=false&#038;captions=false&#038;interactivity=none\" height=\"405\" width=\"720\" style=\"border: 0px solid #464646;\" 0=\"allowfullscreen\" 1=\"allow=&quot;autoplay&quot;&gt;\" scrolling=\"yes\" class=\"iframe-class\" frameborder=\"0\"><\/iframe>\n<\/p>\n<p style=\"text-align: center\">\n<!-- iframe plugin v.6.0 wordpress.org\/plugins\/iframe\/ -->\n<iframe loading=\"lazy\" src=\"https:\/\/panopto.abo.fi\/Panopto\/Pages\/Embed.aspx?id=f53f0f0a-c742-4fee-8bab-ae36011b3f8e&#038;autoplay=false&#038;offerviewer=false&#038;showtitle=false&#038;showbrand=false&#038;captions=false&#038;interactivity=none\" height=\"405\" width=\"720\" style=\"border: 0px solid #464646;\" 0=\"allowfullscreen\" 1=\"allow=&quot;autoplay&quot;&gt;\" scrolling=\"yes\" class=\"iframe-class\" frameborder=\"0\"><\/iframe>\n<\/p>\n<p><a href=\"https:\/\/blogs2.abo.fi\/studieinformationkhf\/forstaaret-litteraturvetenskap\/\"><img loading=\"lazy\" decoding=\"async\" class=\"alignright wp-image-265\" src=\"http:\/\/blogs2.abo.fi\/studieinformation\/wp-content\/uploads\/sites\/145\/2020\/01\/aiga_right_arrow-300x251.png\" alt=\"\" width=\"33\" height=\"28\" \/><\/a><\/p>\n","protected":false},"excerpt":{"rendered":"<p>I litteraturvetenskap studeras b\u00e5de klassisk och modern litteratur i genrer som lyrik, dramatik, noveller och romaner. Du l\u00e4r dig att analysera litteraturen ur m\u00e5nga olika synvinklar: historiska, estetiska, sociala och existentiella. Efter grundstudierna kan du f\u00f6rdjupa dig inom specialomr\u00e5den som t.ex. barn- och ungdomslitteratur, intermedialitet och ekokritik. Studier av litteraturen i f\u00f6rh\u00e5llande till samh\u00e4llsf\u00f6r\u00e4ndringar och &hellip; <a href=\"https:\/\/blogs2.abo.fi\/studieinformationkhf\/litteraturvetenskap\/\" class=\"more-link\">Forts\u00e4tt l\u00e4sa<span class=\"screen-reader-text\"> \u201dLitteraturvetenskap\u201d<\/span><\/a><\/p>\n","protected":false},"author":482,"featured_media":0,"parent":0,"menu_order":0,"comment_status":"closed","ping_status":"closed","template":"","meta":{"footnotes":""},"class_list":["post-20","page","type-page","status-publish","hentry"],"_links":{"self":[{"href":"https:\/\/blogs2.abo.fi\/studieinformationkhf\/wp-json\/wp\/v2\/pages\/20","targetHints":{"allow":["GET"]}}],"collection":[{"href":"https:\/\/blogs2.abo.fi\/studieinformationkhf\/wp-json\/wp\/v2\/pages"}],"about":[{"href":"https:\/\/blogs2.abo.fi\/studieinformationkhf\/wp-json\/wp\/v2\/types\/page"}],"author":[{"embeddable":true,"href":"https:\/\/blogs2.abo.fi\/studieinformationkhf\/wp-json\/wp\/v2\/users\/482"}],"replies":[{"embeddable":true,"href":"https:\/\/blogs2.abo.fi\/studieinformationkhf\/wp-json\/wp\/v2\/comments?post=20"}],"version-history":[{"count":5,"href":"https:\/\/blogs2.abo.fi\/studieinformationkhf\/wp-json\/wp\/v2\/pages\/20\/revisions"}],"predecessor-version":[{"id":688,"href":"https:\/\/blogs2.abo.fi\/studieinformationkhf\/wp-json\/wp\/v2\/pages\/20\/revisions\/688"}],"wp:attachment":[{"href":"https:\/\/blogs2.abo.fi\/studieinformationkhf\/wp-json\/wp\/v2\/media?parent=20"}],"curies":[{"name":"wp","href":"https:\/\/api.w.org\/{rel}","templated":true}]}}