{"id":150,"date":"2022-01-27T08:09:31","date_gmt":"2022-01-27T08:09:31","guid":{"rendered":"https:\/\/blogs2.abo.fi\/studieinformationkhf\/?page_id=150"},"modified":"2022-03-14T11:28:45","modified_gmt":"2022-03-14T11:28:45","slug":"ovningsuppgifter-religionsvetenskap","status":"publish","type":"page","link":"https:\/\/blogs2.abo.fi\/studieinformationkhf\/ovningsuppgifter-religionsvetenskap\/","title":{"rendered":"\u00d6vningsuppgifter"},"content":{"rendered":"<p>I f\u00f6ljande del f\u00e5r du m\u00f6jligheten att titta p\u00e5 n\u00e5gra exempeluppgifter och ta reda p\u00e5 vilka fr\u00e5gor som behandlas inom \u00e4mnet och hur typiska uppgifter kan se ut. Notera att den h\u00e4r delen inte \u00e4r avsedd att testa dig utan m\u00f6jligg\u00f6ra att du p\u00e5 goda grunder kan skapa dig en uppfattning om ett visst \u00e4mne.<\/p>\n<p>Korsordet handlar b\u00e5de om s\u00e5dant som \u00e4r bra att veta redan d\u00e5 du b\u00f6rjar studera religionsvetenskap, och om s\u00e5dant som du l\u00e4r dig under studierna. Du kan beh\u00f6va kolla upp n\u00e5gra av svaren!<br \/>\n<a href=\"https:\/\/crosswordlabs.com\/view\/religionsvetenskap\" target=\"_blank\" rel=\"noopener\">Korsord religionsvetenskap<\/a><\/p>\n<p><a href=\"https:\/\/blogs2.abo.fi\/studieinformationkhf\/forstaaret-religionsvetenskap\/\"><img loading=\"lazy\" decoding=\"async\" class=\"alignleft wp-image-264\" src=\"http:\/\/blogs2.abo.fi\/studieinformation\/wp-content\/uploads\/sites\/145\/2020\/01\/aiga_left_arrow-300x251.jpg\" alt=\"\" width=\"33\" height=\"28\" \/><\/a><a href=\"https:\/\/blogs2.abo.fi\/studieinformationkhf\/uteiarbetslivet-religionsvetenskap\/\"><img loading=\"lazy\" decoding=\"async\" class=\"alignright wp-image-265\" src=\"http:\/\/blogs2.abo.fi\/studieinformation\/wp-content\/uploads\/sites\/145\/2020\/01\/aiga_right_arrow-300x251.png\" alt=\"\" width=\"33\" height=\"28\" \/><\/a><\/p>\n","protected":false},"excerpt":{"rendered":"<p>I f\u00f6ljande del f\u00e5r du m\u00f6jligheten att titta p\u00e5 n\u00e5gra exempeluppgifter och ta reda p\u00e5 vilka fr\u00e5gor som behandlas inom \u00e4mnet och hur typiska uppgifter kan se ut. Notera att den h\u00e4r delen inte \u00e4r avsedd att testa dig utan m\u00f6jligg\u00f6ra att du p\u00e5 goda grunder kan skapa dig en uppfattning om ett visst \u00e4mne. &hellip; <a href=\"https:\/\/blogs2.abo.fi\/studieinformationkhf\/ovningsuppgifter-religionsvetenskap\/\" class=\"more-link\">Forts\u00e4tt l\u00e4sa<span class=\"screen-reader-text\"> \u201d\u00d6vningsuppgifter\u201d<\/span><\/a><\/p>\n","protected":false},"author":482,"featured_media":0,"parent":0,"menu_order":0,"comment_status":"closed","ping_status":"closed","template":"","meta":{"footnotes":""},"class_list":["post-150","page","type-page","status-publish","hentry"],"_links":{"self":[{"href":"https:\/\/blogs2.abo.fi\/studieinformationkhf\/wp-json\/wp\/v2\/pages\/150","targetHints":{"allow":["GET"]}}],"collection":[{"href":"https:\/\/blogs2.abo.fi\/studieinformationkhf\/wp-json\/wp\/v2\/pages"}],"about":[{"href":"https:\/\/blogs2.abo.fi\/studieinformationkhf\/wp-json\/wp\/v2\/types\/page"}],"author":[{"embeddable":true,"href":"https:\/\/blogs2.abo.fi\/studieinformationkhf\/wp-json\/wp\/v2\/users\/482"}],"replies":[{"embeddable":true,"href":"https:\/\/blogs2.abo.fi\/studieinformationkhf\/wp-json\/wp\/v2\/comments?post=150"}],"version-history":[{"count":14,"href":"https:\/\/blogs2.abo.fi\/studieinformationkhf\/wp-json\/wp\/v2\/pages\/150\/revisions"}],"predecessor-version":[{"id":611,"href":"https:\/\/blogs2.abo.fi\/studieinformationkhf\/wp-json\/wp\/v2\/pages\/150\/revisions\/611"}],"wp:attachment":[{"href":"https:\/\/blogs2.abo.fi\/studieinformationkhf\/wp-json\/wp\/v2\/media?parent=150"}],"curies":[{"name":"wp","href":"https:\/\/api.w.org\/{rel}","templated":true}]}}