{"id":14,"date":"2022-01-27T07:40:29","date_gmt":"2022-01-27T07:40:29","guid":{"rendered":"https:\/\/blogs2.abo.fi\/studieinformationkhf\/?page_id=14"},"modified":"2022-11-09T13:32:30","modified_gmt":"2022-11-09T13:32:30","slug":"historia","status":"publish","type":"page","link":"https:\/\/blogs2.abo.fi\/studieinformationkhf\/historia\/","title":{"rendered":"Historia"},"content":{"rendered":"<p>Historievetenskap \u00e4r inte fakta och s\u00f6kandet efter sanning utan utg\u00e5r fr\u00e5n insikten att allting flyter och \u00e4r instabilt, vilket kr\u00e4ver att historien och tolkningarna av den f\u00f6r\u00e4ndras hela tiden. Historievetenskap \u00e4r allts\u00e5 s\u00f6kandet efter m\u00f6jliga och kritiska tolkningar av det f\u00f6rflutna.<br \/>\nUnder studierna f\u00e5r du ta del av forskningslitteratur, men du f\u00e5r ocks\u00e5 arbeta med empiriskt material (fysiska och digitala arkivk\u00e4llor, muntliga k\u00e4llor, handskrifter och s\u00e5 vidare). Du f\u00e5r l\u00e4sa in dig b\u00e5de p\u00e5 bredden och p\u00e5 djupet under din studietid och du f\u00e5r f\u00f6ruts\u00e4ttningarna f\u00f6r att kunna hantera och analysera (tidvis) komplicerade fr\u00e5gest\u00e4llningar.<\/p>\n<p><em>\u00a0<\/em><em>Studerandes vardag<br \/>\n<\/em>Om du vill veta hur vardagen som studerande ser ut och vad studierna i historia inneh\u00e5ller rent konkret \u00e4r det en bra id\u00e9 att fr\u00e5ga n\u00e5gon som verkligen vet. I f\u00f6ljande intervjuer ber\u00e4ttar studerande till exempel om hur en typisk dag ser ut, varf\u00f6r de blev intresserade av \u00e4mnet och skillnaden mellan skola och universitetsstudier.<\/p>\n<p style=\"text-align: center\">\n<!-- iframe plugin v.6.0 wordpress.org\/plugins\/iframe\/ -->\n<iframe loading=\"lazy\" src=\"https:\/\/panopto.abo.fi\/Panopto\/Pages\/Embed.aspx?id=f8cc87e9-c0c1-4674-bd50-adc500b0fcaf&#038;autoplay=false&#038;offerviewer=false&#038;showtitle=false&#038;showbrand=false&#038;captions=false&#038;interactivity=none\" height=\"405\" width=\"720\" style=\"border: 0px solid #464646;\" 0=\"allowfullscreen\" allow=\"autoplay\" scrolling=\"yes\" class=\"iframe-class\" frameborder=\"0\"><\/iframe>\n<\/p>\n<p style=\"text-align: center\">\n<!-- iframe plugin v.6.0 wordpress.org\/plugins\/iframe\/ -->\n<iframe loading=\"lazy\" src=\"https:\/\/panopto.abo.fi\/Panopto\/Pages\/Embed.aspx?id=cdc31925-72c3-4db8-b126-adb700b6b359&#038;autoplay=false&#038;offerviewer=false&#038;showtitle=false&#038;showbrand=false&#038;captions=false&#038;interactivity=none\" height=\"405\" width=\"720\" style=\"border: 0px solid #464646;\" 0=\"allowfullscreen\" allow=\"autoplay\" scrolling=\"yes\" class=\"iframe-class\" frameborder=\"0\"><\/iframe>\n<\/p>\n<p><em>L\u00e4raren ber\u00e4ttar<br \/>\n<\/em>Naturligtvis \u00e4r det inte bara studerande som \u00e4r experter p\u00e5 studierna, utan ocks\u00e5 de som sitter mitt emot dig i seminarierummet \u2013 n\u00e4mligen l\u00e4rarna. Titta p\u00e5 videorna f\u00f6r att se deras perspektiv p\u00e5 studierna.<\/p>\n<p style=\"text-align: center\">\n<!-- iframe plugin v.6.0 wordpress.org\/plugins\/iframe\/ -->\n<iframe loading=\"lazy\" src=\"https:\/\/panopto.abo.fi\/Panopto\/Pages\/Embed.aspx?id=4f8d66dd-bc69-45d0-bc85-ad9400cf8e1c&#038;autoplay=false&#038;offerviewer=false&#038;showtitle=false&#038;showbrand=false&#038;captions=false&#038;interactivity=none\" height=\"405\" width=\"720\" style=\"border: 0px solid #464646;\" 0=\"allowfullscreen\" 1=\"allow=&quot;autoplay&quot;&gt;\" scrolling=\"yes\" class=\"iframe-class\" frameborder=\"0\"><\/iframe>\n<\/p>\n<p style=\"text-align: center\">\n<!-- iframe plugin v.6.0 wordpress.org\/plugins\/iframe\/ -->\n<iframe loading=\"lazy\" src=\"https:\/\/panopto.abo.fi\/Panopto\/Pages\/Embed.aspx?id=a9b82990-781c-410d-a014-ae2b009c70ed&#038;autoplay=false&#038;offerviewer=false&#038;showtitle=false&#038;showbrand=false&#038;captions=false&#038;interactivity=none\" height=\"405\" width=\"720\" style=\"border: 0px solid #464646;\" 0=\"allowfullscreen\" 1=\"allow=&quot;autoplay&quot;&gt;\" scrolling=\"yes\" class=\"iframe-class\" frameborder=\"0\"><\/iframe>\n<\/p>\n<p><a href=\"https:\/\/blogs2.abo.fi\/studieinformationkhf\/forstaaret-historia\/\"><img loading=\"lazy\" decoding=\"async\" class=\"alignright wp-image-265\" src=\"http:\/\/blogs2.abo.fi\/studieinformation\/wp-content\/uploads\/sites\/145\/2020\/01\/aiga_right_arrow-300x251.png\" alt=\"\" width=\"33\" height=\"28\" \/><\/a><\/p>\n","protected":false},"excerpt":{"rendered":"<p>Historievetenskap \u00e4r inte fakta och s\u00f6kandet efter sanning utan utg\u00e5r fr\u00e5n insikten att allting flyter och \u00e4r instabilt, vilket kr\u00e4ver att historien och tolkningarna av den f\u00f6r\u00e4ndras hela tiden. Historievetenskap \u00e4r allts\u00e5 s\u00f6kandet efter m\u00f6jliga och kritiska tolkningar av det f\u00f6rflutna. Under studierna f\u00e5r du ta del av forskningslitteratur, men du f\u00e5r ocks\u00e5 arbeta med &hellip; <a href=\"https:\/\/blogs2.abo.fi\/studieinformationkhf\/historia\/\" class=\"more-link\">Forts\u00e4tt l\u00e4sa<span class=\"screen-reader-text\"> \u201dHistoria\u201d<\/span><\/a><\/p>\n","protected":false},"author":482,"featured_media":0,"parent":0,"menu_order":0,"comment_status":"closed","ping_status":"closed","template":"","meta":{"footnotes":""},"class_list":["post-14","page","type-page","status-publish","hentry"],"_links":{"self":[{"href":"https:\/\/blogs2.abo.fi\/studieinformationkhf\/wp-json\/wp\/v2\/pages\/14","targetHints":{"allow":["GET"]}}],"collection":[{"href":"https:\/\/blogs2.abo.fi\/studieinformationkhf\/wp-json\/wp\/v2\/pages"}],"about":[{"href":"https:\/\/blogs2.abo.fi\/studieinformationkhf\/wp-json\/wp\/v2\/types\/page"}],"author":[{"embeddable":true,"href":"https:\/\/blogs2.abo.fi\/studieinformationkhf\/wp-json\/wp\/v2\/users\/482"}],"replies":[{"embeddable":true,"href":"https:\/\/blogs2.abo.fi\/studieinformationkhf\/wp-json\/wp\/v2\/comments?post=14"}],"version-history":[{"count":4,"href":"https:\/\/blogs2.abo.fi\/studieinformationkhf\/wp-json\/wp\/v2\/pages\/14\/revisions"}],"predecessor-version":[{"id":674,"href":"https:\/\/blogs2.abo.fi\/studieinformationkhf\/wp-json\/wp\/v2\/pages\/14\/revisions\/674"}],"wp:attachment":[{"href":"https:\/\/blogs2.abo.fi\/studieinformationkhf\/wp-json\/wp\/v2\/media?parent=14"}],"curies":[{"name":"wp","href":"https:\/\/api.w.org\/{rel}","templated":true}]}}