{"id":126,"date":"2022-01-27T08:06:50","date_gmt":"2022-01-27T08:06:50","guid":{"rendered":"https:\/\/blogs2.abo.fi\/studieinformationkhf\/?page_id=126"},"modified":"2022-11-09T13:52:08","modified_gmt":"2022-11-09T13:52:08","slug":"studier-musikvetenskap","status":"publish","type":"page","link":"https:\/\/blogs2.abo.fi\/studieinformationkhf\/studier-musikvetenskap\/","title":{"rendered":"Studier"},"content":{"rendered":"<p>Musik ber\u00f6r dagligen v\u00e5ra liv och en hel del m\u00e4nniskor arbetar med musik utan att n\u00f6dv\u00e4ndigtvis sj\u00e4lva musicera. Musikvetenskap \u00e4r en humanvetenskaplig utbildning som ger en bred kunskap om musik och kultur. Det \u00e4r med andra ord inte fr\u00e5ga om en konstn\u00e4rlig utbildning. I studierna ing\u00e5r inte undervisning i praktiskt musicerande, d\u00e4remot l\u00e4ser, lyssnar, t\u00e4nker och skriver man mycket.<\/p>\n<p>Musikvetenskap innefattar allt fr\u00e5n konstmusik till jazz-, popul\u00e4r-, folk- och v\u00e4rldsmusik, men ocks\u00e5 t.ex. forskning i musikmedier, musiketnologi och musikhistoria. Studierna ger medel f\u00f6r att f\u00f6rst\u00e5 det som h\u00e4nder omkring oss i musiklivet idag samtidigt som de ger nya insikter i musikens f\u00f6rflutna.<\/p>\n<p><em>\u00a0<\/em><em>Studerandes vardag<br \/>\n<\/em>Om du vill veta hur vardagen som studerande ser ut och vad studierna i musikvetenskap inneh\u00e5ller rent konkret \u00e4r det en bra id\u00e9 att fr\u00e5ga n\u00e5gon som verkligen vet. I f\u00f6ljande intervjuer ber\u00e4ttar studerande till exempel om hur de skulle beskriva utbildningen, varf\u00f6r de blev intresserade av \u00e4mnet och vilken deras favoritkurs \u00e4r.<\/p>\n<p style=\"text-align: center\">\n<!-- iframe plugin v.6.0 wordpress.org\/plugins\/iframe\/ -->\n<iframe loading=\"lazy\" src=\"https:\/\/panopto.abo.fi\/Panopto\/Pages\/Embed.aspx?id=d6c5b025-bd01-4dd5-a870-ae4400e826f7&#038;autoplay=false&#038;offerviewer=false&#038;showtitle=false&#038;showbrand=false&#038;captions=false&#038;interactivity=none\" height=\"405\" width=\"720\" style=\"border: 0px solid #464646;\" 0=\"allowfullscreen\" 1=\"allow=&quot;autoplay&quot;&gt;\" scrolling=\"yes\" class=\"iframe-class\" frameborder=\"0\"><\/iframe>\n<\/p>\n<p style=\"text-align: center\">\n<!-- iframe plugin v.6.0 wordpress.org\/plugins\/iframe\/ -->\n<iframe loading=\"lazy\" src=\"https:\/\/panopto.abo.fi\/Panopto\/Pages\/Embed.aspx?id=9e5cbacc-b7fa-4514-9482-ae2300c2e566&#038;autoplay=false&#038;offerviewer=false&#038;showtitle=false&#038;showbrand=false&#038;captions=false&#038;interactivity=none\" height=\"405\" width=\"720\" style=\"border: 0px solid #464646;\" 0=\"allowfullscreen\" 1=\"allow=&quot;autoplay&quot;&gt;\" scrolling=\"yes\" class=\"iframe-class\" frameborder=\"0\"><\/iframe>\n<\/p>\n<p><em>L\u00e4raren ber\u00e4ttar<br \/>\n<\/em>Naturligtvis \u00e4r det inte bara studerande som \u00e4r experter p\u00e5 studierna, utan ocks\u00e5 de som sitter mitt emot dig i seminarierummet \u2013 n\u00e4mligen l\u00e4rarna. Titta p\u00e5 videorna f\u00f6r att se deras perspektiv p\u00e5 studierna.<\/p>\n<p style=\"text-align: center\">\n<!-- iframe plugin v.6.0 wordpress.org\/plugins\/iframe\/ -->\n<iframe loading=\"lazy\" src=\"https:\/\/panopto.abo.fi\/Panopto\/Pages\/Embed.aspx?id=47f8bade-f8a2-479d-ae68-ae240092d689&#038;autoplay=false&#038;offerviewer=false&#038;showtitle=false&#038;showbrand=false&#038;captions=false&#038;interactivity=none\" height=\"405\" width=\"720\" style=\"border: 0px solid #464646;\" 0=\"allowfullscreen\" 1=\"allow=&quot;autoplay&quot;&gt;\" scrolling=\"yes\" class=\"iframe-class\" frameborder=\"0\"><\/iframe>\n<\/p>\n<p><a href=\"https:\/\/blogs2.abo.fi\/studieinformationkhf\/forstaaret-musikvetenskap\/\"><img loading=\"lazy\" decoding=\"async\" class=\"alignright wp-image-265\" src=\"http:\/\/blogs2.abo.fi\/studieinformation\/wp-content\/uploads\/sites\/145\/2020\/01\/aiga_right_arrow-300x251.png\" alt=\"\" width=\"33\" height=\"28\" \/><\/a><\/p>\n","protected":false},"excerpt":{"rendered":"<p>Musik ber\u00f6r dagligen v\u00e5ra liv och en hel del m\u00e4nniskor arbetar med musik utan att n\u00f6dv\u00e4ndigtvis sj\u00e4lva musicera. Musikvetenskap \u00e4r en humanvetenskaplig utbildning som ger en bred kunskap om musik och kultur. Det \u00e4r med andra ord inte fr\u00e5ga om en konstn\u00e4rlig utbildning. I studierna ing\u00e5r inte undervisning i praktiskt musicerande, d\u00e4remot l\u00e4ser, lyssnar, t\u00e4nker &hellip; <a href=\"https:\/\/blogs2.abo.fi\/studieinformationkhf\/studier-musikvetenskap\/\" class=\"more-link\">Forts\u00e4tt l\u00e4sa<span class=\"screen-reader-text\"> \u201dStudier\u201d<\/span><\/a><\/p>\n","protected":false},"author":482,"featured_media":0,"parent":0,"menu_order":0,"comment_status":"closed","ping_status":"closed","template":"","meta":{"footnotes":""},"class_list":["post-126","page","type-page","status-publish","hentry"],"_links":{"self":[{"href":"https:\/\/blogs2.abo.fi\/studieinformationkhf\/wp-json\/wp\/v2\/pages\/126","targetHints":{"allow":["GET"]}}],"collection":[{"href":"https:\/\/blogs2.abo.fi\/studieinformationkhf\/wp-json\/wp\/v2\/pages"}],"about":[{"href":"https:\/\/blogs2.abo.fi\/studieinformationkhf\/wp-json\/wp\/v2\/types\/page"}],"author":[{"embeddable":true,"href":"https:\/\/blogs2.abo.fi\/studieinformationkhf\/wp-json\/wp\/v2\/users\/482"}],"replies":[{"embeddable":true,"href":"https:\/\/blogs2.abo.fi\/studieinformationkhf\/wp-json\/wp\/v2\/comments?post=126"}],"version-history":[{"count":14,"href":"https:\/\/blogs2.abo.fi\/studieinformationkhf\/wp-json\/wp\/v2\/pages\/126\/revisions"}],"predecessor-version":[{"id":695,"href":"https:\/\/blogs2.abo.fi\/studieinformationkhf\/wp-json\/wp\/v2\/pages\/126\/revisions\/695"}],"wp:attachment":[{"href":"https:\/\/blogs2.abo.fi\/studieinformationkhf\/wp-json\/wp\/v2\/media?parent=126"}],"curies":[{"name":"wp","href":"https:\/\/api.w.org\/{rel}","templated":true}]}}