{"id":105,"date":"2022-01-27T08:04:48","date_gmt":"2022-01-27T08:04:48","guid":{"rendered":"https:\/\/blogs2.abo.fi\/studieinformationkhf\/?page_id=105"},"modified":"2022-03-15T07:38:30","modified_gmt":"2022-03-15T07:38:30","slug":"uteiarbetslivet-kulturanalys","status":"publish","type":"page","link":"https:\/\/blogs2.abo.fi\/studieinformationkhf\/uteiarbetslivet-kulturanalys\/","title":{"rendered":"Ute i arbetslivet"},"content":{"rendered":"<p>Och vad g\u00f6r jag sedan med mina studier? \u2013 denna fr\u00e5ga har du s\u00e4kert ofta st\u00e4llt dig. D\u00e5 \u00e4r det kanske bra att veta att 85% av v\u00e5ra alumner hittar arbete under \u00e5ret efter examen. <span lang=\"SV-FI\">De jobbar som allt fr\u00e5n l\u00e4rare till museidirekt\u00f6r \u2013 eller som n\u00e5got helt annat.<\/span><\/p>\n<p><em>Vad ska jag bli n\u00e4r jag blir stor?<br \/>\n<\/em>Kolla p\u00e5 f\u00f6ljande videor och f\u00e5 reda p\u00e5 hur v\u00e5ra alumners studier har lett dem in i det professionella och hj\u00e4lpt dem att hitta sin egen v\u00e4g i arbetslivet.<\/p>\n\n<!-- iframe plugin v.6.0 wordpress.org\/plugins\/iframe\/ -->\n<iframe loading=\"lazy\" src=\"https:\/\/panopto.abo.fi\/Panopto\/Pages\/Embed.aspx?id=24768c59-0b14-48e8-b50f-ae5800ea1364&#038;autoplay=false&#038;offerviewer=false&#038;showtitle=false&#038;showbrand=false&#038;captions=false&#038;interactivity=none\" height=\"405\" width=\"720\" style=\"border: 1px solid #464646;\" 0=\"allowfullscreen\" 1=\"allow=&quot;autoplay&quot;&gt;\" scrolling=\"yes\" class=\"iframe-class\" frameborder=\"0\"><\/iframe>\n\n\n<!-- iframe plugin v.6.0 wordpress.org\/plugins\/iframe\/ -->\n<iframe loading=\"lazy\" src=\"https:\/\/panopto.abo.fi\/Panopto\/Pages\/Embed.aspx?id=8f7921fa-2637-411d-bdc6-adcf00b26a5e&#038;autoplay=false&#038;offerviewer=false&#038;showtitle=false&#038;showbrand=false&#038;captions=false&#038;interactivity=none\" height=\"405\" width=\"720\" style=\"border: 1px solid #464646;\" 0=\"allowfullscreen\" 1=\"allow=&quot;autoplay&quot;&gt;\" scrolling=\"yes\" class=\"iframe-class\" frameborder=\"0\"><\/iframe>\n\n<p><a href=\"https:\/\/blogs2.abo.fi\/studieinformationkhf\/ovningsuppgifter-kulturanalys\/\"><img loading=\"lazy\" decoding=\"async\" class=\"alignleft wp-image-264\" src=\"http:\/\/blogs2.abo.fi\/studieinformation\/wp-content\/uploads\/sites\/145\/2020\/01\/aiga_left_arrow-300x251.jpg\" alt=\"\" width=\"33\" height=\"28\" \/><\/a><a href=\"https:\/\/blogs2.abo.fi\/studieinformationkhf\/avslutningsvis-kulturanalys\/\"><img loading=\"lazy\" decoding=\"async\" class=\"alignright wp-image-265\" src=\"http:\/\/blogs2.abo.fi\/studieinformation\/wp-content\/uploads\/sites\/145\/2020\/01\/aiga_right_arrow-300x251.png\" alt=\"\" width=\"33\" height=\"28\" \/><\/a><\/p>\n","protected":false},"excerpt":{"rendered":"<p>Och vad g\u00f6r jag sedan med mina studier? \u2013 denna fr\u00e5ga har du s\u00e4kert ofta st\u00e4llt dig. D\u00e5 \u00e4r det kanske bra att veta att 85% av v\u00e5ra alumner hittar arbete under \u00e5ret efter examen. De jobbar som allt fr\u00e5n l\u00e4rare till museidirekt\u00f6r \u2013 eller som n\u00e5got helt annat. Vad ska jag bli n\u00e4r jag &hellip; <a href=\"https:\/\/blogs2.abo.fi\/studieinformationkhf\/uteiarbetslivet-kulturanalys\/\" class=\"more-link\">Forts\u00e4tt l\u00e4sa<span class=\"screen-reader-text\"> \u201dUte i arbetslivet\u201d<\/span><\/a><\/p>\n","protected":false},"author":482,"featured_media":0,"parent":0,"menu_order":0,"comment_status":"closed","ping_status":"closed","template":"","meta":{"footnotes":""},"class_list":["post-105","page","type-page","status-publish","hentry"],"_links":{"self":[{"href":"https:\/\/blogs2.abo.fi\/studieinformationkhf\/wp-json\/wp\/v2\/pages\/105","targetHints":{"allow":["GET"]}}],"collection":[{"href":"https:\/\/blogs2.abo.fi\/studieinformationkhf\/wp-json\/wp\/v2\/pages"}],"about":[{"href":"https:\/\/blogs2.abo.fi\/studieinformationkhf\/wp-json\/wp\/v2\/types\/page"}],"author":[{"embeddable":true,"href":"https:\/\/blogs2.abo.fi\/studieinformationkhf\/wp-json\/wp\/v2\/users\/482"}],"replies":[{"embeddable":true,"href":"https:\/\/blogs2.abo.fi\/studieinformationkhf\/wp-json\/wp\/v2\/comments?post=105"}],"version-history":[{"count":8,"href":"https:\/\/blogs2.abo.fi\/studieinformationkhf\/wp-json\/wp\/v2\/pages\/105\/revisions"}],"predecessor-version":[{"id":615,"href":"https:\/\/blogs2.abo.fi\/studieinformationkhf\/wp-json\/wp\/v2\/pages\/105\/revisions\/615"}],"wp:attachment":[{"href":"https:\/\/blogs2.abo.fi\/studieinformationkhf\/wp-json\/wp\/v2\/media?parent=105"}],"curies":[{"name":"wp","href":"https:\/\/api.w.org\/{rel}","templated":true}]}}