{"id":60,"date":"2020-01-06T12:42:09","date_gmt":"2020-01-06T12:42:09","guid":{"rendered":"http:\/\/blogs2.abo.fi\/studieinformation\/?page_id=60"},"modified":"2022-11-10T09:32:12","modified_gmt":"2022-11-10T09:32:12","slug":"hemma-hos-siv","status":"publish","type":"page","link":"https:\/\/blogs2.abo.fi\/studieinformation\/","title":{"rendered":"Hemma hos SIV spr\u00e5k"},"content":{"rendered":"<p>\u00c4r du inte helt s\u00e4ker p\u00e5 vad du vill studera? Vet du att du vill studera ett spr\u00e5k vid \u00c5A men inte vilket? Eller har du redan best\u00e4mt dig f\u00f6r ett \u00e4mne men k\u00e4nner att det finns saker du inte vet? Studieinformationsverktyget SIV kan d\u00e5 st\u00f6da dig vid valet av framtida studier.<br \/>\n<span lang=\"SV\">Du kan till exempel b\u00f6rja med att titta p\u00e5 vad studiepsykologen har att s\u00e4ga om hur du g\u00f6r ett bra studieval.<\/span><\/p>\n<p style=\"text-align: center\">\n<!-- iframe plugin v.6.0 wordpress.org\/plugins\/iframe\/ -->\n<iframe loading=\"lazy\" src=\"https:\/\/panopto.abo.fi\/Panopto\/Pages\/Embed.aspx?id=78aa6d21-3a0e-4b9e-9534-af0700e8aaf7&#038;autoplay=false&#038;offerviewer=false&#038;showtitle=false&#038;showbrand=false&#038;captions=false&#038;interactivity=none\" height=\"405\" width=\"720\" style=\"border: 0px solid #464646;\" 0=\"allowfullscreen\" 1=\"allow=&quot;autoplay&quot;&gt;\" scrolling=\"yes\" class=\"iframe-class\" frameborder=\"0\"><\/iframe>\n<\/p>\n<p>Innan du k\u00f6r ig\u00e5ng vill vi g\u00f6ra oss av med tre vanliga falska f\u00f6rv\u00e4ntningar som m\u00e5nga har n\u00e4r det kommer till studier av ett spr\u00e5k. Detta f\u00f6r att du ska kunna f\u00e5 en b\u00e4ttre uppfattning om vad studierna verkligen g\u00e5r ut p\u00e5.<\/p>\n<p style=\"text-align: center\">\n<!-- iframe plugin v.6.0 wordpress.org\/plugins\/iframe\/ -->\n<iframe loading=\"lazy\" src=\"https:\/\/panopto.abo.fi\/Panopto\/Pages\/Embed.aspx?id=84daf8d2-bd35-4fe8-b3d8-af19007f3b2f&#038;autoplay=false&#038;offerviewer=false&#038;showtitle=false&#038;showbrand=false&#038;captions=false&#038;interactivity=none\" height=\"405\" width=\"720\" style=\"border: 0px solid #464646;\" 0=\"allowfullscreen\" 1=\"allow=&quot;autoplay&quot;&gt;\" scrolling=\"yes\" class=\"iframe-class\" frameborder=\"0\"><\/iframe>\n<\/p>\n<p style=\"text-align: center\">\n<!-- iframe plugin v.6.0 wordpress.org\/plugins\/iframe\/ -->\n<iframe loading=\"lazy\" src=\"https:\/\/panopto.abo.fi\/Panopto\/Pages\/Embed.aspx?id=c4d7bdeb-d674-46a7-9c3f-af0800bd24bc&#038;autoplay=false&#038;offerviewer=false&#038;showtitle=false&#038;showbrand=false&#038;captions=false&#038;interactivity=none\" height=\"405\" width=\"720\" style=\"border: 0px solid #464646;\" 0=\"allowfullscreen\" 1=\"allow=&quot;autoplay&quot;&gt;\" scrolling=\"yes\" class=\"iframe-class\" frameborder=\"0\"><\/iframe>\n<\/p>\n<p style=\"text-align: center\">\n<!-- iframe plugin v.6.0 wordpress.org\/plugins\/iframe\/ -->\n<iframe loading=\"lazy\" src=\"https:\/\/panopto.abo.fi\/Panopto\/Pages\/Embed.aspx?id=62a7bd84-968f-4764-8adb-af1700c9971e&#038;autoplay=false&#038;offerviewer=false&#038;showtitle=false&#038;showbrand=false&#038;captions=false&#038;interactivity=none\" height=\"405\" width=\"720\" style=\"border: 0px solid #464646;\" 0=\"allowfullscreen\" 1=\"allow=&quot;autoplay&quot;&gt;\" scrolling=\"yes\" class=\"iframe-class\" frameborder=\"0\"><\/iframe>\n<\/p>\n<p style=\"text-align: center\"><span lang=\"SV\">Ha s\u00e5 kul med SIV, lycka till med ditt studieval och hoppas vi snart f\u00e5r se dig vid \u00c5A!<\/span><\/p>\n","protected":false},"excerpt":{"rendered":"<p>\u00c4r du inte helt s\u00e4ker p\u00e5 vad du vill studera? Vet du att du vill studera ett spr\u00e5k vid \u00c5A men inte vilket? Eller har du redan best\u00e4mt dig f\u00f6r ett \u00e4mne men k\u00e4nner att det finns saker du inte vet? Studieinformationsverktyget SIV kan d\u00e5 st\u00f6da dig vid valet av framtida studier. Du kan till &hellip; <a href=\"https:\/\/blogs2.abo.fi\/studieinformation\/\" class=\"more-link\">Forts\u00e4tt l\u00e4sa<span class=\"screen-reader-text\"> \u201dHemma hos SIV spr\u00e5k\u201d<\/span><\/a><\/p>\n","protected":false},"author":482,"featured_media":0,"parent":0,"menu_order":0,"comment_status":"closed","ping_status":"closed","template":"","meta":{"footnotes":""},"class_list":["post-60","page","type-page","status-publish","hentry"],"_links":{"self":[{"href":"https:\/\/blogs2.abo.fi\/studieinformation\/wp-json\/wp\/v2\/pages\/60","targetHints":{"allow":["GET"]}}],"collection":[{"href":"https:\/\/blogs2.abo.fi\/studieinformation\/wp-json\/wp\/v2\/pages"}],"about":[{"href":"https:\/\/blogs2.abo.fi\/studieinformation\/wp-json\/wp\/v2\/types\/page"}],"author":[{"embeddable":true,"href":"https:\/\/blogs2.abo.fi\/studieinformation\/wp-json\/wp\/v2\/users\/482"}],"replies":[{"embeddable":true,"href":"https:\/\/blogs2.abo.fi\/studieinformation\/wp-json\/wp\/v2\/comments?post=60"}],"version-history":[{"count":33,"href":"https:\/\/blogs2.abo.fi\/studieinformation\/wp-json\/wp\/v2\/pages\/60\/revisions"}],"predecessor-version":[{"id":727,"href":"https:\/\/blogs2.abo.fi\/studieinformation\/wp-json\/wp\/v2\/pages\/60\/revisions\/727"}],"wp:attachment":[{"href":"https:\/\/blogs2.abo.fi\/studieinformation\/wp-json\/wp\/v2\/media?parent=60"}],"curies":[{"name":"wp","href":"https:\/\/api.w.org\/{rel}","templated":true}]}}