{"id":158,"date":"2020-01-06T13:45:45","date_gmt":"2020-01-06T13:45:45","guid":{"rendered":"http:\/\/blogs2.abo.fi\/studieinformation\/?page_id=158"},"modified":"2024-10-24T11:02:07","modified_gmt":"2024-10-24T11:02:07","slug":"forsta-aret-tyska","status":"publish","type":"page","link":"https:\/\/blogs2.abo.fi\/studieinformation\/forsta-aret-tyska\/","title":{"rendered":"F\u00f6rsta \u00e5ret"},"content":{"rendered":"<p><a href=\"http:\/\/blogs2.abo.fi\/studieinformation\/studier-tyska\/\"><img loading=\"lazy\" decoding=\"async\" class=\"wp-image-264 alignleft\" src=\"http:\/\/blogs2.abo.fi\/studieinformation\/wp-content\/uploads\/sites\/145\/2020\/01\/aiga_left_arrow-300x251.jpg\" alt=\"\" width=\"33\" height=\"28\" \/><\/a><a href=\"http:\/\/blogs2.abo.fi\/studieinformation\/ovningsuppgifter-tyska\/\"><img loading=\"lazy\" decoding=\"async\" class=\"alignright wp-image-265\" src=\"http:\/\/blogs2.abo.fi\/studieinformation\/wp-content\/uploads\/sites\/145\/2020\/01\/aiga_right_arrow-300x251.png\" alt=\"\" width=\"33\" height=\"28\" \/><\/a><\/p>\n<p>&nbsp;<\/p>\n<p>Det f\u00f6rsta \u00e5ret vid universitetet kan vara det mest utmanande och stressande \u2013 men kanske ocks\u00e5 det mest speciella \u2013 under dina studier eftersom allting \u00e4r nytt f\u00f6r dig. Oroa dig inte, h\u00e4r finns det hj\u00e4lp att f\u00e5 n\u00e4r det kommer till planeringen av dina studier!<\/p>\n<p><em>Studier\u00e5dgivaren f\u00f6rklarar I<br \/>\n<\/em>En viktig aspekt av studierna, som du kanske funderar p\u00e5 redan nu, \u00e4r vilka kurser du ska l\u00e4sa under ditt f\u00f6rsta \u00e5r vid \u00c5A. I f\u00f6ljande videor ger v\u00e5r studier\u00e5dgivare dig en \u00f6verblick \u00f6ver vad som v\u00e4ntar under de tv\u00e5 f\u00f6rsta terminerna.<\/p>\n<p style=\"text-align: center\">\n<!-- iframe plugin v.6.0 wordpress.org\/plugins\/iframe\/ -->\n<iframe loading=\"lazy\" src=\"https:\/\/panopto.abo.fi\/Panopto\/Pages\/Embed.aspx?id=ccda3e81-b9a0-4575-970f-b21100dcd60e&#038;autoplay=false&#038;offerviewer=false&#038;showtitle=false&#038;showbrand=false&#038;captions=false&#038;interactivity=none\" height=\"405\" width=\"720\" style=\"border: 0px solid #464646;\" 0=\"allowfullscreen\" 1=\"allow=&quot;autoplay&quot;&gt;\" scrolling=\"yes\" class=\"iframe-class\" frameborder=\"0\"><\/iframe>\n<\/p>\n<p><em><br \/>\nStudier\u00e5dgivaren f\u00f6rklarar II<br \/>\n<\/em>Ibland kan det k\u00e4nnas som om man beh\u00f6ver en ordbok f\u00f6r att f\u00f6rst\u00e5 alla termer vid universitetet. D\u00e4rf\u00f6r har vi bett v\u00e5r studier\u00e5dgivare att kort f\u00f6rklara de viktigaste sakerna du som f\u00f6rsta\u00e5rsstuderande beh\u00f6ver veta.<\/p>\n<p style=\"text-align: center\">\n<!-- iframe plugin v.6.0 wordpress.org\/plugins\/iframe\/ -->\n<iframe loading=\"lazy\" src=\"https:\/\/panopto.abo.fi\/Panopto\/Pages\/Embed.aspx?id=54ae1373-38de-43b8-9f15-af1700c324b3&#038;autoplay=false&#038;offerviewer=false&#038;showtitle=false&#038;showbrand=false&#038;captions=false&#038;interactivity=none\" height=\"405\" width=\"720\" style=\"border: 0px solid #464646;\" 0=\"allowfullscreen\" 1=\"allow=&quot;autoplay&quot;&gt;\" scrolling=\"yes\" class=\"iframe-class\" frameborder=\"0\"><\/iframe>\n<\/p>\n<p style=\"text-align: center\">\n<!-- iframe plugin v.6.0 wordpress.org\/plugins\/iframe\/ -->\n<iframe loading=\"lazy\" src=\"https:\/\/panopto.abo.fi\/Panopto\/Pages\/Embed.aspx?id=fbcbf388-578b-4fab-8500-af1700c324ae&#038;autoplay=false&#038;offerviewer=false&#038;showtitle=false&#038;showbrand=false&#038;captions=false&#038;interactivity=none\" height=\"405\" width=\"720\" style=\"border: 0px solid #464646;\" 0=\"allowfullscreen\" 1=\"allow=&quot;autoplay&quot;&gt;\" scrolling=\"yes\" class=\"iframe-class\" frameborder=\"0\"><\/iframe>\n<\/p>\n<p style=\"text-align: center\">\n<!-- iframe plugin v.6.0 wordpress.org\/plugins\/iframe\/ -->\n<iframe loading=\"lazy\" src=\"https:\/\/panopto.abo.fi\/Panopto\/Pages\/Embed.aspx?id=d0056319-9cb0-40cf-9cc8-af1700c324a5&#038;autoplay=false&#038;offerviewer=false&#038;showtitle=false&#038;showbrand=false&#038;captions=false&#038;interactivity=none\" height=\"405\" width=\"720\" style=\"border: 0px solid #464646;\" 0=\"allowfullscreen\" 1=\"allow=&quot;autoplay&quot;&gt;\" scrolling=\"yes\" class=\"iframe-class\" frameborder=\"0\"><\/iframe>\n<\/p>\n<p style=\"text-align: center\">\n<!-- iframe plugin v.6.0 wordpress.org\/plugins\/iframe\/ -->\n<iframe loading=\"lazy\" src=\"https:\/\/panopto.abo.fi\/Panopto\/Pages\/Embed.aspx?id=4e13e5be-c402-49ff-b277-af1700c3249b&#038;autoplay=false&#038;offerviewer=false&#038;showtitle=false&#038;showbrand=false&#038;captions=false&#038;interactivity=none\" height=\"405\" width=\"720\" style=\"border: 0px solid #464646;\" 0=\"allowfullscreen\" 1=\"allow=&quot;autoplay&quot;&gt;\" scrolling=\"yes\" class=\"iframe-class\" frameborder=\"0\"><\/iframe>\n<\/p>\n<p>&nbsp;<\/p>\n<p><a href=\"http:\/\/blogs2.abo.fi\/studieinformation\/studier-tyska\/\"><img loading=\"lazy\" decoding=\"async\" class=\"alignleft wp-image-264\" src=\"http:\/\/blogs2.abo.fi\/studieinformation\/wp-content\/uploads\/sites\/145\/2020\/01\/aiga_left_arrow-300x251.jpg\" alt=\"\" width=\"33\" height=\"28\" \/><\/a><\/p>\n<p><a href=\"http:\/\/blogs2.abo.fi\/studieinformation\/ovningsuppgifter-tyska\/\"><img loading=\"lazy\" decoding=\"async\" class=\"alignright wp-image-265\" src=\"http:\/\/blogs2.abo.fi\/studieinformation\/wp-content\/uploads\/sites\/145\/2020\/01\/aiga_right_arrow-300x251.png\" alt=\"\" width=\"33\" height=\"28\" \/><\/a><\/p>\n","protected":false},"excerpt":{"rendered":"<p>&nbsp; Det f\u00f6rsta \u00e5ret vid universitetet kan vara det mest utmanande och stressande \u2013 men kanske ocks\u00e5 det mest speciella \u2013 under dina studier eftersom allting \u00e4r nytt f\u00f6r dig. Oroa dig inte, h\u00e4r finns det hj\u00e4lp att f\u00e5 n\u00e4r det kommer till planeringen av dina studier! Studier\u00e5dgivaren f\u00f6rklarar I En viktig aspekt av studierna, &hellip; <a href=\"https:\/\/blogs2.abo.fi\/studieinformation\/forsta-aret-tyska\/\" class=\"more-link\">Forts\u00e4tt l\u00e4sa<span class=\"screen-reader-text\"> \u201dF\u00f6rsta \u00e5ret\u201d<\/span><\/a><\/p>\n","protected":false},"author":482,"featured_media":0,"parent":0,"menu_order":0,"comment_status":"closed","ping_status":"closed","template":"","meta":{"footnotes":""},"class_list":["post-158","page","type-page","status-publish","hentry"],"_links":{"self":[{"href":"https:\/\/blogs2.abo.fi\/studieinformation\/wp-json\/wp\/v2\/pages\/158","targetHints":{"allow":["GET"]}}],"collection":[{"href":"https:\/\/blogs2.abo.fi\/studieinformation\/wp-json\/wp\/v2\/pages"}],"about":[{"href":"https:\/\/blogs2.abo.fi\/studieinformation\/wp-json\/wp\/v2\/types\/page"}],"author":[{"embeddable":true,"href":"https:\/\/blogs2.abo.fi\/studieinformation\/wp-json\/wp\/v2\/users\/482"}],"replies":[{"embeddable":true,"href":"https:\/\/blogs2.abo.fi\/studieinformation\/wp-json\/wp\/v2\/comments?post=158"}],"version-history":[{"count":14,"href":"https:\/\/blogs2.abo.fi\/studieinformation\/wp-json\/wp\/v2\/pages\/158\/revisions"}],"predecessor-version":[{"id":831,"href":"https:\/\/blogs2.abo.fi\/studieinformation\/wp-json\/wp\/v2\/pages\/158\/revisions\/831"}],"wp:attachment":[{"href":"https:\/\/blogs2.abo.fi\/studieinformation\/wp-json\/wp\/v2\/media?parent=158"}],"curies":[{"name":"wp","href":"https:\/\/api.w.org\/{rel}","templated":true}]}}