{"id":119,"date":"2020-01-06T13:21:57","date_gmt":"2020-01-06T13:21:57","guid":{"rendered":"http:\/\/blogs2.abo.fi\/studieinformation\/?page_id=119"},"modified":"2022-11-10T11:41:47","modified_gmt":"2022-11-10T11:41:47","slug":"ryska","status":"publish","type":"page","link":"https:\/\/blogs2.abo.fi\/studieinformation\/ryska\/","title":{"rendered":"Studier"},"content":{"rendered":"<p><a href=\"http:\/\/blogs2.abo.fi\/studieinformation\/forsta-aret-ryska\/\"><img loading=\"lazy\" decoding=\"async\" class=\"alignright wp-image-265\" src=\"http:\/\/blogs2.abo.fi\/studieinformation\/wp-content\/uploads\/sites\/145\/2020\/01\/aiga_right_arrow-300x251.png\" alt=\"\" width=\"33\" height=\"28\" \/><\/a><\/p>\n<p>&nbsp;<\/p>\n<p>Om du vill veta hur vardagen som studerande ser ut och vad de enskilda studieinriktningarna inneh\u00e5ller \u00e4r det en bra id\u00e9 att fr\u00e5ga n\u00e5gon som verkligen vet.<\/p>\n<p><em>Studerandes vardag<br \/>\n<\/em><span style=\"font-size: 16px;font-weight: 400\">I f\u00f6ljande intervjuer ber\u00e4ttar studerande till exempel om sin vardag vid (och utanf\u00f6r) universitetet, om vad som skiljer universitetet fr\u00e5n skolan och vad de g\u00f6r f\u00f6r att hantera stress i studierna.<br \/>\n<\/span><\/p>\n<p style=\"text-align: center\">\n<!-- iframe plugin v.6.0 wordpress.org\/plugins\/iframe\/ -->\n<iframe loading=\"lazy\" src=\"https:\/\/panopto.abo.fi\/Panopto\/Pages\/Embed.aspx?id=81b054dc-939a-491b-9d1c-af1000a6c072&#038;autoplay=false&#038;offerviewer=false&#038;showtitle=false&#038;showbrand=false&#038;captions=false&#038;interactivity=none\" height=\"405\" width=\"720\" style=\"border: 0px solid #464646;\" 0=\"allowfullscreen\" 1=\"allow=&quot;autoplay&quot;&gt;\" scrolling=\"yes\" class=\"iframe-class\" frameborder=\"0\"><\/iframe>\n<\/p>\n<p style=\"text-align: center\">\n<!-- iframe plugin v.6.0 wordpress.org\/plugins\/iframe\/ -->\n<iframe loading=\"lazy\" src=\"https:\/\/panopto.abo.fi\/Panopto\/Pages\/Embed.aspx?id=c0e30f90-6893-43f7-a196-af100095dbb3&#038;autoplay=false&#038;offerviewer=false&#038;showtitle=false&#038;showbrand=false&#038;captions=false&#038;interactivity=none\" height=\"405\" width=\"720\" style=\"border: 0px solid #464646;\" 0=\"allowfullscreen\" 1=\"allow=&quot;autoplay&quot;&gt;\" scrolling=\"yes\" class=\"iframe-class\" frameborder=\"0\"><\/iframe>\n<\/p>\n<p><em><br \/>\n<\/em><em>L\u00e4raren ber\u00e4ttar<br \/>\n<\/em>Naturligtvis \u00e4r det inte bara studerande som \u00e4r experter p\u00e5 studierna, utan ocks\u00e5 de som sitter mitt emot dig i seminarierummet \u2013 n\u00e4mligen l\u00e4rarna. Titta p\u00e5 videorna f\u00f6r att se deras perspektiv p\u00e5 studierna.<\/p>\n<p style=\"text-align: center\">\n<!-- iframe plugin v.6.0 wordpress.org\/plugins\/iframe\/ -->\n<iframe loading=\"lazy\" src=\"https:\/\/panopto.abo.fi\/Panopto\/Pages\/Embed.aspx?id=b90e41e9-40f2-4cf9-a5d7-af1000deb0b8&#038;autoplay=false&#038;offerviewer=false&#038;showtitle=false&#038;showbrand=false&#038;captions=false&#038;interactivity=none\" height=\"405\" width=\"720\" style=\"border: 0px solid #464646;\" 0=\"allowfullscreen\" 1=\"allow=&quot;autoplay&quot;&gt;\" scrolling=\"yes\" class=\"iframe-class\" frameborder=\"0\"><\/iframe>\n<\/p>\n<p><em><br \/>\n<\/em><em>P\u00e5 utbyte<br \/>\n<\/em>Studier eller praktik utomlands \u00e4r en obligatorisk del av studierna i de flesta spr\u00e5k\u00e4mnen (g\u00e4ller inte svenska och finska \u2013 men du f\u00e5r g\u00e4rna \u00e5ka utomlands \u00e4ven i dessa). Se p\u00e5 intervjuerna f\u00f6r att f\u00e5 reda p\u00e5 vad tv\u00e5 studerande upplevde och l\u00e4rde sig under utbytet!<\/p>\n<p style=\"text-align: center\">\n<!-- iframe plugin v.6.0 wordpress.org\/plugins\/iframe\/ -->\n<iframe loading=\"lazy\" src=\"https:\/\/panopto.abo.fi\/Panopto\/Pages\/Embed.aspx?id=1aba9349-4c9a-41cb-a932-af1700d65d44&#038;autoplay=false&#038;offerviewer=false&#038;showtitle=false&#038;showbrand=false&#038;captions=false&#038;interactivity=none\" height=\"405\" width=\"720\" style=\"border: 0px solid #464646;\" 0=\"allowfullscreen\" 1=\"allow=&quot;autoplay&quot;&gt;\" scrolling=\"yes\" class=\"iframe-class\" frameborder=\"0\"><\/iframe>\n<\/p>\n<p style=\"text-align: center\">\n<!-- iframe plugin v.6.0 wordpress.org\/plugins\/iframe\/ -->\n<iframe loading=\"lazy\" src=\"https:\/\/panopto.abo.fi\/Panopto\/Pages\/Embed.aspx?id=cce024eb-96d1-46f0-821c-af170088ba8b&#038;autoplay=false&#038;offerviewer=false&#038;showtitle=false&#038;showbrand=false&#038;captions=false&#038;interactivity=none\" height=\"405\" width=\"720\" style=\"border: 0px solid #464646;\" 0=\"allowfullscreen\" 1=\"allow=&quot;autoplay&quot;&gt;\" scrolling=\"yes\" class=\"iframe-class\" frameborder=\"0\"><\/iframe>\n<\/p>\n<p>&nbsp;<\/p>\n<p><a href=\"http:\/\/blogs2.abo.fi\/studieinformation\/forsta-aret-ryska\/\"><img loading=\"lazy\" decoding=\"async\" class=\"alignright wp-image-265\" src=\"http:\/\/blogs2.abo.fi\/studieinformation\/wp-content\/uploads\/sites\/145\/2020\/01\/aiga_right_arrow-300x251.png\" alt=\"\" width=\"33\" height=\"28\" \/><\/a><\/p>\n","protected":false},"excerpt":{"rendered":"<p>&nbsp; Om du vill veta hur vardagen som studerande ser ut och vad de enskilda studieinriktningarna inneh\u00e5ller \u00e4r det en bra id\u00e9 att fr\u00e5ga n\u00e5gon som verkligen vet. Studerandes vardag I f\u00f6ljande intervjuer ber\u00e4ttar studerande till exempel om sin vardag vid (och utanf\u00f6r) universitetet, om vad som skiljer universitetet fr\u00e5n skolan och vad de g\u00f6r &hellip; <a href=\"https:\/\/blogs2.abo.fi\/studieinformation\/ryska\/\" class=\"more-link\">Forts\u00e4tt l\u00e4sa<span class=\"screen-reader-text\"> \u201dStudier\u201d<\/span><\/a><\/p>\n","protected":false},"author":482,"featured_media":0,"parent":0,"menu_order":0,"comment_status":"closed","ping_status":"closed","template":"","meta":{"footnotes":""},"class_list":["post-119","page","type-page","status-publish","hentry"],"_links":{"self":[{"href":"https:\/\/blogs2.abo.fi\/studieinformation\/wp-json\/wp\/v2\/pages\/119","targetHints":{"allow":["GET"]}}],"collection":[{"href":"https:\/\/blogs2.abo.fi\/studieinformation\/wp-json\/wp\/v2\/pages"}],"about":[{"href":"https:\/\/blogs2.abo.fi\/studieinformation\/wp-json\/wp\/v2\/types\/page"}],"author":[{"embeddable":true,"href":"https:\/\/blogs2.abo.fi\/studieinformation\/wp-json\/wp\/v2\/users\/482"}],"replies":[{"embeddable":true,"href":"https:\/\/blogs2.abo.fi\/studieinformation\/wp-json\/wp\/v2\/comments?post=119"}],"version-history":[{"count":15,"href":"https:\/\/blogs2.abo.fi\/studieinformation\/wp-json\/wp\/v2\/pages\/119\/revisions"}],"predecessor-version":[{"id":768,"href":"https:\/\/blogs2.abo.fi\/studieinformation\/wp-json\/wp\/v2\/pages\/119\/revisions\/768"}],"wp:attachment":[{"href":"https:\/\/blogs2.abo.fi\/studieinformation\/wp-json\/wp\/v2\/media?parent=119"}],"curies":[{"name":"wp","href":"https:\/\/api.w.org\/{rel}","templated":true}]}}