{"id":110,"date":"2020-01-06T13:20:00","date_gmt":"2020-01-06T13:20:00","guid":{"rendered":"http:\/\/blogs2.abo.fi\/studieinformation\/?page_id=110"},"modified":"2022-11-18T08:12:11","modified_gmt":"2022-11-18T08:12:11","slug":"ovningsuppgifter-franska","status":"publish","type":"page","link":"https:\/\/blogs2.abo.fi\/studieinformation\/ovningsuppgifter-franska\/","title":{"rendered":"\u00d6vningsuppgifter"},"content":{"rendered":"<p><a href=\"http:\/\/blogs2.abo.fi\/studieinformation\/forsta-aret-franska\/\"><img loading=\"lazy\" decoding=\"async\" class=\"wp-image-264 alignleft\" src=\"http:\/\/blogs2.abo.fi\/studieinformation\/wp-content\/uploads\/sites\/145\/2020\/01\/aiga_left_arrow-300x251.jpg\" alt=\"\" width=\"33\" height=\"28\" \/><\/a><a href=\"http:\/\/blogs2.abo.fi\/studieinformation\/arbetslivet-franska\/\"><img loading=\"lazy\" decoding=\"async\" class=\"alignright wp-image-265\" src=\"http:\/\/blogs2.abo.fi\/studieinformation\/wp-content\/uploads\/sites\/145\/2020\/01\/aiga_right_arrow-300x251.png\" alt=\"\" width=\"33\" height=\"28\" \/><\/a><\/p>\n<p>&nbsp;<\/p>\n<p><span lang=\"SV\">I f\u00f6ljande del f\u00e5r du m\u00f6jligheten att titta p\u00e5 n\u00e5gra exempeluppgifter och ta reda p\u00e5 vilka fr\u00e5gor som behandlas inom \u00e4mnena och hur typiska uppgifter kan se ut. Notera att den h\u00e4r delen inte \u00e4r avsedd att testa dig utan m\u00f6jligg\u00f6ra att du p\u00e5 goda grunder kan skapa dig en uppfattning om ett visst studieprogram.<\/span><\/p>\n<p style=\"text-align: center\">\n<!-- iframe plugin v.6.0 wordpress.org\/plugins\/iframe\/ -->\n<iframe loading=\"lazy\" src=\"https:\/\/panopto.abo.fi\/Panopto\/Pages\/Embed.aspx?id=86ec7b31-72ee-4d20-b3e9-af4900cd2745&#038;autoplay=false&#038;offerviewer=false&#038;showtitle=false&#038;showbrand=false&#038;captions=false&#038;interactivity=none\" height=\"405\" width=\"720\" style=\"border: 0px solid #464646;\" 0=\"allowfullscreen\" 1=\"allow=&quot;autoplay&quot;&gt;\" scrolling=\"yes\" class=\"iframe-class\" frameborder=\"0\"><\/iframe>\n<\/p>\n<p style=\"text-align: center\">\n<!-- iframe plugin v.6.0 wordpress.org\/plugins\/iframe\/ -->\n<iframe loading=\"lazy\" src=\"https:\/\/panopto.abo.fi\/Panopto\/Pages\/Embed.aspx?id=a81509b5-890a-4bbf-a1bd-af49009366a3&#038;autoplay=false&#038;offerviewer=false&#038;showtitle=false&#038;showbrand=false&#038;captions=false&#038;interactivity=none\" height=\"405\" width=\"720\" style=\"border: 0px solid #464646;\" 0=\"allowfullscreen\" 1=\"allow=&quot;autoplay&quot;&gt;\" scrolling=\"yes\" class=\"iframe-class\" frameborder=\"0\"><\/iframe>\n<\/p>\n<p style=\"text-align: center\">\n<!-- iframe plugin v.6.0 wordpress.org\/plugins\/iframe\/ -->\n<iframe loading=\"lazy\" src=\"https:\/\/panopto.abo.fi\/Panopto\/Pages\/Embed.aspx?id=86428d04-388e-4bee-a336-af4900938a9e&#038;autoplay=false&#038;offerviewer=false&#038;showtitle=false&#038;showbrand=false&#038;captions=false&#038;interactivity=none\" height=\"405\" width=\"720\" style=\"border: 0px solid #464646;\" 0=\"allowfullscreen\" 1=\"allow=&quot;autoplay&quot;&gt;\" scrolling=\"yes\" class=\"iframe-class\" frameborder=\"0\"><\/iframe>\n<\/p>\n<p><a href=\"http:\/\/blogs2.abo.fi\/studieinformation\/forsta-aret-franska\/\"><img loading=\"lazy\" decoding=\"async\" class=\"wp-image-264 alignleft\" src=\"http:\/\/blogs2.abo.fi\/studieinformation\/wp-content\/uploads\/sites\/145\/2020\/01\/aiga_left_arrow-300x251.jpg\" alt=\"\" width=\"33\" height=\"28\" \/><\/a><a href=\"http:\/\/blogs2.abo.fi\/studieinformation\/arbetslivet-franska\/\"><img loading=\"lazy\" decoding=\"async\" class=\"alignright wp-image-265\" src=\"http:\/\/blogs2.abo.fi\/studieinformation\/wp-content\/uploads\/sites\/145\/2020\/01\/aiga_right_arrow-300x251.png\" alt=\"\" width=\"33\" height=\"28\" \/><\/a><\/p>\n","protected":false},"excerpt":{"rendered":"<p>&nbsp; I f\u00f6ljande del f\u00e5r du m\u00f6jligheten att titta p\u00e5 n\u00e5gra exempeluppgifter och ta reda p\u00e5 vilka fr\u00e5gor som behandlas inom \u00e4mnena och hur typiska uppgifter kan se ut. Notera att den h\u00e4r delen inte \u00e4r avsedd att testa dig utan m\u00f6jligg\u00f6ra att du p\u00e5 goda grunder kan skapa dig en uppfattning om ett visst &hellip; <a href=\"https:\/\/blogs2.abo.fi\/studieinformation\/ovningsuppgifter-franska\/\" class=\"more-link\">Forts\u00e4tt l\u00e4sa<span class=\"screen-reader-text\"> \u201d\u00d6vningsuppgifter\u201d<\/span><\/a><\/p>\n","protected":false},"author":482,"featured_media":0,"parent":0,"menu_order":0,"comment_status":"closed","ping_status":"closed","template":"","meta":{"footnotes":""},"class_list":["post-110","page","type-page","status-publish","hentry"],"_links":{"self":[{"href":"https:\/\/blogs2.abo.fi\/studieinformation\/wp-json\/wp\/v2\/pages\/110","targetHints":{"allow":["GET"]}}],"collection":[{"href":"https:\/\/blogs2.abo.fi\/studieinformation\/wp-json\/wp\/v2\/pages"}],"about":[{"href":"https:\/\/blogs2.abo.fi\/studieinformation\/wp-json\/wp\/v2\/types\/page"}],"author":[{"embeddable":true,"href":"https:\/\/blogs2.abo.fi\/studieinformation\/wp-json\/wp\/v2\/users\/482"}],"replies":[{"embeddable":true,"href":"https:\/\/blogs2.abo.fi\/studieinformation\/wp-json\/wp\/v2\/comments?post=110"}],"version-history":[{"count":14,"href":"https:\/\/blogs2.abo.fi\/studieinformation\/wp-json\/wp\/v2\/pages\/110\/revisions"}],"predecessor-version":[{"id":798,"href":"https:\/\/blogs2.abo.fi\/studieinformation\/wp-json\/wp\/v2\/pages\/110\/revisions\/798"}],"wp:attachment":[{"href":"https:\/\/blogs2.abo.fi\/studieinformation\/wp-json\/wp\/v2\/media?parent=110"}],"curies":[{"name":"wp","href":"https:\/\/api.w.org\/{rel}","templated":true}]}}