{"id":6,"date":"2018-02-02T13:14:54","date_gmt":"2018-02-02T11:14:54","guid":{"rendered":"http:\/\/blogs2.abo.fi\/stipendier\/?page_id=6"},"modified":"2025-04-09T10:50:32","modified_gmt":"2025-04-09T08:50:32","slug":"eugen-schaumans-fond","status":"publish","type":"page","link":"https:\/\/blogs2.abo.fi\/stipendier\/eugen-schaumans-fond\/","title":{"rendered":"Eugen Schaumans fond"},"content":{"rendered":"<p>Ur <strong>Eugen Schaumans fond<\/strong> utdelas \u00e5r 2025 stipendier till ett sammanlagt belopp om<br \/>\n<strong>86 500,00 \u20ac<\/strong>. Enligt fondens best\u00e4mmelser utges stipendierna \u00e5t finlandssvenskar och \u00e5t rikssvenska medborgare &#8221;fr\u00e4mst f\u00f6r r\u00e4ttsvetenskaplig forskning och juridiska studier som \u00e4r \u00e4gnade att st\u00e4rka och f\u00f6rdjupa den nordiska gemenskapen p\u00e5 r\u00e4ttens omr\u00e5de&#8221;.<\/p>\n<p>Syftet f\u00f6r ans\u00f6kan <strong>b\u00f6r fr\u00e4mja finlandssvensk forskning<\/strong>, vilket betyder att s\u00f6kande ska vara knuten till \u00c5bo Akademi eller annat universitet i Finland som bedriver juridisk utbildning p\u00e5 svenska.<\/p>\n<p><strong>Ans\u00f6kningstiden utg\u00e5r fredagen den 25.4.2025 kl. 23.59 (finsk tid)<br \/>\n<\/strong><\/p>\n<p>Ans\u00f6kan g\u00f6rs via <span class=\"fontSizeXLarge\"><strong>\u00c5bo Akademis stipendieans\u00f6kningsportal <\/strong><\/span><a href=\"https:\/\/stipendier.abo.fi\/\" target=\"_blank\" rel=\"noopener\"><span class=\"fontSizeXLarge\"><strong>stipendier.abo.fi <\/strong><\/span><\/a>(ans\u00f6kan \u00f6ppnar 11.4.2025).<\/p>\n<p>N\u00e4rmare uppgifter ges av forskningskoordinator Johanna Hedenborg, tfn (02) 215 4793, e-post johanna.hedenborg@abo.fi.<\/p>\n","protected":false},"excerpt":{"rendered":"<p>Ur Eugen Schaumans fond utdelas \u00e5r 2025 stipendier till ett sammanlagt belopp om 86 500,00 \u20ac. Enligt fondens best\u00e4mmelser utges stipendierna \u00e5t finlandssvenskar och \u00e5t rikssvenska medborgare &#8221;fr\u00e4mst f\u00f6r r\u00e4ttsvetenskaplig forskning och juridiska studier som \u00e4r \u00e4gnade att st\u00e4rka och &hellip; <a href=\"https:\/\/blogs2.abo.fi\/stipendier\/eugen-schaumans-fond\/\">Forts\u00e4tt l\u00e4sa <span class=\"meta-nav\">&rarr;<\/span><\/a><\/p>\n","protected":false},"author":392,"featured_media":0,"parent":0,"menu_order":0,"comment_status":"closed","ping_status":"closed","template":"","meta":{"footnotes":""},"class_list":["post-6","page","type-page","status-publish","hentry"],"_links":{"self":[{"href":"https:\/\/blogs2.abo.fi\/stipendier\/wp-json\/wp\/v2\/pages\/6","targetHints":{"allow":["GET"]}}],"collection":[{"href":"https:\/\/blogs2.abo.fi\/stipendier\/wp-json\/wp\/v2\/pages"}],"about":[{"href":"https:\/\/blogs2.abo.fi\/stipendier\/wp-json\/wp\/v2\/types\/page"}],"author":[{"embeddable":true,"href":"https:\/\/blogs2.abo.fi\/stipendier\/wp-json\/wp\/v2\/users\/392"}],"replies":[{"embeddable":true,"href":"https:\/\/blogs2.abo.fi\/stipendier\/wp-json\/wp\/v2\/comments?post=6"}],"version-history":[{"count":23,"href":"https:\/\/blogs2.abo.fi\/stipendier\/wp-json\/wp\/v2\/pages\/6\/revisions"}],"predecessor-version":[{"id":109,"href":"https:\/\/blogs2.abo.fi\/stipendier\/wp-json\/wp\/v2\/pages\/6\/revisions\/109"}],"wp:attachment":[{"href":"https:\/\/blogs2.abo.fi\/stipendier\/wp-json\/wp\/v2\/media?parent=6"}],"curies":[{"name":"wp","href":"https:\/\/api.w.org\/{rel}","templated":true}]}}