{"id":33,"date":"2018-02-02T15:36:55","date_gmt":"2018-02-02T13:36:55","guid":{"rendered":"http:\/\/blogs2.abo.fi\/stipendier\/?page_id=33"},"modified":"2024-08-22T17:08:49","modified_gmt":"2024-08-22T15:08:49","slug":"ba-henricsson","status":"publish","type":"page","link":"https:\/\/blogs2.abo.fi\/stipendier\/ba-henricsson\/","title":{"rendered":"Med. lic. B. A. Henricssons stipendiefond"},"content":{"rendered":"<p>Stipendiet ur <strong>B A Henricssons fond<\/strong> utges f\u00f6r fortsatta medicinska studier till svenskspr\u00e5kig studerande som avlagt medicinsk prelimin\u00e4rexamen.<\/p>\n<p><strong>Med. lic. Bror August Henricssons stipendiefond har ingen utdelning \u00e5r 2024.<\/strong><\/p>\n<p>&nbsp;<\/p>\n","protected":false},"excerpt":{"rendered":"<p>Stipendiet ur B A Henricssons fond utges f\u00f6r fortsatta medicinska studier till svenskspr\u00e5kig studerande som avlagt medicinsk prelimin\u00e4rexamen. Med. lic. Bror August Henricssons stipendiefond har ingen utdelning \u00e5r 2024. &nbsp;<\/p>\n","protected":false},"author":392,"featured_media":0,"parent":0,"menu_order":0,"comment_status":"closed","ping_status":"closed","template":"","meta":{"footnotes":""},"class_list":["post-33","page","type-page","status-publish","hentry"],"_links":{"self":[{"href":"https:\/\/blogs2.abo.fi\/stipendier\/wp-json\/wp\/v2\/pages\/33","targetHints":{"allow":["GET"]}}],"collection":[{"href":"https:\/\/blogs2.abo.fi\/stipendier\/wp-json\/wp\/v2\/pages"}],"about":[{"href":"https:\/\/blogs2.abo.fi\/stipendier\/wp-json\/wp\/v2\/types\/page"}],"author":[{"embeddable":true,"href":"https:\/\/blogs2.abo.fi\/stipendier\/wp-json\/wp\/v2\/users\/392"}],"replies":[{"embeddable":true,"href":"https:\/\/blogs2.abo.fi\/stipendier\/wp-json\/wp\/v2\/comments?post=33"}],"version-history":[{"count":17,"href":"https:\/\/blogs2.abo.fi\/stipendier\/wp-json\/wp\/v2\/pages\/33\/revisions"}],"predecessor-version":[{"id":107,"href":"https:\/\/blogs2.abo.fi\/stipendier\/wp-json\/wp\/v2\/pages\/33\/revisions\/107"}],"wp:attachment":[{"href":"https:\/\/blogs2.abo.fi\/stipendier\/wp-json\/wp\/v2\/media?parent=33"}],"curies":[{"name":"wp","href":"https:\/\/api.w.org\/{rel}","templated":true}]}}