{"id":30,"date":"2018-02-02T15:34:02","date_gmt":"2018-02-02T13:34:02","guid":{"rendered":"http:\/\/blogs2.abo.fi\/stipendier\/?page_id=30"},"modified":"2024-08-22T16:58:09","modified_gmt":"2024-08-22T14:58:09","slug":"weikko-wilhelm-peltonens-fond","status":"publish","type":"page","link":"https:\/\/blogs2.abo.fi\/stipendier\/weikko-wilhelm-peltonens-fond\/","title":{"rendered":"Weikko Wilhelm Peltonens fond"},"content":{"rendered":"<p>Stipendium ur <strong>Weikko Wilhelm Peltonens fond<\/strong> (<strong>3 729,00 \u20ac<\/strong>) ledigansl\u00e5s att s\u00f6kas <strong>h\u00f6sten 2024.<\/strong><\/p>\n<p>Ur <strong>W W Peltonens fond<\/strong> beviljas stipendum till <strong>svenskspr\u00e5kig l\u00e4kare f\u00f6r cancer- eller d\u00e4rtill anknuten forskning.<\/strong><\/p>\n<p>Ans\u00f6kan riktas till Forskningsservice vid \u00c5bo Akademi och g\u00f6rs via <a href=\"https:\/\/survey.abo.fi\/lomakkeet\/9637\/lomake.html\" target=\"_blank\" rel=\"noopener noreferrer\">den elektroniska ans\u00f6kningsblanketten<\/a> (blanketten \u00f6ppnar 23.8.2024).<\/p>\n<p>Ans\u00f6kan b\u00f6r \u00e5tf\u00f6ljas av meritf\u00f6rteckning och forskningsplan. Svenskspr\u00e5kigheten b\u00f6r intygas med utdrag ur befolkningsregistret eller motsvarande.<\/p>\n<p><strong>Ans\u00f6kningstiden utg\u00e5r s\u00f6ndagen den 15.9.2024 kl. 23.59.<br \/>\n<\/strong><\/p>\n<p>N\u00e4rmare uppgifter ges av forskningskoordinator Johanna Hedenborg, tfn (02) 215 4793, e-post johanna.hedenborg@abo.fi.<\/p>\n","protected":false},"excerpt":{"rendered":"<p>Stipendium ur Weikko Wilhelm Peltonens fond (3 729,00 \u20ac) ledigansl\u00e5s att s\u00f6kas h\u00f6sten 2024. Ur W W Peltonens fond beviljas stipendum till svenskspr\u00e5kig l\u00e4kare f\u00f6r cancer- eller d\u00e4rtill anknuten forskning. Ans\u00f6kan riktas till Forskningsservice vid \u00c5bo Akademi och g\u00f6rs via &hellip; <a href=\"https:\/\/blogs2.abo.fi\/stipendier\/weikko-wilhelm-peltonens-fond\/\">Forts\u00e4tt l\u00e4sa <span class=\"meta-nav\">&rarr;<\/span><\/a><\/p>\n","protected":false},"author":392,"featured_media":0,"parent":0,"menu_order":0,"comment_status":"closed","ping_status":"closed","template":"","meta":{"footnotes":""},"class_list":["post-30","page","type-page","status-publish","hentry"],"_links":{"self":[{"href":"https:\/\/blogs2.abo.fi\/stipendier\/wp-json\/wp\/v2\/pages\/30","targetHints":{"allow":["GET"]}}],"collection":[{"href":"https:\/\/blogs2.abo.fi\/stipendier\/wp-json\/wp\/v2\/pages"}],"about":[{"href":"https:\/\/blogs2.abo.fi\/stipendier\/wp-json\/wp\/v2\/types\/page"}],"author":[{"embeddable":true,"href":"https:\/\/blogs2.abo.fi\/stipendier\/wp-json\/wp\/v2\/users\/392"}],"replies":[{"embeddable":true,"href":"https:\/\/blogs2.abo.fi\/stipendier\/wp-json\/wp\/v2\/comments?post=30"}],"version-history":[{"count":17,"href":"https:\/\/blogs2.abo.fi\/stipendier\/wp-json\/wp\/v2\/pages\/30\/revisions"}],"predecessor-version":[{"id":106,"href":"https:\/\/blogs2.abo.fi\/stipendier\/wp-json\/wp\/v2\/pages\/30\/revisions\/106"}],"wp:attachment":[{"href":"https:\/\/blogs2.abo.fi\/stipendier\/wp-json\/wp\/v2\/media?parent=30"}],"curies":[{"name":"wp","href":"https:\/\/api.w.org\/{rel}","templated":true}]}}