{"id":686,"date":"2021-05-05T10:45:37","date_gmt":"2021-05-05T10:45:37","guid":{"rendered":"https:\/\/blogs2.abo.fi\/statsvetardagarna2021\/?page_id=686"},"modified":"2021-05-10T08:21:03","modified_gmt":"2021-05-10T08:21:03","slug":"statsvetenskapliga-foreningens-kvallsprogram-vtyn-iltaohjelma-fpsa-evening-programme","status":"publish","type":"page","link":"https:\/\/blogs2.abo.fi\/statsvetardagarna2021\/statsvetenskapliga-foreningens-kvallsprogram-vtyn-iltaohjelma-fpsa-evening-programme\/","title":{"rendered":"Statsvetenskapliga f\u00f6reningens kv\u00e4llsprogram\/ VTY:n iltaohjelma\/FPSA Evening Programme"},"content":{"rendered":"<p>Osana politiikan tutkimuksen p\u00e4ivi\u00e4 j\u00e4rjestet\u00e4\u00e4n virtuaalinen iltajuhla tiistaina 11.5. klo 19-20. Tule paikalle tapaamaan kollegoja. VTY:n puheenjohtaja Emilia Palonen avaa tapahtuman klo 19, ja sen j\u00e4lkeen on mahdollista vierailla eri Zoom-huoneissa, joissa voi tavata tuttuja tai tutustua tuntemattomiin. Tilaisuudessa on muun muassa Politiikka-lehden, Politiikka-verkkolehden, englanninkielinen Pro et Contran toimituskunnan huone, johtokunnan ja ruotsinkielinen Zoom-huone.<\/p>\n<p>Iltaohjelmasta vastaavat Rauli Mickelsson (<a href=\"mailto:raumic@utu.fi\">raumic@utu.fi<\/a>) ja Juha Ylisalo (<a href=\"mailto:jtylis@utu.fi\">jtylis@utu.fi<\/a>). Heilt\u00e4 saa lis\u00e4tietoa ohjelmasta.<\/p>\n","protected":false},"excerpt":{"rendered":"<p>Osana politiikan tutkimuksen p\u00e4ivi\u00e4 j\u00e4rjestet\u00e4\u00e4n virtuaalinen iltajuhla tiistaina 11.5. klo 19-20. Tule paikalle tapaamaan kollegoja. VTY:n puheenjohtaja Emilia Palonen avaa tapahtuman klo 19, ja sen j\u00e4lkeen on mahdollista vierailla eri Zoom-huoneissa, joissa voi tavata tuttuja tai tutustua tuntemattomiin. Tilaisuudessa on muun muassa Politiikka-lehden, Politiikka-verkkolehden, englanninkielinen Pro et Contran toimituskunnan huone, johtokunnan ja ruotsinkielinen Zoom-huone. Iltaohjelmasta &hellip; <\/p>\n<p class=\"link-more\"><a href=\"https:\/\/blogs2.abo.fi\/statsvetardagarna2021\/statsvetenskapliga-foreningens-kvallsprogram-vtyn-iltaohjelma-fpsa-evening-programme\/\" class=\"more-link\">Forts\u00e4tt l\u00e4sa<span class=\"screen-reader-text\"> \u201dStatsvetenskapliga f\u00f6reningens kv\u00e4llsprogram\/ VTY:n iltaohjelma\/FPSA Evening Programme\u201d<\/span><\/a><\/p>\n","protected":false},"author":573,"featured_media":0,"parent":0,"menu_order":0,"comment_status":"closed","ping_status":"closed","template":"","meta":{"footnotes":""},"class_list":["post-686","page","type-page","status-publish","hentry"],"_links":{"self":[{"href":"https:\/\/blogs2.abo.fi\/statsvetardagarna2021\/wp-json\/wp\/v2\/pages\/686","targetHints":{"allow":["GET"]}}],"collection":[{"href":"https:\/\/blogs2.abo.fi\/statsvetardagarna2021\/wp-json\/wp\/v2\/pages"}],"about":[{"href":"https:\/\/blogs2.abo.fi\/statsvetardagarna2021\/wp-json\/wp\/v2\/types\/page"}],"author":[{"embeddable":true,"href":"https:\/\/blogs2.abo.fi\/statsvetardagarna2021\/wp-json\/wp\/v2\/users\/573"}],"replies":[{"embeddable":true,"href":"https:\/\/blogs2.abo.fi\/statsvetardagarna2021\/wp-json\/wp\/v2\/comments?post=686"}],"version-history":[{"count":2,"href":"https:\/\/blogs2.abo.fi\/statsvetardagarna2021\/wp-json\/wp\/v2\/pages\/686\/revisions"}],"predecessor-version":[{"id":727,"href":"https:\/\/blogs2.abo.fi\/statsvetardagarna2021\/wp-json\/wp\/v2\/pages\/686\/revisions\/727"}],"wp:attachment":[{"href":"https:\/\/blogs2.abo.fi\/statsvetardagarna2021\/wp-json\/wp\/v2\/media?parent=686"}],"curies":[{"name":"wp","href":"https:\/\/api.w.org\/{rel}","templated":true}]}}