{"id":608,"date":"2021-04-29T08:22:15","date_gmt":"2021-04-29T08:22:15","guid":{"rendered":"https:\/\/blogs2.abo.fi\/statsvetardagarna2021\/?page_id=608"},"modified":"2021-04-29T08:27:39","modified_gmt":"2021-04-29T08:27:39","slug":"gradupalkinto-ja-politiikka-lehden-toimituksen-esittely","status":"publish","type":"page","link":"https:\/\/blogs2.abo.fi\/statsvetardagarna2021\/gradupalkinto-ja-politiikka-lehden-toimituksen-esittely\/","title":{"rendered":"Politiikka-lehden toimituksen esittely ja gradupalkinto"},"content":{"rendered":"<p><strong>Politiikan tutkimuksen p\u00e4iv\u00e4t 2021<\/strong><\/p>\n<p><strong>Tiistai 11.5.2021<\/strong><\/p>\n<p><strong>9.30 \u2013 10.30 Gradupalkinto ja Politiikka-lehden toimituksen esittely<\/strong><\/p>\n<p><strong>Ohjelma: <\/strong><\/p>\n<p><strong>HUOM! Ohjelman kellonajat ovat viitteellisi\u00e4<\/strong><\/p>\n<p><strong>Juontaja:<\/strong> Dosentti, yliopisto-opettaja Rauli Mickelsson, Valtiotieteellisen yhdistyksen varapuheenjohtaja, Turun yliopisto (<a href=\"mailto:raumic@utu.fi\">raumic@utu.fi<\/a>)<\/p>\n<p><strong>Noin klo 9.30 \u2013 10.00 Valtiotieteellisen yhdistyksen pro gradu -palkinnon my\u00f6nt\u00e4minen:<\/strong><\/p>\n<p>Palkinnon perusteet \/ Professori emer. Jan Sundberg, Helsingin yliopisto (jan.sundberg@helsinki.fi)<\/p>\n<p>Palkinnon my\u00f6nt\u00e4minen \/ Dosentti, yliopisto-opettaja Rauli Mickelsson, Valtiotieteellisen yhdistyksen varapuheenjohtaja, Turun yliopisto (raumic@utu.fi)<\/p>\n<p>Palkinnon saajan puhe [palkinnon saaja julkistetaan tilausuudessa]<\/p>\n<p><strong>Noin klo 10.00 Politiikka-lehden toimituksen esittely<\/strong><\/p>\n<p>Katja M\u00e4kinen, Politiikka, vastaava p\u00e4\u00e4toimittaja (katja.a.p.makinen@jyu.fi)<\/p>\n<p>Miika Salo, Politiikka, toimitusp\u00e4\u00e4llikk\u00f6 (miika.salo@tuni.fi)<\/p>\n<p>Annu Per\u00e4l\u00e4, Politiikka, toimitussihteeri (annu.perala@uwasa.fi)<\/p>\n<p><strong>Noin klo 10.15 Yleis\u00f6kysymyksi\u00e4<\/strong> (Moderaattorit: Miika Salo ja Annu Per\u00e4l\u00e4)<\/p>\n<p>&nbsp;<\/p>\n<p>&nbsp;<\/p>\n<p>&nbsp;<\/p>\n","protected":false},"excerpt":{"rendered":"<p>Politiikan tutkimuksen p\u00e4iv\u00e4t 2021 Tiistai 11.5.2021 9.30 \u2013 10.30 Gradupalkinto ja Politiikka-lehden toimituksen esittely Ohjelma: HUOM! Ohjelman kellonajat ovat viitteellisi\u00e4 Juontaja: Dosentti, yliopisto-opettaja Rauli Mickelsson, Valtiotieteellisen yhdistyksen varapuheenjohtaja, Turun yliopisto (raumic@utu.fi) Noin klo 9.30 \u2013 10.00 Valtiotieteellisen yhdistyksen pro gradu -palkinnon my\u00f6nt\u00e4minen: Palkinnon perusteet \/ Professori emer. Jan Sundberg, Helsingin yliopisto (jan.sundberg@helsinki.fi) Palkinnon my\u00f6nt\u00e4minen \/ &hellip; <\/p>\n<p class=\"link-more\"><a href=\"https:\/\/blogs2.abo.fi\/statsvetardagarna2021\/gradupalkinto-ja-politiikka-lehden-toimituksen-esittely\/\" class=\"more-link\">Forts\u00e4tt l\u00e4sa<span class=\"screen-reader-text\"> \u201dPolitiikka-lehden toimituksen esittely ja gradupalkinto\u201d<\/span><\/a><\/p>\n","protected":false},"author":573,"featured_media":0,"parent":0,"menu_order":0,"comment_status":"closed","ping_status":"closed","template":"","meta":{"footnotes":""},"class_list":["post-608","page","type-page","status-publish","hentry"],"_links":{"self":[{"href":"https:\/\/blogs2.abo.fi\/statsvetardagarna2021\/wp-json\/wp\/v2\/pages\/608","targetHints":{"allow":["GET"]}}],"collection":[{"href":"https:\/\/blogs2.abo.fi\/statsvetardagarna2021\/wp-json\/wp\/v2\/pages"}],"about":[{"href":"https:\/\/blogs2.abo.fi\/statsvetardagarna2021\/wp-json\/wp\/v2\/types\/page"}],"author":[{"embeddable":true,"href":"https:\/\/blogs2.abo.fi\/statsvetardagarna2021\/wp-json\/wp\/v2\/users\/573"}],"replies":[{"embeddable":true,"href":"https:\/\/blogs2.abo.fi\/statsvetardagarna2021\/wp-json\/wp\/v2\/comments?post=608"}],"version-history":[{"count":2,"href":"https:\/\/blogs2.abo.fi\/statsvetardagarna2021\/wp-json\/wp\/v2\/pages\/608\/revisions"}],"predecessor-version":[{"id":621,"href":"https:\/\/blogs2.abo.fi\/statsvetardagarna2021\/wp-json\/wp\/v2\/pages\/608\/revisions\/621"}],"wp:attachment":[{"href":"https:\/\/blogs2.abo.fi\/statsvetardagarna2021\/wp-json\/wp\/v2\/media?parent=608"}],"curies":[{"name":"wp","href":"https:\/\/api.w.org\/{rel}","templated":true}]}}