{"id":45,"date":"2020-11-19T13:50:04","date_gmt":"2020-11-19T13:50:04","guid":{"rendered":"http:\/\/blogs2.abo.fi\/statsvetardagarna2021\/?page_id=45"},"modified":"2020-11-30T09:11:03","modified_gmt":"2020-11-30T09:11:03","slug":"suomeksi","status":"publish","type":"page","link":"https:\/\/blogs2.abo.fi\/statsvetardagarna2021\/suomeksi\/","title":{"rendered":"Suomeksi"},"content":{"rendered":"<p>T\u00e4m\u00e4n valikon alta l\u00f6yd\u00e4t lis\u00e4tietoa Politiikan tutkimuksen p\u00e4ivist\u00e4.<\/p>\n","protected":false},"excerpt":{"rendered":"<p>T\u00e4m\u00e4n valikon alta l\u00f6yd\u00e4t lis\u00e4tietoa Politiikan tutkimuksen p\u00e4ivist\u00e4.<\/p>\n","protected":false},"author":573,"featured_media":0,"parent":0,"menu_order":0,"comment_status":"closed","ping_status":"closed","template":"","meta":{"footnotes":""},"class_list":["post-45","page","type-page","status-publish","hentry"],"_links":{"self":[{"href":"https:\/\/blogs2.abo.fi\/statsvetardagarna2021\/wp-json\/wp\/v2\/pages\/45","targetHints":{"allow":["GET"]}}],"collection":[{"href":"https:\/\/blogs2.abo.fi\/statsvetardagarna2021\/wp-json\/wp\/v2\/pages"}],"about":[{"href":"https:\/\/blogs2.abo.fi\/statsvetardagarna2021\/wp-json\/wp\/v2\/types\/page"}],"author":[{"embeddable":true,"href":"https:\/\/blogs2.abo.fi\/statsvetardagarna2021\/wp-json\/wp\/v2\/users\/573"}],"replies":[{"embeddable":true,"href":"https:\/\/blogs2.abo.fi\/statsvetardagarna2021\/wp-json\/wp\/v2\/comments?post=45"}],"version-history":[{"count":5,"href":"https:\/\/blogs2.abo.fi\/statsvetardagarna2021\/wp-json\/wp\/v2\/pages\/45\/revisions"}],"predecessor-version":[{"id":156,"href":"https:\/\/blogs2.abo.fi\/statsvetardagarna2021\/wp-json\/wp\/v2\/pages\/45\/revisions\/156"}],"wp:attachment":[{"href":"https:\/\/blogs2.abo.fi\/statsvetardagarna2021\/wp-json\/wp\/v2\/media?parent=45"}],"curies":[{"name":"wp","href":"https:\/\/api.w.org\/{rel}","templated":true}]}}