{"id":433,"date":"2021-04-14T12:24:16","date_gmt":"2021-04-14T12:24:16","guid":{"rendered":"http:\/\/blogs2.abo.fi\/statsvetardagarna2021\/?page_id=433"},"modified":"2021-05-05T12:37:09","modified_gmt":"2021-05-05T12:37:09","slug":"democracy-in-motion-future-perspective","status":"publish","type":"page","link":"https:\/\/blogs2.abo.fi\/statsvetardagarna2021\/democracy-in-motion-future-perspective\/","title":{"rendered":"Democracy in motion \u2013 future perspective. (Tuesday &amp; Wednesday)"},"content":{"rendered":"<p>Democracy\u2019s crisis has long been predicted by political theorists and sociologists such as Michels,Weber and\u00a0Ortega\u00a0y Gasset. It is thus\u00a0a matter of interpretation whether we see our current and possible (near) future(s)\u00a0as a crisis of unprecendented seriousness.\u00a0 Yet, because of the level of our technological development and globalisation,\u00a0crises\u00a0undeniably\u00a0effect the globe and its inhabitants faster than ever before.<\/p>\n<p>One question arising, is whether democracy really is a superior or even \u2019real\u2019 political system\u00a0at the age\u00a0in which, e.g. AI of different types and other technological means, e.g. enable a near total surveillance of (all) states\u2019 citizens.\u00a0Additionally, development of \u2019extended\u2019 humanness by means of connecting people to virtual reality is making a rapid breakthrough. Further, dystopic visions of states and their allicances are convincing, but technology also makes it possible to both envision and practice a better future basically\u00a0for\u00a0all, in case vanguards of thought and practioners of authority and power so wish.<\/p>\n<p>In this workshop, the heuristic idea is to understand crises as an inherent part of modern\u00a0mass\u00a0democracies\u00a0and call for new kinds of ideas and conceptions of democratic systems and their developments. We wish to receive paper proposals in which these questions are examined in a politico-philosophical, historical or case study perspective.<\/p>\n<p>Working languages of the workshop are English and Finnish.<\/p>\n<p>Chairs: Oili Pulkkinen, Kone Foundation (<a href=\"mailto:pulkkinenoili2014@gmail.com\">pulkkinenoili2014@gmail.com<\/a>) &amp; Suvi Soininen, Kone Foundation (smsoin@utu.fi)<\/p>\n<p>&nbsp;<\/p>\n<p>&nbsp;<\/p>\n<p><strong>Papers<\/strong><\/p>\n<p><strong>Crisis Government in Political Thought<\/strong><\/p>\n<p>Lagerspetz Eerik, University of Turku (eerlag@utu.fi)<\/p>\n<p>Kriisien hallinta poliittisen ajattelun perinteess\u00e4.<\/p>\n<p>Pitk\u00e4n historiallisen perinteen mukaan kriisit ja poikkeustilanteet edellytt\u00e4v\u00e4t poikkeuksellisia vallank\u00e4ytt\u00f6tapoja. T\u00e4m\u00e4n ajatuksen historialliset juuret juontuvat ainakin Rooman tasavallan diktaattori-instituutioon. Termill\u00e4 \u201ddiktaattori\u201d viitattiinkin pitk\u00e4\u00e4n erityisill\u00e4 poikkeusvaltuuksilla varustettuun, mutta s\u00e4\u00e4nn\u00f6llist\u00e4 menettely\u00e4 noudattaen valittuun virkamieheen. Vasta 1900-luvulla termi\u00e4 ryhdyttiin k\u00e4ytt\u00e4m\u00e4\u00e4n kaikesta lakeihin sitomattomasta vallasta. Erityisesti demokratiaa, tai laajemmin, tasavaltaa tai \u201dmonien\u201d valtaa, on pidetty erityisen kyvytt\u00f6m\u00e4n\u00e4 hallitsemaan kriisitilanteita. T\u00e4t\u00e4 ajatusta on pidetty niin itsest\u00e4\u00e4n selv\u00e4n\u00e4, ett\u00e4 sen takana olevia perusteluja ei yleens\u00e4 ole vaivauduttu analysoimaan sen tarkemmin.<\/p>\n<p>T\u00e4m\u00e4 esitys on osa laajempaa tutkimusta, jossa tarkastellaan (1) yleens\u00e4 poliittisten kriisien hallintaa koskevaa ajattelua, ja (2) erityisesti sit\u00e4 ajattelua, joka liittyy demokratian kriiseihin. Varhemman historian tulkintoja on hallinnut Carl Schmittin <em>Die Diktatur<\/em> (1921), joka on ensimm\u00e4inen ja luultavasti edelleenkin kattavin aiheen tarkastelu. Valtios\u00e4\u00e4nt\u00f6historiallisista ansioistaan huolimatta Schmittin esityksess\u00e4 on my\u00f6s puutteita; monet filosofisesti kiinnostavat seikat j\u00e4\u00e4v\u00e4t siin\u00e4 v\u00e4hemm\u00e4lle. Schmittin kirja on itsess\u00e4\u00e4n puheenvuoro ensimm\u00e4isen maailmansodan j\u00e4lkeiseen kriisikeskusteluun. Erityisesti 1900-luvun ensimm\u00e4isin\u00e4 vuosikymmenin\u00e4 k\u00e4ytiin kiivasta keskustelua siit\u00e4, miten demokratian on mahdollista varautua sit\u00e4 kohtaaviin uhkiin, millaiset demokratian itsepuolustusmuodot ovat sopusoinnussa demokratian vaatimusten kanssa, ja miten demokraattisia muotoja \u2013 mukaan lukien demokratian itsepuolustuskeinot! \u2013 voidaan v\u00e4\u00e4rink\u00e4ytt\u00e4\u00e4 demokratiaa itse\u00e4\u00e4n vastaan. N\u00e4m\u00e4 erityisesti valtios\u00e4\u00e4nt\u00f6juristien k\u00e4ym\u00e4t keskustelut joihin Saksassa osallistuivat esimerkiksi Hans Kelsen, Carl Schmitt ja Karl Loewenstein, Ruotsissa Herbert Tingsten, Ranskassa \u00c9mile Giraud ja Yhdysvalloissa Frederick M. Watkins, painuivat v\u00e4lill\u00e4 l\u00e4hes unohduksiin. 2000-luvulla yht\u00e4\u00e4lt\u00e4 erilaiset kriisit, toisaalta autoritaarisen ajattelun nousu ovat tehneet n\u00e4m\u00e4 keskustelut uudelleen ajankohtaisiksi. Kuten 1930-luvulla, demokratian itsepuolustus poikkeuksellisin toimin n\u00e4ytt\u00e4\u00e4 toisinaan v\u00e4ltt\u00e4m\u00e4tt\u00f6m\u00e4lt\u00e4; samalla demokratia voi my\u00f6s kaventua ja jopa tuhoutua n\u00e4iden toimien seurauksena. Olennainen kysymys on: miten demokratian on mahdollista vastata kriiseihin tuhoamatta samalla itse\u00e4\u00e4n?<\/p>\n<p>The presentation will be delivered in English.<\/p>\n<p><strong>From the Democracy of Opinions to the Democracy of Procedures<\/strong><\/p>\n<p>Palonen Kari, University of Jyv\u00e4skyl\u00e4 (kari.i.palonen@jyu.fi)<\/p>\n<p>What is represented in the democratic style of politics? There are two opposed visions to this question. The one regards the opinions of the citizens as they are the given basis that is then transferred to political decisions in elections and parliamentary decisions. The opposite view takes the questions on the political agenda as the point of departure and regards both the election campaign and the parliamentary debate as procedures to modify the given opinions towards forming political alternatives to the questions on the agenda. For the former view, the latter might appear a disturbance of citizens opinions, for the latter the former appears as a lack of political literacy in the face of the issues on the agenda. For the former view political questions are simple and immediately decidable, for the latter, on the contrary, political questions are complex and require both time for reflection and willingness to consider opposed alternatives. In this paper I practice a thought experiment with historical references and take a clear stand in favour of the procedural style of democracy.<\/p>\n<p><strong>Democracy, Opposition and Non-Democracy<\/strong><\/p>\n<p>Roman-Lagerspetz Sari, Kone Foundation &amp; University of Turku (Sari.Roman-Lagerspetz@utu.fi)<\/p>\n<p><strong>\u00a0<\/strong>\u201cThinking publicly otherwise\u201d is one of the foundations of democracy. The task of the opposition in a democratic system is to express distrust, to criticize the actions of the government and to provide an alternative. The opposition institutionalizes distrust and, paradoxically, the presence of this institutionalised distrust is, for the citizens, one important reason to trust the democratic system. The institutionalized role of distrust and criticism is the main reason why democracy remains superior to its non-democratic alternatives.<\/p>\n<p>The claim defended here is that the relationship between the government and the opposition can be understood in terms of Hegel\u2019s dialectics. Although Hegel\u2019s political theory, as formulated in his Philosophy of Right, emphasises the unifying role of the State, his earlier philosophy contains more democratic potential. In this presentation, I criticize some contemporary theories of democracy, including the model of \u201cleft populist democracy\u201d by Chantal Mouffe. I try to formulate an alternative view, inspired by Hegel\u2019s ideas of recognition and dialectics.<\/p>\n<p><strong>On the Outskirts of Democratic Justifiability<\/strong><\/p>\n<p><strong>\u00a0<\/strong>Sandelin Johan, University of Helsinki\u00a0 (<a href=\"mailto:johan.sandelin@helsinki.fi\">johan.sandelin@helsinki.fi<\/a>)<\/p>\n<p>Since the 1970s, humanity has been in an increasing ecological overshoot, with annual demand on resources now far exceeding Earth\u2019s biocapacity. The highest price for this will be paid by the future generations and the wild animals.<\/p>\n<p>It is often assumed, that democracy somehow could solve the problem. This despite that both international agreements and national political measures so far have failed to revise the trend. This also despite that the future people and animals impossibly could take part in or influence our democratic system which from their perspective could not be anything but a kind of dictatorship.<\/p>\n<p>This paper argues, that how Earth\u2019s natural resources are distributed among the different generations and animal species including human, is an ethical issue which relates to property rights. As virtually no progress has been made in improving upon John Locke\u2019s arguments for natural property rights, it seems that private property\u2014and the right to exclude all others\u2014only can be justifiable as an element in a theory of distributive justice that is democratically grounded. Such a justification is, however, only valid inside the realm of contemporary human. In the broader realm encompassing both contemporary humans, the future generations and other animal species, no justification for property rights, that would give the right to exclude all others, seems available.<\/p>\n<p>This would imply that foremostly usufructuary rights are morally justifiable and that exploitive activities should by law be phased out as soon as alternative more sustainable practices are available\u2014which should actively be sought. Our behavior should be constrained by a legal ethical framework, inside of which democracy and economy could freely flourish.<\/p>\n<p><strong>Dissatisfaction with the United States Democracy<\/strong><\/p>\n<p>Fatemeh Shayan, PhD, assistant professor, University of Isfahan, <a href=\"mailto:f.shayan@ase.ui.ac.ir\">f.shayan@ase.ui.ac.ir<\/a><\/p>\n<p>This paper investigates whether the United States (US) democracy can break under the pressure of the nation\u2019s current events regarding the democracy and future generation, amongst other factors. The economic and health impacts of COVID-19, as well as those of the presidential election\u2019s tensions, remain insufficiently explored. Hence, the analyses in this paper focus on the course of events in the last several years, which overall represent a full-on descent into what is called quiet Australianism. In recent years, many people have taken to the streets to protest against systematic racism and policing for black lives; moreover, when Trump publicly said that he did not accept the election results and stayed in power, it showed just how much the general public\u2019s understanding of democracy has shifted. Trump additionally did not plan the COVID-19 mismanagement crisis that occurred in the US that ultimately disregarded human life and dignity. Many lost their jobs as a result of the pandemic, and it has thrown many working-class people into poverty. The findings reveal that democracy, as an institution, has become dysfunctional, particularly in the US: it has not yet broken but is bending.<\/p>\n<p><strong>EU Energy Integration, Finland and Dependency on Russia<\/strong><\/p>\n<p>Fatemeh Shayan, PhD, assistant professor, University of Isfahan, <a href=\"mailto:f.shayan@ase.ui.ac.ir\">f.shayan@ase.ui.ac.ir<\/a><\/p>\n<p>This study explores natural gas (NG) relationships between Finland and Russia in the Finnish gas market and the European Union (EU) integration. This study will elucidate the policy problems involved in their relationships and thus facilitate development of energy business. The interdisciplinary methodology adopted in this project is grounded in the actor-structure analysis informed by Aalto et al.\u2019s (2012) social structuration. This approach allows examining energy policies of Finland and Russia against the constraints and opportunities that the actors need to consider when making choices. The data required for these analyses will be sourced from 60 expert interviews conducted in both Russia and Finland and EU. A case study based on qualitative analyses and interviews will also be conducted to examine the constraints and opportunities implicit in Finnish and Russian energy policies in the Finnish gas market. The novel contribution of this study stems from the diverse discussions within the fields of international relations, economics, geography and environment, which are interrelated to fully comprehend NG relationships.<\/p>\n<p>The growth in the demand for the natural gas (NG) has been linked to the importance of this energy source, which has prompted a significant increase in the Asian and European inter-regional gas transactions in the recent decade. Conducting this project is necessary, given that most of the extant studies on the subject approached the gas transactions Russia conducted with the European countries such as Germany at a general level and its role on EU integration. Thus, as comprehensive studies are presently lacking, this study aims to fill this gap in the extant knowledge by examining not only their energy relationships in relation to the EU but also compare their policies, find solutions for their constraints in the Finnish gas market and draw a roadmap for development of energy relationships between Finland and Russia in the Finnish gas market.<\/p>\n","protected":false},"excerpt":{"rendered":"<p>Democracy\u2019s crisis has long been predicted by political theorists and sociologists such as Michels,Weber and\u00a0Ortega\u00a0y Gasset. It is thus\u00a0a matter of interpretation whether we see our current and possible (near) future(s)\u00a0as a crisis of unprecendented seriousness.\u00a0 Yet, because of the level of our technological development and globalisation,\u00a0crises\u00a0undeniably\u00a0effect the globe and its inhabitants faster than ever &hellip; <\/p>\n<p class=\"link-more\"><a href=\"https:\/\/blogs2.abo.fi\/statsvetardagarna2021\/democracy-in-motion-future-perspective\/\" class=\"more-link\">Forts\u00e4tt l\u00e4sa<span class=\"screen-reader-text\"> \u201dDemocracy in motion \u2013 future perspective. (Tuesday &amp; Wednesday)\u201d<\/span><\/a><\/p>\n","protected":false},"author":573,"featured_media":0,"parent":0,"menu_order":0,"comment_status":"closed","ping_status":"closed","template":"","meta":{"footnotes":""},"class_list":["post-433","page","type-page","status-publish","hentry"],"_links":{"self":[{"href":"https:\/\/blogs2.abo.fi\/statsvetardagarna2021\/wp-json\/wp\/v2\/pages\/433","targetHints":{"allow":["GET"]}}],"collection":[{"href":"https:\/\/blogs2.abo.fi\/statsvetardagarna2021\/wp-json\/wp\/v2\/pages"}],"about":[{"href":"https:\/\/blogs2.abo.fi\/statsvetardagarna2021\/wp-json\/wp\/v2\/types\/page"}],"author":[{"embeddable":true,"href":"https:\/\/blogs2.abo.fi\/statsvetardagarna2021\/wp-json\/wp\/v2\/users\/573"}],"replies":[{"embeddable":true,"href":"https:\/\/blogs2.abo.fi\/statsvetardagarna2021\/wp-json\/wp\/v2\/comments?post=433"}],"version-history":[{"count":4,"href":"https:\/\/blogs2.abo.fi\/statsvetardagarna2021\/wp-json\/wp\/v2\/pages\/433\/revisions"}],"predecessor-version":[{"id":698,"href":"https:\/\/blogs2.abo.fi\/statsvetardagarna2021\/wp-json\/wp\/v2\/pages\/433\/revisions\/698"}],"wp:attachment":[{"href":"https:\/\/blogs2.abo.fi\/statsvetardagarna2021\/wp-json\/wp\/v2\/media?parent=433"}],"curies":[{"name":"wp","href":"https:\/\/api.w.org\/{rel}","templated":true}]}}